{"id":78,"date":"2021-11-16T09:30:41","date_gmt":"2021-11-16T08:30:41","guid":{"rendered":"http:\/\/www.linder.fr\/?page_id=78"},"modified":"2026-04-21T14:37:20","modified_gmt":"2026-04-21T12:37:20","slug":"flax","status":"publish","type":"page","link":"https:\/\/www.linder.fr\/en\/matieres-naturelles\/lin\/","title":{"rendered":"Flax (linen)"},"content":{"rendered":"<div data-elementor-type=\"wp-page\" data-elementor-id=\"78\" class=\"elementor elementor-78\" data-elementor-post-type=\"page\">\n\t\t\t\t\t\t<section class=\"elementor-section elementor-top-section elementor-element elementor-element-436cd53f elementor-section-height-min-height elementor-section-items-stretch elementor-section-content-middle animated-slow page-intro bg-clair elementor-section-boxed elementor-section-height-default elementor-invisible\" data-id=\"436cd53f\" data-element_type=\"section\" data-settings=\"{&quot;background_background&quot;:&quot;classic&quot;,&quot;animation&quot;:&quot;fadeIn&quot;}\">\n\t\t\t\t\t\t<div class=\"elementor-container elementor-column-gap-default\">\n\t\t\t\t\t<div class=\"elementor-column elementor-col-100 elementor-top-column elementor-element elementor-element-75c114d3\" data-id=\"75c114d3\" data-element_type=\"column\" data-settings=\"{&quot;background_background&quot;:&quot;classic&quot;}\">\n\t\t\t<div class=\"elementor-widget-wrap elementor-element-populated\">\n\t\t\t\t\t<div class=\"elementor-background-overlay\"><\/div>\n\t\t\t\t\t\t<section class=\"elementor-section elementor-inner-section elementor-element elementor-element-5ccd9d8e elementor-section-full_width elementor-section-height-default elementor-section-height-default\" data-id=\"5ccd9d8e\" data-element_type=\"section\">\n\t\t\t\t\t\t<div class=\"elementor-container elementor-column-gap-default\">\n\t\t\t\t\t<div class=\"elementor-column elementor-col-100 elementor-inner-column elementor-element elementor-element-689b1b8d\" data-id=\"689b1b8d\" data-element_type=\"column\">\n\t\t\t<div class=\"elementor-widget-wrap elementor-element-populated\">\n\t\t\t\t\t\t<div class=\"elementor-element elementor-element-35f2410e animated-slow elementor-invisible elementor-widget elementor-widget-heading\" data-id=\"35f2410e\" data-element_type=\"widget\" data-settings=\"{&quot;_animation&quot;:&quot;fadeIn&quot;,&quot;_animation_delay&quot;:150}\" data-widget_type=\"heading.default\">\n\t\t\t\t<div class=\"elementor-widget-container\">\n\t\t\t\t\t<h1 class=\"elementor-heading-title elementor-size-default\">Fabrics made from\nFrench linen<\/h1>\t\t\t\t<\/div>\n\t\t\t\t<\/div>\n\t\t\t\t<div class=\"elementor-element elementor-element-33332aaf animated-slow elementor-invisible elementor-widget elementor-widget-text-editor\" data-id=\"33332aaf\" data-element_type=\"widget\" data-settings=\"{&quot;_animation&quot;:&quot;fadeIn&quot;,&quot;_animation_delay&quot;:300}\" data-widget_type=\"text-editor.default\">\n\t\t\t\t<div class=\"elementor-widget-container\">\n\t\t\t\t\t\t\t\t\t<p>A natural, timeless and environmentally-friendly fibre.<br \/>Flax is a 100% natural fibre, which is farmed sustainably using very little water, little or no fertiliser and no GMOs.<\/p>\t\t\t\t\t\t\t\t<\/div>\n\t\t\t\t<\/div>\n\t\t\t\t<div class=\"elementor-element elementor-element-273768ad elementor-tablet-align-center animated-slow elementor-invisible elementor-widget elementor-widget-button\" data-id=\"273768ad\" data-element_type=\"widget\" data-settings=\"{&quot;_animation&quot;:&quot;fadeIn&quot;,&quot;_animation_delay&quot;:450}\" data-widget_type=\"button.default\">\n\t\t\t\t<div class=\"elementor-widget-container\">\n\t\t\t\t\t\t\t\t\t<div class=\"elementor-button-wrapper\">\n\t\t\t\t\t<a class=\"elementor-button elementor-button-link elementor-size-sm\" href=\"#intro\">\n\t\t\t\t\t\t<span class=\"elementor-button-content-wrapper\">\n\t\t\t\t\t\t\t\t\t<span class=\"elementor-button-text\">Discover<\/span>\n\t\t\t\t\t<\/span>\n\t\t\t\t\t<\/a>\n\t\t\t\t<\/div>\n\t\t\t\t\t\t\t\t<\/div>\n\t\t\t\t<\/div>\n\t\t\t\t\t<\/div>\n\t\t<\/div>\n\t\t\t\t\t<\/div>\n\t\t<\/section>\n\t\t\t\t\t<\/div>\n\t\t<\/div>\n\t\t\t\t\t<\/div>\n\t\t<\/section>\n\t\t\t\t<section class=\"elementor-section elementor-top-section elementor-element elementor-element-3b8be72e elementor-section-content-bottom elementor-section-boxed elementor-section-height-default elementor-section-height-default\" data-id=\"3b8be72e\" data-element_type=\"section\" id=\"intro\">\n\t\t\t\t\t\t<div class=\"elementor-container elementor-column-gap-default\">\n\t\t\t\t\t<div class=\"elementor-column elementor-col-50 elementor-top-column elementor-element elementor-element-2394fa61 animated-slow elementor-invisible\" data-id=\"2394fa61\" data-element_type=\"column\" data-settings=\"{&quot;animation&quot;:&quot;fadeIn&quot;}\">\n\t\t\t<div class=\"elementor-widget-wrap elementor-element-populated\">\n\t\t\t\t\t\t<div class=\"elementor-element elementor-element-5d931fc2 elementor-widget elementor-widget-heading\" data-id=\"5d931fc2\" data-element_type=\"widget\" data-widget_type=\"heading.default\">\n\t\t\t\t<div class=\"elementor-widget-container\">\n\t\t\t\t\t<h2 class=\"elementor-heading-title elementor-size-default\">Grown and harvested in France,<\/h2>\t\t\t\t<\/div>\n\t\t\t\t<\/div>\n\t\t\t\t<div class=\"elementor-element elementor-element-519850c4 gros elementor-widget elementor-widget-text-editor\" data-id=\"519850c4\" data-element_type=\"widget\" data-widget_type=\"text-editor.default\">\n\t\t\t\t<div class=\"elementor-widget-container\">\n\t\t\t\t\t\t\t\t\t<p>The flax used in the manufacture of Linder curtains is covered by quality labels, ensuring perfect traceability (OEKO-TEX\u00ae STANDARD 100, European Flax etc.).<\/p>\t\t\t\t\t\t\t\t<\/div>\n\t\t\t\t<\/div>\n\t\t\t\t<div class=\"elementor-element elementor-element-29b77ee elementor-widget elementor-widget-text-editor\" data-id=\"29b77ee\" data-element_type=\"widget\" data-widget_type=\"text-editor.default\">\n\t\t\t\t<div class=\"elementor-widget-container\">\n\t\t\t\t\t\t\t\t\t<p>It is grown and processed with the utmost care to give it a unique feel and a natural, luminous colour rendition, even after many washes.<\/p>\t\t\t\t\t\t\t\t<\/div>\n\t\t\t\t<\/div>\n\t\t\t\t\t<\/div>\n\t\t<\/div>\n\t\t\t\t<div class=\"elementor-column elementor-col-50 elementor-top-column elementor-element elementor-element-f8ac1af animated-slow elementor-invisible\" data-id=\"f8ac1af\" data-element_type=\"column\" data-settings=\"{&quot;background_background&quot;:&quot;classic&quot;,&quot;animation&quot;:&quot;fadeIn&quot;}\">\n\t\t\t<div class=\"elementor-widget-wrap elementor-element-populated\">\n\t\t\t\t\t\t<div class=\"elementor-element elementor-element-17e237d4 animated-slow elementor-invisible elementor-widget elementor-widget-image\" data-id=\"17e237d4\" data-element_type=\"widget\" data-settings=\"{&quot;_animation&quot;:&quot;fadeIn&quot;,&quot;_animation_delay&quot;:500}\" data-widget_type=\"image.default\">\n\t\t\t\t<div class=\"elementor-widget-container\">\n\t\t\t\t\t\t\t\t\t\t\t\t\t\t\t<img fetchpriority=\"high\" decoding=\"async\" width=\"591\" height=\"800\" src=\"https:\/\/www.linder.fr\/wp-content\/uploads\/ldr_picto_lin.png\" class=\"attachment-full size-full wp-image-7895\" alt=\"\" srcset=\"https:\/\/www.linder.fr\/wp-content\/uploads\/ldr_picto_lin.png 591w, https:\/\/www.linder.fr\/wp-content\/uploads\/ldr_picto_lin-443x600.png 443w, https:\/\/www.linder.fr\/wp-content\/uploads\/ldr_picto_lin-9x12.png 9w\" sizes=\"(max-width: 591px) 100vw, 591px\" \/>\t\t\t\t\t\t\t\t\t\t\t\t\t\t\t<\/div>\n\t\t\t\t<\/div>\n\t\t\t\t<div class=\"elementor-element elementor-element-2c1a980e elementor-invisible elementor-widget elementor-widget-image\" data-id=\"2c1a980e\" data-element_type=\"widget\" data-settings=\"{&quot;_animation&quot;:&quot;fadeInUp&quot;}\" data-widget_type=\"image.default\">\n\t\t\t\t<div class=\"elementor-widget-container\">\n\t\t\t\t\t\t\t\t\t\t\t\t\t\t\t<img decoding=\"async\" width=\"800\" height=\"968\" src=\"https:\/\/www.linder.fr\/wp-content\/uploads\/produit-lin.png\" class=\"attachment-large size-large wp-image-1890\" alt=\"Flax Linder Product\" srcset=\"https:\/\/www.linder.fr\/wp-content\/uploads\/produit-lin.png 800w, https:\/\/www.linder.fr\/wp-content\/uploads\/produit-lin-496x600.png 496w, https:\/\/www.linder.fr\/wp-content\/uploads\/produit-lin-768x929.png 768w\" sizes=\"(max-width: 800px) 100vw, 800px\" \/>\t\t\t\t\t\t\t\t\t\t\t\t\t\t\t<\/div>\n\t\t\t\t<\/div>\n\t\t\t\t\t<\/div>\n\t\t<\/div>\n\t\t\t\t\t<\/div>\n\t\t<\/section>\n\t\t\t\t<section class=\"elementor-section elementor-top-section elementor-element elementor-element-7866eb9d elementor-section-boxed elementor-section-height-default elementor-section-height-default\" data-id=\"7866eb9d\" data-element_type=\"section\">\n\t\t\t\t\t\t<div class=\"elementor-container elementor-column-gap-default\">\n\t\t\t\t\t<div class=\"elementor-column elementor-col-50 elementor-top-column elementor-element elementor-element-7481053e animated-slow elementor-invisible\" data-id=\"7481053e\" data-element_type=\"column\" data-settings=\"{&quot;background_background&quot;:&quot;classic&quot;,&quot;animation&quot;:&quot;fadeIn&quot;}\">\n\t\t\t<div class=\"elementor-widget-wrap elementor-element-populated\">\n\t\t\t\t\t\t<div class=\"elementor-element elementor-element-71d2923c elementor-widget elementor-widget-spacer\" data-id=\"71d2923c\" data-element_type=\"widget\" data-widget_type=\"spacer.default\">\n\t\t\t\t<div class=\"elementor-widget-container\">\n\t\t\t\t\t\t\t<div class=\"elementor-spacer\">\n\t\t\t<div class=\"elementor-spacer-inner\"><\/div>\n\t\t<\/div>\n\t\t\t\t\t\t<\/div>\n\t\t\t\t<\/div>\n\t\t\t\t\t<\/div>\n\t\t<\/div>\n\t\t\t\t<div class=\"elementor-column elementor-col-50 elementor-top-column elementor-element elementor-element-f29a243\" data-id=\"f29a243\" data-element_type=\"column\">\n\t\t\t<div class=\"elementor-widget-wrap elementor-element-populated\">\n\t\t\t\t\t\t<section class=\"elementor-section elementor-inner-section elementor-element elementor-element-4587076b elementor-section-full_width elementor-section-height-default elementor-section-height-default\" data-id=\"4587076b\" data-element_type=\"section\">\n\t\t\t\t\t\t<div class=\"elementor-container elementor-column-gap-default\">\n\t\t\t\t\t<div class=\"elementor-column elementor-col-100 elementor-inner-column elementor-element elementor-element-548d49cc animated-slow elementor-invisible\" data-id=\"548d49cc\" data-element_type=\"column\" data-settings=\"{&quot;background_background&quot;:&quot;classic&quot;,&quot;animation&quot;:&quot;fadeIn&quot;}\">\n\t\t\t<div class=\"elementor-widget-wrap elementor-element-populated\">\n\t\t\t\t\t\t<div class=\"elementor-element elementor-element-74971f88 elementor-widget elementor-widget-spacer\" data-id=\"74971f88\" data-element_type=\"widget\" data-widget_type=\"spacer.default\">\n\t\t\t\t<div class=\"elementor-widget-container\">\n\t\t\t\t\t\t\t<div class=\"elementor-spacer\">\n\t\t\t<div class=\"elementor-spacer-inner\"><\/div>\n\t\t<\/div>\n\t\t\t\t\t\t<\/div>\n\t\t\t\t<\/div>\n\t\t\t\t\t<\/div>\n\t\t<\/div>\n\t\t\t\t\t<\/div>\n\t\t<\/section>\n\t\t\t\t<section class=\"elementor-section elementor-inner-section elementor-element elementor-element-688f1bb4 elementor-section-full_width elementor-section-height-default elementor-section-height-default\" data-id=\"688f1bb4\" data-element_type=\"section\">\n\t\t\t\t\t\t<div class=\"elementor-container elementor-column-gap-default\">\n\t\t\t\t\t<div class=\"elementor-column elementor-col-100 elementor-inner-column elementor-element elementor-element-7fb8ae74 animated-slow elementor-invisible\" data-id=\"7fb8ae74\" data-element_type=\"column\" data-settings=\"{&quot;background_background&quot;:&quot;classic&quot;,&quot;animation&quot;:&quot;fadeIn&quot;,&quot;animation_delay&quot;:300}\">\n\t\t\t<div class=\"elementor-widget-wrap elementor-element-populated\">\n\t\t\t\t\t\t<div class=\"elementor-element elementor-element-e367d7a elementor-widget elementor-widget-spacer\" data-id=\"e367d7a\" data-element_type=\"widget\" data-widget_type=\"spacer.default\">\n\t\t\t\t<div class=\"elementor-widget-container\">\n\t\t\t\t\t\t\t<div class=\"elementor-spacer\">\n\t\t\t<div class=\"elementor-spacer-inner\"><\/div>\n\t\t<\/div>\n\t\t\t\t\t\t<\/div>\n\t\t\t\t<\/div>\n\t\t\t\t\t<\/div>\n\t\t<\/div>\n\t\t\t\t\t<\/div>\n\t\t<\/section>\n\t\t\t\t\t<\/div>\n\t\t<\/div>\n\t\t\t\t\t<\/div>\n\t\t<\/section>\n\t\t\t\t<section class=\"elementor-section elementor-top-section elementor-element elementor-element-4b68223d elementor-section-boxed elementor-section-height-default elementor-section-height-default\" data-id=\"4b68223d\" data-element_type=\"section\">\n\t\t\t\t\t\t<div class=\"elementor-container elementor-column-gap-default\">\n\t\t\t\t\t<div class=\"elementor-column elementor-col-50 elementor-top-column elementor-element elementor-element-78c328f1\" data-id=\"78c328f1\" data-element_type=\"column\">\n\t\t\t<div class=\"elementor-widget-wrap elementor-element-populated\">\n\t\t\t\t\t\t<section class=\"elementor-section elementor-inner-section elementor-element elementor-element-41f66dab elementor-section-full_width elementor-section-height-default elementor-section-height-default\" data-id=\"41f66dab\" data-element_type=\"section\">\n\t\t\t\t\t\t<div class=\"elementor-container elementor-column-gap-default\">\n\t\t\t\t\t<div class=\"elementor-column elementor-col-100 elementor-inner-column elementor-element elementor-element-3fac69e5 animated-slow elementor-invisible\" data-id=\"3fac69e5\" data-element_type=\"column\" data-settings=\"{&quot;background_background&quot;:&quot;classic&quot;,&quot;animation&quot;:&quot;fadeIn&quot;}\">\n\t\t\t<div class=\"elementor-widget-wrap elementor-element-populated\">\n\t\t\t\t\t\t<div class=\"elementor-element elementor-element-2494866f elementor-widget elementor-widget-spacer\" data-id=\"2494866f\" data-element_type=\"widget\" data-widget_type=\"spacer.default\">\n\t\t\t\t<div class=\"elementor-widget-container\">\n\t\t\t\t\t\t\t<div class=\"elementor-spacer\">\n\t\t\t<div class=\"elementor-spacer-inner\"><\/div>\n\t\t<\/div>\n\t\t\t\t\t\t<\/div>\n\t\t\t\t<\/div>\n\t\t\t\t\t<\/div>\n\t\t<\/div>\n\t\t\t\t\t<\/div>\n\t\t<\/section>\n\t\t\t\t\t<\/div>\n\t\t<\/div>\n\t\t\t\t<div class=\"elementor-column elementor-col-50 elementor-top-column elementor-element elementor-element-296288b animated-slow elementor-invisible\" data-id=\"296288b\" data-element_type=\"column\" data-settings=\"{&quot;background_background&quot;:&quot;classic&quot;,&quot;animation&quot;:&quot;fadeIn&quot;}\">\n\t\t\t<div class=\"elementor-widget-wrap elementor-element-populated\">\n\t\t\t\t\t\t<div class=\"elementor-element elementor-element-15299df3 elementor-widget__width-initial elementor-widget elementor-widget-spacer\" data-id=\"15299df3\" data-element_type=\"widget\" data-widget_type=\"spacer.default\">\n\t\t\t\t<div class=\"elementor-widget-container\">\n\t\t\t\t\t\t\t<div class=\"elementor-spacer\">\n\t\t\t<div class=\"elementor-spacer-inner\"><\/div>\n\t\t<\/div>\n\t\t\t\t\t\t<\/div>\n\t\t\t\t<\/div>\n\t\t\t\t\t<\/div>\n\t\t<\/div>\n\t\t\t\t\t<\/div>\n\t\t<\/section>\n\t\t<div class=\"elementor-element elementor-element-553d1bc8 e-flex e-con-boxed e-con e-parent\" data-id=\"553d1bc8\" data-element_type=\"container\">\n\t\t\t\t\t<div class=\"e-con-inner\">\n\t\t\t\t<div class=\"elementor-element elementor-element-f5d9f08 elementor-widget elementor-widget-spacer\" data-id=\"f5d9f08\" data-element_type=\"widget\" data-widget_type=\"spacer.default\">\n\t\t\t\t<div class=\"elementor-widget-container\">\n\t\t\t\t\t\t\t<div class=\"elementor-spacer\">\n\t\t\t<div class=\"elementor-spacer-inner\"><\/div>\n\t\t<\/div>\n\t\t\t\t\t\t<\/div>\n\t\t\t\t<\/div>\n\t\t\t\t\t<\/div>\n\t\t\t\t<\/div>\n\t\t\t\t<\/div>","protected":false},"excerpt":{"rendered":"<p>Tissus en Lin de France Une fibre naturelle, intemporelle et \u00e9cologique .Le lin est une fibre 100% naturelle issue d\u2019une culture raisonn\u00e9e qui n\u00e9cessite tr\u00e8s peu d\u2019eau, peu ou pas d\u2019engrais et aucun OGM. D\u00e9couvrir Cultiv\u00e9 et r\u00e9colt\u00e9 en France, le Lin utilis\u00e9 dans la fabrication des tissus Linder b\u00e9n\u00e9ficie de labels de qualit\u00e9, lui [&hellip;]<\/p>\n","protected":false},"author":1,"featured_media":181,"parent":74,"menu_order":0,"comment_status":"closed","ping_status":"closed","template":"","meta":{"_acf_changed":false,"footnotes":""},"class_list":["post-78","page","type-page","status-publish","has-post-thumbnail","hentry"],"acf":[],"yoast_head":"<!-- This site is optimized with the Yoast SEO plugin v27.2 - https:\/\/yoast.com\/product\/yoast-seo-wordpress\/ -->\n<title>Lin &#060; Linder Tisseur Cr\u00e9ateur Fabricant de tissus, voilages, rideaux, literie, nappage, coussins<\/title>\n<meta name=\"robots\" content=\"index, follow, max-snippet:-1, max-image-preview:large, max-video-preview:-1\" \/>\n<link rel=\"canonical\" href=\"https:\/\/www.linder.fr\/en\/natural-materials\/flax\/\" \/>\n<meta property=\"og:locale\" content=\"en_GB\" \/>\n<meta property=\"og:type\" content=\"article\" \/>\n<meta property=\"og:title\" content=\"Lin &#060; Linder Tisseur Cr\u00e9ateur Fabricant de tissus, voilages, rideaux, literie, nappage, coussins\" \/>\n<meta property=\"og:description\" content=\"Tissus en Lin de France Une fibre naturelle, intemporelle et \u00e9cologique .Le lin est une fibre 100% naturelle issue d\u2019une culture raisonn\u00e9e qui n\u00e9cessite tr\u00e8s peu d\u2019eau, peu ou pas d\u2019engrais et aucun OGM. D\u00e9couvrir Cultiv\u00e9 et r\u00e9colt\u00e9 en France, le Lin utilis\u00e9 dans la fabrication des tissus Linder b\u00e9n\u00e9ficie de labels de qualit\u00e9, lui [&hellip;]\" \/>\n<meta property=\"og:url\" content=\"https:\/\/www.linder.fr\/en\/natural-materials\/flax\/\" \/>\n<meta property=\"og:site_name\" content=\"Linder Tisseur Cr\u00e9ateur Fabricant de tissus, voilages, rideaux, literie, nappage, coussins\" \/>\n<meta property=\"article:modified_time\" content=\"2026-04-21T12:37:20+00:00\" \/>\n<meta property=\"og:image\" content=\"http:\/\/www.linder.fr\/wp-content\/uploads\/thumbnail-lin.jpg\" \/>\n\t<meta property=\"og:image:width\" content=\"800\" \/>\n\t<meta property=\"og:image:height\" content=\"800\" \/>\n\t<meta property=\"og:image:type\" content=\"image\/jpeg\" \/>\n<meta name=\"twitter:card\" content=\"summary_large_image\" \/>\n<meta name=\"twitter:label1\" content=\"Estimated reading time\" \/>\n\t<meta name=\"twitter:data1\" content=\"1 minute\" \/>\n<script type=\"application\/ld+json\" class=\"yoast-schema-graph\">{\"@context\":\"https:\/\/schema.org\",\"@graph\":[{\"@type\":\"WebPage\",\"@id\":\"https:\/\/www.linder.fr\/matieres-naturelles\/lin\/\",\"url\":\"https:\/\/www.linder.fr\/matieres-naturelles\/lin\/\",\"name\":\"Lin &#060; Linder Tisseur Cr\u00e9ateur Fabricant de tissus, voilages, rideaux, literie, nappage, coussins\",\"isPartOf\":{\"@id\":\"https:\/\/www.linder.fr\/#website\"},\"primaryImageOfPage\":{\"@id\":\"https:\/\/www.linder.fr\/matieres-naturelles\/lin\/#primaryimage\"},\"image\":{\"@id\":\"https:\/\/www.linder.fr\/matieres-naturelles\/lin\/#primaryimage\"},\"thumbnailUrl\":\"https:\/\/www.linder.fr\/wp-content\/uploads\/thumbnail-lin.jpg\",\"datePublished\":\"2021-11-16T08:30:41+00:00\",\"dateModified\":\"2026-04-21T12:37:20+00:00\",\"breadcrumb\":{\"@id\":\"https:\/\/www.linder.fr\/matieres-naturelles\/lin\/#breadcrumb\"},\"inLanguage\":\"en-GB\",\"potentialAction\":[{\"@type\":\"ReadAction\",\"target\":[\"https:\/\/www.linder.fr\/matieres-naturelles\/lin\/\"]}]},{\"@type\":\"ImageObject\",\"inLanguage\":\"en-GB\",\"@id\":\"https:\/\/www.linder.fr\/matieres-naturelles\/lin\/#primaryimage\",\"url\":\"https:\/\/www.linder.fr\/wp-content\/uploads\/thumbnail-lin.jpg\",\"contentUrl\":\"https:\/\/www.linder.fr\/wp-content\/uploads\/thumbnail-lin.jpg\",\"width\":800,\"height\":800,\"caption\":\"Linder, tisseur cr\u00e9ateur - Mati\u00e8res naturelles - Lin\"},{\"@type\":\"BreadcrumbList\",\"@id\":\"https:\/\/www.linder.fr\/matieres-naturelles\/lin\/#breadcrumb\",\"itemListElement\":[{\"@type\":\"ListItem\",\"position\":1,\"name\":\"Linder\",\"item\":\"https:\/\/www.linder.fr\/\"},{\"@type\":\"ListItem\",\"position\":2,\"name\":\"Mati\u00e8res naturelles\",\"item\":\"https:\/\/www.linder.fr\/matieres-naturelles\/\"},{\"@type\":\"ListItem\",\"position\":3,\"name\":\"Lin\"}]},{\"@type\":\"WebSite\",\"@id\":\"https:\/\/www.linder.fr\/#website\",\"url\":\"https:\/\/www.linder.fr\/\",\"name\":\"Linder Tisseur Cr\u00e9ateur Fabricant de tissus, voilages, rideaux, literie, nappage, coussins\",\"description\":\"Linder est un Tisseur Cr\u00e9ateur Fran\u00e7ais Fabricant de tissus, voilages, rideaux, nappages, literie et housses de coussins install\u00e9 dans la Loire depuis 1904. Linder le textile &quot;Made in France&quot;\",\"publisher\":{\"@id\":\"https:\/\/www.linder.fr\/#organization\"},\"potentialAction\":[{\"@type\":\"SearchAction\",\"target\":{\"@type\":\"EntryPoint\",\"urlTemplate\":\"https:\/\/www.linder.fr\/?s={search_term_string}\"},\"query-input\":{\"@type\":\"PropertyValueSpecification\",\"valueRequired\":true,\"valueName\":\"search_term_string\"}}],\"inLanguage\":\"en-GB\"},{\"@type\":\"Organization\",\"@id\":\"https:\/\/www.linder.fr\/#organization\",\"name\":\"Linder\",\"url\":\"https:\/\/www.linder.fr\/\",\"logo\":{\"@type\":\"ImageObject\",\"inLanguage\":\"en-GB\",\"@id\":\"https:\/\/www.linder.fr\/#\/schema\/logo\/image\/\",\"url\":\"https:\/\/www.linder.fr\/wp-content\/uploads\/logo-linder.png\",\"contentUrl\":\"https:\/\/www.linder.fr\/wp-content\/uploads\/logo-linder.png\",\"width\":800,\"height\":347,\"caption\":\"Linder\"},\"image\":{\"@id\":\"https:\/\/www.linder.fr\/#\/schema\/logo\/image\/\"}}]}<\/script>\n<!-- \/ Yoast SEO plugin. -->","yoast_head_json":{"title":"Lin &#060; Linder Tisseur Cr\u00e9ateur Fabricant de tissus, voilages, rideaux, literie, nappage, coussins","robots":{"index":"index","follow":"follow","max-snippet":"max-snippet:-1","max-image-preview":"max-image-preview:large","max-video-preview":"max-video-preview:-1"},"canonical":"https:\/\/www.linder.fr\/en\/natural-materials\/flax\/","og_locale":"en_GB","og_type":"article","og_title":"Lin &#060; Linder Tisseur Cr\u00e9ateur Fabricant de tissus, voilages, rideaux, literie, nappage, coussins","og_description":"Tissus en Lin de France Une fibre naturelle, intemporelle et \u00e9cologique .Le lin est une fibre 100% naturelle issue d\u2019une culture raisonn\u00e9e qui n\u00e9cessite tr\u00e8s peu d\u2019eau, peu ou pas d\u2019engrais et aucun OGM. D\u00e9couvrir Cultiv\u00e9 et r\u00e9colt\u00e9 en France, le Lin utilis\u00e9 dans la fabrication des tissus Linder b\u00e9n\u00e9ficie de labels de qualit\u00e9, lui [&hellip;]","og_url":"https:\/\/www.linder.fr\/en\/natural-materials\/flax\/","og_site_name":"Linder Tisseur Cr\u00e9ateur Fabricant de tissus, voilages, rideaux, literie, nappage, coussins","article_modified_time":"2026-04-21T12:37:20+00:00","og_image":[{"width":800,"height":800,"url":"http:\/\/www.linder.fr\/wp-content\/uploads\/thumbnail-lin.jpg","type":"image\/jpeg"}],"twitter_card":"summary_large_image","twitter_misc":{"Estimated reading time":"1 minute"},"schema":{"@context":"https:\/\/schema.org","@graph":[{"@type":"WebPage","@id":"https:\/\/www.linder.fr\/matieres-naturelles\/lin\/","url":"https:\/\/www.linder.fr\/matieres-naturelles\/lin\/","name":"Lin &#060; Linder Tisseur Cr\u00e9ateur Fabricant de tissus, voilages, rideaux, literie, nappage, coussins","isPartOf":{"@id":"https:\/\/www.linder.fr\/#website"},"primaryImageOfPage":{"@id":"https:\/\/www.linder.fr\/matieres-naturelles\/lin\/#primaryimage"},"image":{"@id":"https:\/\/www.linder.fr\/matieres-naturelles\/lin\/#primaryimage"},"thumbnailUrl":"https:\/\/www.linder.fr\/wp-content\/uploads\/thumbnail-lin.jpg","datePublished":"2021-11-16T08:30:41+00:00","dateModified":"2026-04-21T12:37:20+00:00","breadcrumb":{"@id":"https:\/\/www.linder.fr\/matieres-naturelles\/lin\/#breadcrumb"},"inLanguage":"en-GB","potentialAction":[{"@type":"ReadAction","target":["https:\/\/www.linder.fr\/matieres-naturelles\/lin\/"]}]},{"@type":"ImageObject","inLanguage":"en-GB","@id":"https:\/\/www.linder.fr\/matieres-naturelles\/lin\/#primaryimage","url":"https:\/\/www.linder.fr\/wp-content\/uploads\/thumbnail-lin.jpg","contentUrl":"https:\/\/www.linder.fr\/wp-content\/uploads\/thumbnail-lin.jpg","width":800,"height":800,"caption":"Linder, tisseur cr\u00e9ateur - Mati\u00e8res naturelles - Lin"},{"@type":"BreadcrumbList","@id":"https:\/\/www.linder.fr\/matieres-naturelles\/lin\/#breadcrumb","itemListElement":[{"@type":"ListItem","position":1,"name":"Linder","item":"https:\/\/www.linder.fr\/"},{"@type":"ListItem","position":2,"name":"Mati\u00e8res naturelles","item":"https:\/\/www.linder.fr\/matieres-naturelles\/"},{"@type":"ListItem","position":3,"name":"Lin"}]},{"@type":"WebSite","@id":"https:\/\/www.linder.fr\/#website","url":"https:\/\/www.linder.fr\/","name":"Linder Tisseur Cr\u00e9ateur Fabricant de tissus, voilages, rideaux, literie, nappage, coussins","description":"Linder est un Tisseur Cr\u00e9ateur Fran\u00e7ais Fabricant de tissus, voilages, rideaux, nappages, literie et housses de coussins install\u00e9 dans la Loire depuis 1904. Linder le textile &quot;Made in France&quot;","publisher":{"@id":"https:\/\/www.linder.fr\/#organization"},"potentialAction":[{"@type":"SearchAction","target":{"@type":"EntryPoint","urlTemplate":"https:\/\/www.linder.fr\/?s={search_term_string}"},"query-input":{"@type":"PropertyValueSpecification","valueRequired":true,"valueName":"search_term_string"}}],"inLanguage":"en-GB"},{"@type":"Organization","@id":"https:\/\/www.linder.fr\/#organization","name":"Linder","url":"https:\/\/www.linder.fr\/","logo":{"@type":"ImageObject","inLanguage":"en-GB","@id":"https:\/\/www.linder.fr\/#\/schema\/logo\/image\/","url":"https:\/\/www.linder.fr\/wp-content\/uploads\/logo-linder.png","contentUrl":"https:\/\/www.linder.fr\/wp-content\/uploads\/logo-linder.png","width":800,"height":347,"caption":"Linder"},"image":{"@id":"https:\/\/www.linder.fr\/#\/schema\/logo\/image\/"}}]}},"_links":{"self":[{"href":"https:\/\/www.linder.fr\/en\/wp-json\/wp\/v2\/pages\/78","targetHints":{"allow":["GET"]}}],"collection":[{"href":"https:\/\/www.linder.fr\/en\/wp-json\/wp\/v2\/pages"}],"about":[{"href":"https:\/\/www.linder.fr\/en\/wp-json\/wp\/v2\/types\/page"}],"author":[{"embeddable":true,"href":"https:\/\/www.linder.fr\/en\/wp-json\/wp\/v2\/users\/1"}],"replies":[{"embeddable":true,"href":"https:\/\/www.linder.fr\/en\/wp-json\/wp\/v2\/comments?post=78"}],"version-history":[{"count":91,"href":"https:\/\/www.linder.fr\/en\/wp-json\/wp\/v2\/pages\/78\/revisions"}],"predecessor-version":[{"id":11693,"href":"https:\/\/www.linder.fr\/en\/wp-json\/wp\/v2\/pages\/78\/revisions\/11693"}],"up":[{"embeddable":true,"href":"https:\/\/www.linder.fr\/en\/wp-json\/wp\/v2\/pages\/74"}],"wp:featuredmedia":[{"embeddable":true,"href":"https:\/\/www.linder.fr\/en\/wp-json\/wp\/v2\/media\/181"}],"wp:attachment":[{"href":"https:\/\/www.linder.fr\/en\/wp-json\/wp\/v2\/media?parent=78"}],"curies":[{"name":"wp","href":"https:\/\/api.w.org\/{rel}","templated":true}]}}