{"id":76,"date":"2021-11-16T09:30:27","date_gmt":"2021-11-16T08:30:27","guid":{"rendered":"http:\/\/www.linder.fr\/?page_id=76"},"modified":"2025-09-02T14:07:28","modified_gmt":"2025-09-02T12:07:28","slug":"hemp","status":"publish","type":"page","link":"https:\/\/www.linder.fr\/en\/matieres-naturelles\/chanvre\/","title":{"rendered":"Hemp"},"content":{"rendered":"<div data-elementor-type=\"wp-page\" data-elementor-id=\"76\" class=\"elementor elementor-76\" data-elementor-post-type=\"page\">\n\t\t\t\t\t\t<section class=\"elementor-section elementor-top-section elementor-element elementor-element-7c02f8e1 elementor-section-height-min-height elementor-section-items-stretch elementor-section-content-middle animated-slow page-intro elementor-section-boxed elementor-section-height-default elementor-invisible\" data-id=\"7c02f8e1\" data-element_type=\"section\" data-settings=\"{&quot;background_background&quot;:&quot;classic&quot;,&quot;animation&quot;:&quot;fadeIn&quot;}\">\n\t\t\t\t\t\t<div class=\"elementor-container elementor-column-gap-default\">\n\t\t\t\t\t<div class=\"elementor-column elementor-col-100 elementor-top-column elementor-element elementor-element-60fc22f4\" data-id=\"60fc22f4\" data-element_type=\"column\" data-settings=\"{&quot;background_background&quot;:&quot;classic&quot;}\">\n\t\t\t<div class=\"elementor-widget-wrap elementor-element-populated\">\n\t\t\t\t\t<div class=\"elementor-background-overlay\"><\/div>\n\t\t\t\t\t\t<section class=\"elementor-section elementor-inner-section elementor-element elementor-element-49a61f8a elementor-section-full_width elementor-section-height-default elementor-section-height-default\" data-id=\"49a61f8a\" data-element_type=\"section\">\n\t\t\t\t\t\t<div class=\"elementor-container elementor-column-gap-default\">\n\t\t\t\t\t<div class=\"elementor-column elementor-col-100 elementor-inner-column elementor-element elementor-element-5defe9f8\" data-id=\"5defe9f8\" data-element_type=\"column\">\n\t\t\t<div class=\"elementor-widget-wrap elementor-element-populated\">\n\t\t\t\t\t\t<div class=\"elementor-element elementor-element-15a0684b animated-slow elementor-invisible elementor-widget elementor-widget-heading\" data-id=\"15a0684b\" data-element_type=\"widget\" data-settings=\"{&quot;_animation&quot;:&quot;fadeIn&quot;,&quot;_animation_delay&quot;:150}\" data-widget_type=\"heading.default\">\n\t\t\t\t<div class=\"elementor-widget-container\">\n\t\t\t\t\t<h1 class=\"elementor-heading-title elementor-size-default\">Hemp<\/h1>\t\t\t\t<\/div>\n\t\t\t\t<\/div>\n\t\t\t\t<div class=\"elementor-element elementor-element-7f6e4b3b animated-slow elementor-invisible elementor-widget elementor-widget-text-editor\" data-id=\"7f6e4b3b\" data-element_type=\"widget\" data-settings=\"{&quot;_animation&quot;:&quot;fadeIn&quot;,&quot;_animation_delay&quot;:300}\" data-widget_type=\"text-editor.default\">\n\t\t\t\t<div class=\"elementor-widget-container\">\n\t\t\t\t\t\t\t\t\t<p>A fibre with hidden properties!\u00a0<br \/>Linder has chosen to use quality hemp grown in France.<\/p>\t\t\t\t\t\t\t\t<\/div>\n\t\t\t\t<\/div>\n\t\t\t\t<div class=\"elementor-element elementor-element-260cd06e elementor-tablet-align-center btn-clair animated-slow elementor-invisible elementor-widget elementor-widget-button\" data-id=\"260cd06e\" data-element_type=\"widget\" data-settings=\"{&quot;_animation&quot;:&quot;fadeIn&quot;,&quot;_animation_delay&quot;:450}\" data-widget_type=\"button.default\">\n\t\t\t\t<div class=\"elementor-widget-container\">\n\t\t\t\t\t\t\t\t\t<div class=\"elementor-button-wrapper\">\n\t\t\t\t\t<a class=\"elementor-button elementor-button-link elementor-size-sm\" href=\"#intro\">\n\t\t\t\t\t\t<span class=\"elementor-button-content-wrapper\">\n\t\t\t\t\t\t\t\t\t<span class=\"elementor-button-text\">Discover<\/span>\n\t\t\t\t\t<\/span>\n\t\t\t\t\t<\/a>\n\t\t\t\t<\/div>\n\t\t\t\t\t\t\t\t<\/div>\n\t\t\t\t<\/div>\n\t\t\t\t\t<\/div>\n\t\t<\/div>\n\t\t\t\t\t<\/div>\n\t\t<\/section>\n\t\t\t\t\t<\/div>\n\t\t<\/div>\n\t\t\t\t\t<\/div>\n\t\t<\/section>\n\t\t\t\t<section class=\"elementor-section elementor-top-section elementor-element elementor-element-355fac1b elementor-section-content-bottom elementor-section-boxed elementor-section-height-default elementor-section-height-default\" data-id=\"355fac1b\" data-element_type=\"section\" id=\"intro\">\n\t\t\t\t\t\t<div class=\"elementor-container elementor-column-gap-default\">\n\t\t\t\t\t<div class=\"elementor-column elementor-col-50 elementor-top-column elementor-element elementor-element-6c587b6 animated-slow elementor-invisible\" data-id=\"6c587b6\" data-element_type=\"column\" data-settings=\"{&quot;animation&quot;:&quot;fadeIn&quot;}\">\n\t\t\t<div class=\"elementor-widget-wrap elementor-element-populated\">\n\t\t\t\t\t\t<div class=\"elementor-element elementor-element-197af6aa elementor-widget elementor-widget-heading\" data-id=\"197af6aa\" data-element_type=\"widget\" data-widget_type=\"heading.default\">\n\t\t\t\t<div class=\"elementor-widget-container\">\n\t\t\t\t\t<h2 class=\"elementor-heading-title elementor-size-default\">Hemp is the strongest natural plant fibre there is.<\/h2>\t\t\t\t<\/div>\n\t\t\t\t<\/div>\n\t\t\t\t<div class=\"elementor-element elementor-element-39b1564a gros elementor-widget elementor-widget-text-editor\" data-id=\"39b1564a\" data-element_type=\"widget\" data-widget_type=\"text-editor.default\">\n\t\t\t\t<div class=\"elementor-widget-container\">\n\t\t\t\t\t\t\t\t\t<p>Long overlooked in home d\u00e9cor, its natural appearance now means that it is right on trend.<\/p>\t\t\t\t\t\t\t\t<\/div>\n\t\t\t\t<\/div>\n\t\t\t\t<div class=\"elementor-element elementor-element-4da94603 elementor-widget elementor-widget-text-editor\" data-id=\"4da94603\" data-element_type=\"widget\" data-widget_type=\"text-editor.default\">\n\t\t\t\t<div class=\"elementor-widget-container\">\n\t\t\t\t\t\t\t\t\t<p>The cultivation of hemp is environmentally friendly and requires even less water than cotton or linen.<\/p>\n<p>It is an effective insulator, regulates temperature and protects against UV rays. Naturally antibacterial, hemp limits or even stops the proliferation of certain bacteria and fungi.<\/p>\t\t\t\t\t\t\t\t<\/div>\n\t\t\t\t<\/div>\n\t\t\t\t\t<\/div>\n\t\t<\/div>\n\t\t\t\t<div class=\"elementor-column elementor-col-50 elementor-top-column elementor-element elementor-element-7a924b2 animated-slow elementor-invisible\" data-id=\"7a924b2\" data-element_type=\"column\" data-settings=\"{&quot;background_background&quot;:&quot;classic&quot;,&quot;animation&quot;:&quot;fadeIn&quot;}\">\n\t\t\t<div class=\"elementor-widget-wrap elementor-element-populated\">\n\t\t\t\t\t\t<div class=\"elementor-element elementor-element-c6a7284 animated-slow elementor-invisible elementor-widget elementor-widget-image\" data-id=\"c6a7284\" data-element_type=\"widget\" data-settings=\"{&quot;_animation&quot;:&quot;fadeIn&quot;,&quot;_animation_delay&quot;:500}\" data-widget_type=\"image.default\">\n\t\t\t\t<div class=\"elementor-widget-container\">\n\t\t\t\t\t\t\t\t\t\t\t\t\t\t\t<img fetchpriority=\"high\" decoding=\"async\" width=\"591\" height=\"800\" src=\"https:\/\/www.linder.fr\/wp-content\/uploads\/ldr_picto_chanvre.png\" class=\"attachment-full size-full wp-image-7894\" alt=\"\" srcset=\"https:\/\/www.linder.fr\/wp-content\/uploads\/ldr_picto_chanvre.png 591w, https:\/\/www.linder.fr\/wp-content\/uploads\/ldr_picto_chanvre-443x600.png 443w, https:\/\/www.linder.fr\/wp-content\/uploads\/ldr_picto_chanvre-9x12.png 9w\" sizes=\"(max-width: 591px) 100vw, 591px\" \/>\t\t\t\t\t\t\t\t\t\t\t\t\t\t\t<\/div>\n\t\t\t\t<\/div>\n\t\t\t\t<div class=\"elementor-element elementor-element-122ba290 elementor-invisible elementor-widget elementor-widget-image\" data-id=\"122ba290\" data-element_type=\"widget\" data-settings=\"{&quot;_animation&quot;:&quot;fadeInUp&quot;}\" data-widget_type=\"image.default\">\n\t\t\t\t<div class=\"elementor-widget-container\">\n\t\t\t\t\t\t\t\t\t\t\t\t\t\t\t<img decoding=\"async\" width=\"800\" height=\"968\" src=\"https:\/\/www.linder.fr\/wp-content\/uploads\/produit-chanvre.png\" class=\"attachment-large size-large wp-image-1889\" alt=\"Hemp Linder Product\" srcset=\"https:\/\/www.linder.fr\/wp-content\/uploads\/produit-chanvre.png 800w, https:\/\/www.linder.fr\/wp-content\/uploads\/produit-chanvre-496x600.png 496w, https:\/\/www.linder.fr\/wp-content\/uploads\/produit-chanvre-768x929.png 768w\" sizes=\"(max-width: 800px) 100vw, 800px\" \/>\t\t\t\t\t\t\t\t\t\t\t\t\t\t\t<\/div>\n\t\t\t\t<\/div>\n\t\t\t\t\t<\/div>\n\t\t<\/div>\n\t\t\t\t\t<\/div>\n\t\t<\/section>\n\t\t\t\t<section class=\"elementor-section elementor-top-section elementor-element elementor-element-44e55612 elementor-section-boxed elementor-section-height-default elementor-section-height-default\" data-id=\"44e55612\" data-element_type=\"section\">\n\t\t\t\t\t\t<div class=\"elementor-container elementor-column-gap-default\">\n\t\t\t\t\t<div class=\"elementor-column elementor-col-50 elementor-top-column elementor-element elementor-element-3776b98d animated-slow elementor-invisible\" data-id=\"3776b98d\" data-element_type=\"column\" data-settings=\"{&quot;background_background&quot;:&quot;classic&quot;,&quot;animation&quot;:&quot;fadeIn&quot;}\">\n\t\t\t<div class=\"elementor-widget-wrap elementor-element-populated\">\n\t\t\t\t\t\t<div class=\"elementor-element elementor-element-27aa8079 elementor-widget elementor-widget-spacer\" data-id=\"27aa8079\" data-element_type=\"widget\" data-widget_type=\"spacer.default\">\n\t\t\t\t<div class=\"elementor-widget-container\">\n\t\t\t\t\t\t\t<div class=\"elementor-spacer\">\n\t\t\t<div class=\"elementor-spacer-inner\"><\/div>\n\t\t<\/div>\n\t\t\t\t\t\t<\/div>\n\t\t\t\t<\/div>\n\t\t\t\t\t<\/div>\n\t\t<\/div>\n\t\t\t\t<div class=\"elementor-column elementor-col-50 elementor-top-column elementor-element elementor-element-7248142a\" data-id=\"7248142a\" data-element_type=\"column\">\n\t\t\t<div class=\"elementor-widget-wrap elementor-element-populated\">\n\t\t\t\t\t\t<section class=\"elementor-section elementor-inner-section elementor-element elementor-element-8c887ab elementor-section-full_width elementor-section-height-default elementor-section-height-default\" data-id=\"8c887ab\" data-element_type=\"section\">\n\t\t\t\t\t\t<div class=\"elementor-container elementor-column-gap-default\">\n\t\t\t\t\t<div class=\"elementor-column elementor-col-100 elementor-inner-column elementor-element elementor-element-4fe5b2d animated-slow elementor-invisible\" data-id=\"4fe5b2d\" data-element_type=\"column\" data-settings=\"{&quot;background_background&quot;:&quot;classic&quot;,&quot;animation&quot;:&quot;fadeIn&quot;}\">\n\t\t\t<div class=\"elementor-widget-wrap elementor-element-populated\">\n\t\t\t\t\t\t<div class=\"elementor-element elementor-element-7de0ca0 elementor-widget elementor-widget-spacer\" data-id=\"7de0ca0\" data-element_type=\"widget\" data-widget_type=\"spacer.default\">\n\t\t\t\t<div class=\"elementor-widget-container\">\n\t\t\t\t\t\t\t<div class=\"elementor-spacer\">\n\t\t\t<div class=\"elementor-spacer-inner\"><\/div>\n\t\t<\/div>\n\t\t\t\t\t\t<\/div>\n\t\t\t\t<\/div>\n\t\t\t\t\t<\/div>\n\t\t<\/div>\n\t\t\t\t\t<\/div>\n\t\t<\/section>\n\t\t\t\t<section class=\"elementor-section elementor-inner-section elementor-element elementor-element-66e0621 elementor-section-full_width elementor-section-height-default elementor-section-height-default\" data-id=\"66e0621\" data-element_type=\"section\">\n\t\t\t\t\t\t<div class=\"elementor-container elementor-column-gap-default\">\n\t\t\t\t\t<div class=\"elementor-column elementor-col-100 elementor-inner-column elementor-element elementor-element-e9f5639 animated-slow elementor-invisible\" data-id=\"e9f5639\" data-element_type=\"column\" data-settings=\"{&quot;background_background&quot;:&quot;classic&quot;,&quot;animation&quot;:&quot;fadeIn&quot;,&quot;animation_delay&quot;:300}\">\n\t\t\t<div class=\"elementor-widget-wrap elementor-element-populated\">\n\t\t\t\t\t\t<div class=\"elementor-element elementor-element-88cd300 elementor-widget elementor-widget-spacer\" data-id=\"88cd300\" data-element_type=\"widget\" data-widget_type=\"spacer.default\">\n\t\t\t\t<div class=\"elementor-widget-container\">\n\t\t\t\t\t\t\t<div class=\"elementor-spacer\">\n\t\t\t<div class=\"elementor-spacer-inner\"><\/div>\n\t\t<\/div>\n\t\t\t\t\t\t<\/div>\n\t\t\t\t<\/div>\n\t\t\t\t\t<\/div>\n\t\t<\/div>\n\t\t\t\t\t<\/div>\n\t\t<\/section>\n\t\t\t\t\t<\/div>\n\t\t<\/div>\n\t\t\t\t\t<\/div>\n\t\t<\/section>\n\t\t\t\t<\/div>","protected":false},"excerpt":{"rendered":"<p>Chanvre Une fibre aux propri\u00e9t\u00e9s insoup\u00e7onn\u00e9es !\u00a0Linder a fait le choix d&rsquo;utiliser du chanvre de qualit\u00e9, cultiv\u00e9 en France. D\u00e9couvrir Le chanvre est la fibre v\u00e9g\u00e9tale naturelle la plus r\u00e9sistante. Longtemps ignor\u00e9 dans l\u2019univers de la maison, son aspect naturel lui ouvre aujourd\u2019hui les portes de la d\u00e9coration tendance. Ecologique, la culture du Chanvre n\u00e9cessite [&hellip;]<\/p>\n","protected":false},"author":1,"featured_media":168,"parent":74,"menu_order":0,"comment_status":"closed","ping_status":"closed","template":"elementor_header_footer","meta":{"_acf_changed":false,"footnotes":""},"class_list":["post-76","page","type-page","status-publish","has-post-thumbnail","hentry"],"acf":[],"yoast_head":"<!-- This site is optimized with the Yoast SEO plugin v27.2 - https:\/\/yoast.com\/product\/yoast-seo-wordpress\/ -->\n<title>Chanvre &#060; Linder Tisseur Cr\u00e9ateur Fabricant de tissus, voilages, rideaux, literie, nappage, coussins<\/title>\n<meta name=\"robots\" content=\"index, follow, max-snippet:-1, max-image-preview:large, max-video-preview:-1\" \/>\n<link rel=\"canonical\" href=\"https:\/\/www.linder.fr\/en\/natural-materials\/hemp\/\" \/>\n<meta property=\"og:locale\" content=\"en_GB\" \/>\n<meta property=\"og:type\" content=\"article\" \/>\n<meta property=\"og:title\" content=\"Chanvre &#060; Linder Tisseur Cr\u00e9ateur Fabricant de tissus, voilages, rideaux, literie, nappage, coussins\" \/>\n<meta property=\"og:description\" content=\"Chanvre Une fibre aux propri\u00e9t\u00e9s insoup\u00e7onn\u00e9es !\u00a0Linder a fait le choix d&rsquo;utiliser du chanvre de qualit\u00e9, cultiv\u00e9 en France. D\u00e9couvrir Le chanvre est la fibre v\u00e9g\u00e9tale naturelle la plus r\u00e9sistante. Longtemps ignor\u00e9 dans l\u2019univers de la maison, son aspect naturel lui ouvre aujourd\u2019hui les portes de la d\u00e9coration tendance. Ecologique, la culture du Chanvre n\u00e9cessite [&hellip;]\" \/>\n<meta property=\"og:url\" content=\"https:\/\/www.linder.fr\/en\/natural-materials\/hemp\/\" \/>\n<meta property=\"og:site_name\" content=\"Linder Tisseur Cr\u00e9ateur Fabricant de tissus, voilages, rideaux, literie, nappage, coussins\" \/>\n<meta property=\"article:modified_time\" content=\"2025-09-02T12:07:28+00:00\" \/>\n<meta property=\"og:image\" content=\"http:\/\/www.linder.fr\/wp-content\/uploads\/thumbnail-chanvre.jpg\" \/>\n\t<meta property=\"og:image:width\" content=\"800\" \/>\n\t<meta property=\"og:image:height\" content=\"800\" \/>\n\t<meta property=\"og:image:type\" content=\"image\/jpeg\" \/>\n<meta name=\"twitter:card\" content=\"summary_large_image\" \/>\n<meta name=\"twitter:label1\" content=\"Estimated reading time\" \/>\n\t<meta name=\"twitter:data1\" content=\"1 minute\" \/>\n<script type=\"application\/ld+json\" class=\"yoast-schema-graph\">{\"@context\":\"https:\/\/schema.org\",\"@graph\":[{\"@type\":\"WebPage\",\"@id\":\"https:\/\/www.linder.fr\/matieres-naturelles\/chanvre\/\",\"url\":\"https:\/\/www.linder.fr\/matieres-naturelles\/chanvre\/\",\"name\":\"Chanvre &#060; Linder Tisseur Cr\u00e9ateur Fabricant de tissus, voilages, rideaux, literie, nappage, coussins\",\"isPartOf\":{\"@id\":\"https:\/\/www.linder.fr\/#website\"},\"primaryImageOfPage\":{\"@id\":\"https:\/\/www.linder.fr\/matieres-naturelles\/chanvre\/#primaryimage\"},\"image\":{\"@id\":\"https:\/\/www.linder.fr\/matieres-naturelles\/chanvre\/#primaryimage\"},\"thumbnailUrl\":\"https:\/\/www.linder.fr\/wp-content\/uploads\/thumbnail-chanvre.jpg\",\"datePublished\":\"2021-11-16T08:30:27+00:00\",\"dateModified\":\"2025-09-02T12:07:28+00:00\",\"breadcrumb\":{\"@id\":\"https:\/\/www.linder.fr\/matieres-naturelles\/chanvre\/#breadcrumb\"},\"inLanguage\":\"en-GB\",\"potentialAction\":[{\"@type\":\"ReadAction\",\"target\":[\"https:\/\/www.linder.fr\/matieres-naturelles\/chanvre\/\"]}]},{\"@type\":\"ImageObject\",\"inLanguage\":\"en-GB\",\"@id\":\"https:\/\/www.linder.fr\/matieres-naturelles\/chanvre\/#primaryimage\",\"url\":\"https:\/\/www.linder.fr\/wp-content\/uploads\/thumbnail-chanvre.jpg\",\"contentUrl\":\"https:\/\/www.linder.fr\/wp-content\/uploads\/thumbnail-chanvre.jpg\",\"width\":800,\"height\":800,\"caption\":\"Linder, tisseur cr\u00e9ateur - Mati\u00e8res naturelles - Chanvre\"},{\"@type\":\"BreadcrumbList\",\"@id\":\"https:\/\/www.linder.fr\/matieres-naturelles\/chanvre\/#breadcrumb\",\"itemListElement\":[{\"@type\":\"ListItem\",\"position\":1,\"name\":\"Linder\",\"item\":\"https:\/\/www.linder.fr\/\"},{\"@type\":\"ListItem\",\"position\":2,\"name\":\"Mati\u00e8res naturelles\",\"item\":\"https:\/\/www.linder.fr\/matieres-naturelles\/\"},{\"@type\":\"ListItem\",\"position\":3,\"name\":\"Chanvre\"}]},{\"@type\":\"WebSite\",\"@id\":\"https:\/\/www.linder.fr\/#website\",\"url\":\"https:\/\/www.linder.fr\/\",\"name\":\"Linder Tisseur Cr\u00e9ateur Fabricant de tissus, voilages, rideaux, literie, nappage, coussins\",\"description\":\"Linder est un Tisseur Cr\u00e9ateur Fran\u00e7ais Fabricant de tissus, voilages, rideaux, nappages, literie et housses de coussins install\u00e9 dans la Loire depuis 1904. Linder le textile &quot;Made in France&quot;\",\"publisher\":{\"@id\":\"https:\/\/www.linder.fr\/#organization\"},\"potentialAction\":[{\"@type\":\"SearchAction\",\"target\":{\"@type\":\"EntryPoint\",\"urlTemplate\":\"https:\/\/www.linder.fr\/?s={search_term_string}\"},\"query-input\":{\"@type\":\"PropertyValueSpecification\",\"valueRequired\":true,\"valueName\":\"search_term_string\"}}],\"inLanguage\":\"en-GB\"},{\"@type\":\"Organization\",\"@id\":\"https:\/\/www.linder.fr\/#organization\",\"name\":\"Linder\",\"url\":\"https:\/\/www.linder.fr\/\",\"logo\":{\"@type\":\"ImageObject\",\"inLanguage\":\"en-GB\",\"@id\":\"https:\/\/www.linder.fr\/#\/schema\/logo\/image\/\",\"url\":\"https:\/\/www.linder.fr\/wp-content\/uploads\/logo-linder.png\",\"contentUrl\":\"https:\/\/www.linder.fr\/wp-content\/uploads\/logo-linder.png\",\"width\":800,\"height\":347,\"caption\":\"Linder\"},\"image\":{\"@id\":\"https:\/\/www.linder.fr\/#\/schema\/logo\/image\/\"}}]}<\/script>\n<!-- \/ Yoast SEO plugin. -->","yoast_head_json":{"title":"Chanvre &#060; Linder Tisseur Cr\u00e9ateur Fabricant de tissus, voilages, rideaux, literie, nappage, coussins","robots":{"index":"index","follow":"follow","max-snippet":"max-snippet:-1","max-image-preview":"max-image-preview:large","max-video-preview":"max-video-preview:-1"},"canonical":"https:\/\/www.linder.fr\/en\/natural-materials\/hemp\/","og_locale":"en_GB","og_type":"article","og_title":"Chanvre &#060; Linder Tisseur Cr\u00e9ateur Fabricant de tissus, voilages, rideaux, literie, nappage, coussins","og_description":"Chanvre Une fibre aux propri\u00e9t\u00e9s insoup\u00e7onn\u00e9es !\u00a0Linder a fait le choix d&rsquo;utiliser du chanvre de qualit\u00e9, cultiv\u00e9 en France. D\u00e9couvrir Le chanvre est la fibre v\u00e9g\u00e9tale naturelle la plus r\u00e9sistante. Longtemps ignor\u00e9 dans l\u2019univers de la maison, son aspect naturel lui ouvre aujourd\u2019hui les portes de la d\u00e9coration tendance. Ecologique, la culture du Chanvre n\u00e9cessite [&hellip;]","og_url":"https:\/\/www.linder.fr\/en\/natural-materials\/hemp\/","og_site_name":"Linder Tisseur Cr\u00e9ateur Fabricant de tissus, voilages, rideaux, literie, nappage, coussins","article_modified_time":"2025-09-02T12:07:28+00:00","og_image":[{"width":800,"height":800,"url":"http:\/\/www.linder.fr\/wp-content\/uploads\/thumbnail-chanvre.jpg","type":"image\/jpeg"}],"twitter_card":"summary_large_image","twitter_misc":{"Estimated reading time":"1 minute"},"schema":{"@context":"https:\/\/schema.org","@graph":[{"@type":"WebPage","@id":"https:\/\/www.linder.fr\/matieres-naturelles\/chanvre\/","url":"https:\/\/www.linder.fr\/matieres-naturelles\/chanvre\/","name":"Chanvre &#060; Linder Tisseur Cr\u00e9ateur Fabricant de tissus, voilages, rideaux, literie, nappage, coussins","isPartOf":{"@id":"https:\/\/www.linder.fr\/#website"},"primaryImageOfPage":{"@id":"https:\/\/www.linder.fr\/matieres-naturelles\/chanvre\/#primaryimage"},"image":{"@id":"https:\/\/www.linder.fr\/matieres-naturelles\/chanvre\/#primaryimage"},"thumbnailUrl":"https:\/\/www.linder.fr\/wp-content\/uploads\/thumbnail-chanvre.jpg","datePublished":"2021-11-16T08:30:27+00:00","dateModified":"2025-09-02T12:07:28+00:00","breadcrumb":{"@id":"https:\/\/www.linder.fr\/matieres-naturelles\/chanvre\/#breadcrumb"},"inLanguage":"en-GB","potentialAction":[{"@type":"ReadAction","target":["https:\/\/www.linder.fr\/matieres-naturelles\/chanvre\/"]}]},{"@type":"ImageObject","inLanguage":"en-GB","@id":"https:\/\/www.linder.fr\/matieres-naturelles\/chanvre\/#primaryimage","url":"https:\/\/www.linder.fr\/wp-content\/uploads\/thumbnail-chanvre.jpg","contentUrl":"https:\/\/www.linder.fr\/wp-content\/uploads\/thumbnail-chanvre.jpg","width":800,"height":800,"caption":"Linder, tisseur cr\u00e9ateur - Mati\u00e8res naturelles - Chanvre"},{"@type":"BreadcrumbList","@id":"https:\/\/www.linder.fr\/matieres-naturelles\/chanvre\/#breadcrumb","itemListElement":[{"@type":"ListItem","position":1,"name":"Linder","item":"https:\/\/www.linder.fr\/"},{"@type":"ListItem","position":2,"name":"Mati\u00e8res naturelles","item":"https:\/\/www.linder.fr\/matieres-naturelles\/"},{"@type":"ListItem","position":3,"name":"Chanvre"}]},{"@type":"WebSite","@id":"https:\/\/www.linder.fr\/#website","url":"https:\/\/www.linder.fr\/","name":"Linder Tisseur Cr\u00e9ateur Fabricant de tissus, voilages, rideaux, literie, nappage, coussins","description":"Linder est un Tisseur Cr\u00e9ateur Fran\u00e7ais Fabricant de tissus, voilages, rideaux, nappages, literie et housses de coussins install\u00e9 dans la Loire depuis 1904. Linder le textile &quot;Made in France&quot;","publisher":{"@id":"https:\/\/www.linder.fr\/#organization"},"potentialAction":[{"@type":"SearchAction","target":{"@type":"EntryPoint","urlTemplate":"https:\/\/www.linder.fr\/?s={search_term_string}"},"query-input":{"@type":"PropertyValueSpecification","valueRequired":true,"valueName":"search_term_string"}}],"inLanguage":"en-GB"},{"@type":"Organization","@id":"https:\/\/www.linder.fr\/#organization","name":"Linder","url":"https:\/\/www.linder.fr\/","logo":{"@type":"ImageObject","inLanguage":"en-GB","@id":"https:\/\/www.linder.fr\/#\/schema\/logo\/image\/","url":"https:\/\/www.linder.fr\/wp-content\/uploads\/logo-linder.png","contentUrl":"https:\/\/www.linder.fr\/wp-content\/uploads\/logo-linder.png","width":800,"height":347,"caption":"Linder"},"image":{"@id":"https:\/\/www.linder.fr\/#\/schema\/logo\/image\/"}}]}},"_links":{"self":[{"href":"https:\/\/www.linder.fr\/en\/wp-json\/wp\/v2\/pages\/76","targetHints":{"allow":["GET"]}}],"collection":[{"href":"https:\/\/www.linder.fr\/en\/wp-json\/wp\/v2\/pages"}],"about":[{"href":"https:\/\/www.linder.fr\/en\/wp-json\/wp\/v2\/types\/page"}],"author":[{"embeddable":true,"href":"https:\/\/www.linder.fr\/en\/wp-json\/wp\/v2\/users\/1"}],"replies":[{"embeddable":true,"href":"https:\/\/www.linder.fr\/en\/wp-json\/wp\/v2\/comments?post=76"}],"version-history":[{"count":62,"href":"https:\/\/www.linder.fr\/en\/wp-json\/wp\/v2\/pages\/76\/revisions"}],"predecessor-version":[{"id":9796,"href":"https:\/\/www.linder.fr\/en\/wp-json\/wp\/v2\/pages\/76\/revisions\/9796"}],"up":[{"embeddable":true,"href":"https:\/\/www.linder.fr\/en\/wp-json\/wp\/v2\/pages\/74"}],"wp:featuredmedia":[{"embeddable":true,"href":"https:\/\/www.linder.fr\/en\/wp-json\/wp\/v2\/media\/168"}],"wp:attachment":[{"href":"https:\/\/www.linder.fr\/en\/wp-json\/wp\/v2\/media?parent=76"}],"curies":[{"name":"wp","href":"https:\/\/api.w.org\/{rel}","templated":true}]}}