{"id":70,"date":"2021-11-16T09:29:44","date_gmt":"2021-11-16T08:29:44","guid":{"rendered":"http:\/\/www.linder.fr\/?page_id=70"},"modified":"2025-09-23T13:23:28","modified_gmt":"2025-09-23T11:23:28","slug":"recycled-curtains","status":"publish","type":"page","link":"https:\/\/www.linder.fr\/en\/developpement-durable\/recycle\/","title":{"rendered":"recycled curtains"},"content":{"rendered":"<div data-elementor-type=\"wp-page\" data-elementor-id=\"70\" class=\"elementor elementor-70\" data-elementor-post-type=\"page\">\n\t\t\t\t\t\t<section class=\"elementor-section elementor-top-section elementor-element elementor-element-2ecdbbe9 elementor-section-height-min-height elementor-section-items-stretch elementor-section-content-middle animated-slow page-intro elementor-section-boxed elementor-section-height-default elementor-invisible\" data-id=\"2ecdbbe9\" data-element_type=\"section\" data-settings=\"{&quot;background_background&quot;:&quot;classic&quot;,&quot;animation&quot;:&quot;fadeIn&quot;}\">\n\t\t\t\t\t\t<div class=\"elementor-container elementor-column-gap-default\">\n\t\t\t\t\t<div class=\"elementor-column elementor-col-100 elementor-top-column elementor-element elementor-element-edabe10\" data-id=\"edabe10\" data-element_type=\"column\" data-settings=\"{&quot;background_background&quot;:&quot;classic&quot;}\">\n\t\t\t<div class=\"elementor-widget-wrap elementor-element-populated\">\n\t\t\t\t\t<div class=\"elementor-background-overlay\"><\/div>\n\t\t\t\t\t\t<section class=\"elementor-section elementor-inner-section elementor-element elementor-element-13fc4d28 elementor-section-full_width elementor-section-height-default elementor-section-height-default\" data-id=\"13fc4d28\" data-element_type=\"section\">\n\t\t\t\t\t\t<div class=\"elementor-container elementor-column-gap-default\">\n\t\t\t\t\t<div class=\"elementor-column elementor-col-100 elementor-inner-column elementor-element elementor-element-7609b697\" data-id=\"7609b697\" data-element_type=\"column\">\n\t\t\t<div class=\"elementor-widget-wrap elementor-element-populated\">\n\t\t\t\t\t\t<div class=\"elementor-element elementor-element-34caf2a5 animated-slow elementor-invisible elementor-widget elementor-widget-heading\" data-id=\"34caf2a5\" data-element_type=\"widget\" data-settings=\"{&quot;_animation&quot;:&quot;fadeIn&quot;,&quot;_animation_delay&quot;:150}\" data-widget_type=\"heading.default\">\n\t\t\t\t<div class=\"elementor-widget-container\">\n\t\t\t\t\t<h1 class=\"elementor-heading-title elementor-size-default\">Recycled curtains<\/h1>\t\t\t\t<\/div>\n\t\t\t\t<\/div>\n\t\t\t\t<div class=\"elementor-element elementor-element-59d60190 animated-slow elementor-invisible elementor-widget elementor-widget-text-editor\" data-id=\"59d60190\" data-element_type=\"widget\" data-settings=\"{&quot;_animation&quot;:&quot;fadeIn&quot;,&quot;_animation_delay&quot;:300}\" data-widget_type=\"text-editor.default\">\n\t\t\t\t<div class=\"elementor-widget-container\">\n\t\t\t\t\t\t\t\t\t<p>Upcycling consists of increasing the life cycle of raw materials by using scraps from the production process, which have been selected for their quality. This process leads to a lower carbon footprint thanks to a specific manufacturing process using less water and less energy.<\/p>\t\t\t\t\t\t\t\t<\/div>\n\t\t\t\t<\/div>\n\t\t\t\t<div class=\"elementor-element elementor-element-63b21307 elementor-tablet-align-center btn-clair animated-slow elementor-invisible elementor-widget elementor-widget-button\" data-id=\"63b21307\" data-element_type=\"widget\" data-settings=\"{&quot;_animation&quot;:&quot;fadeIn&quot;,&quot;_animation_delay&quot;:450}\" data-widget_type=\"button.default\">\n\t\t\t\t<div class=\"elementor-widget-container\">\n\t\t\t\t\t\t\t\t\t<div class=\"elementor-button-wrapper\">\n\t\t\t\t\t<a class=\"elementor-button elementor-button-link elementor-size-sm\" href=\"#intro\">\n\t\t\t\t\t\t<span class=\"elementor-button-content-wrapper\">\n\t\t\t\t\t\t\t\t\t<span class=\"elementor-button-text\">Discover<\/span>\n\t\t\t\t\t<\/span>\n\t\t\t\t\t<\/a>\n\t\t\t\t<\/div>\n\t\t\t\t\t\t\t\t<\/div>\n\t\t\t\t<\/div>\n\t\t\t\t\t<\/div>\n\t\t<\/div>\n\t\t\t\t\t<\/div>\n\t\t<\/section>\n\t\t\t\t\t<\/div>\n\t\t<\/div>\n\t\t\t\t\t<\/div>\n\t\t<\/section>\n\t\t\t\t<section class=\"elementor-section elementor-top-section elementor-element elementor-element-375e9b6 elementor-section-content-bottom elementor-section-boxed elementor-section-height-default elementor-section-height-default\" data-id=\"375e9b6\" data-element_type=\"section\" id=\"intro\">\n\t\t\t\t\t\t<div class=\"elementor-container elementor-column-gap-default\">\n\t\t\t\t\t<div class=\"elementor-column elementor-col-50 elementor-top-column elementor-element elementor-element-2f607df1 animated-slow elementor-invisible\" data-id=\"2f607df1\" data-element_type=\"column\" data-settings=\"{&quot;animation&quot;:&quot;fadeIn&quot;}\">\n\t\t\t<div class=\"elementor-widget-wrap elementor-element-populated\">\n\t\t\t\t\t\t<div class=\"elementor-element elementor-element-3dcfcf64 elementor-widget elementor-widget-heading\" data-id=\"3dcfcf64\" data-element_type=\"widget\" data-widget_type=\"heading.default\">\n\t\t\t\t<div class=\"elementor-widget-container\">\n\t\t\t\t\t<h2 class=\"elementor-heading-title elementor-size-default\">Linder pioneers recycled or, more precisely, upcycled curtains<\/h2>\t\t\t\t<\/div>\n\t\t\t\t<\/div>\n\t\t\t\t<div class=\"elementor-element elementor-element-65e9c37a gros elementor-widget elementor-widget-text-editor\" data-id=\"65e9c37a\" data-element_type=\"widget\" data-widget_type=\"text-editor.default\">\n\t\t\t\t<div class=\"elementor-widget-container\">\n\t\t\t\t\t\t\t\t\t<p>Upcycled yarns are yarns that are given a second life. Waste or scrap fabrics from the textile industry are recovered and then sorted by colour in order to extract the fibre using a mechanical process. The upcycled fibres then undergo the standard yarn manufacturing process.<\/p>\t\t\t\t\t\t\t\t<\/div>\n\t\t\t\t<\/div>\n\t\t\t\t<div class=\"elementor-element elementor-element-72aacb9e elementor-widget elementor-widget-text-editor\" data-id=\"72aacb9e\" data-element_type=\"widget\" data-widget_type=\"text-editor.default\">\n\t\t\t\t<div class=\"elementor-widget-container\">\n\t\t\t\t\t\t\t\t\t<p>These fibres are therefore recycled \u201cupwards\u201d and reused in the Linder workshops. Thanks to upcycling, the production of upcycled fabric products has 98% less impact on the environment than products made using new raw materials.<\/p><p>This approach also ensures traceability of raw materials and transparency in the manufacture of our products.<\/p>\t\t\t\t\t\t\t\t<\/div>\n\t\t\t\t<\/div>\n\t\t\t\t\t<\/div>\n\t\t<\/div>\n\t\t\t\t<div class=\"elementor-column elementor-col-50 elementor-top-column elementor-element elementor-element-d43af10 animated-slow elementor-invisible\" data-id=\"d43af10\" data-element_type=\"column\" data-settings=\"{&quot;background_background&quot;:&quot;classic&quot;,&quot;animation&quot;:&quot;fadeIn&quot;}\">\n\t\t\t<div class=\"elementor-widget-wrap elementor-element-populated\">\n\t\t\t\t\t\t<div class=\"elementor-element elementor-element-3a0aa9de animated-slow elementor-invisible elementor-widget elementor-widget-image\" data-id=\"3a0aa9de\" data-element_type=\"widget\" data-settings=\"{&quot;_animation&quot;:&quot;fadeIn&quot;,&quot;_animation_delay&quot;:500}\" data-widget_type=\"image.default\">\n\t\t\t\t<div class=\"elementor-widget-container\">\n\t\t\t\t\t\t\t\t\t\t\t\t\t\t\t<img fetchpriority=\"high\" decoding=\"async\" width=\"800\" height=\"800\" src=\"https:\/\/www.linder.fr\/wp-content\/uploads\/ldr_picto_recyclage_fond_couleur.png\" class=\"attachment-large size-large wp-image-7830\" alt=\"\" srcset=\"https:\/\/www.linder.fr\/wp-content\/uploads\/ldr_picto_recyclage_fond_couleur.png 800w, https:\/\/www.linder.fr\/wp-content\/uploads\/ldr_picto_recyclage_fond_couleur-600x600.png 600w, https:\/\/www.linder.fr\/wp-content\/uploads\/ldr_picto_recyclage_fond_couleur-300x300.png 300w, https:\/\/www.linder.fr\/wp-content\/uploads\/ldr_picto_recyclage_fond_couleur-768x768.png 768w, https:\/\/www.linder.fr\/wp-content\/uploads\/ldr_picto_recyclage_fond_couleur-12x12.png 12w, https:\/\/www.linder.fr\/wp-content\/uploads\/ldr_picto_recyclage_fond_couleur-500x500.png 500w\" sizes=\"(max-width: 800px) 100vw, 800px\" \/>\t\t\t\t\t\t\t\t\t\t\t\t\t\t\t<\/div>\n\t\t\t\t<\/div>\n\t\t\t\t<div class=\"elementor-element elementor-element-46649070 elementor-invisible elementor-widget elementor-widget-image\" data-id=\"46649070\" data-element_type=\"widget\" data-settings=\"{&quot;_animation&quot;:&quot;fadeInUp&quot;}\" data-widget_type=\"image.default\">\n\t\t\t\t<div class=\"elementor-widget-container\">\n\t\t\t\t\t\t\t\t\t\t\t\t\t\t\t<img decoding=\"async\" width=\"800\" height=\"968\" src=\"https:\/\/www.linder.fr\/wp-content\/uploads\/packaging_rideau_recycle_2.png\" class=\"attachment-large size-large wp-image-10401\" alt=\"\" srcset=\"https:\/\/www.linder.fr\/wp-content\/uploads\/packaging_rideau_recycle_2.png 800w, https:\/\/www.linder.fr\/wp-content\/uploads\/packaging_rideau_recycle_2-496x600.png 496w, https:\/\/www.linder.fr\/wp-content\/uploads\/packaging_rideau_recycle_2-768x929.png 768w, https:\/\/www.linder.fr\/wp-content\/uploads\/packaging_rideau_recycle_2-10x12.png 10w\" sizes=\"(max-width: 800px) 100vw, 800px\" \/>\t\t\t\t\t\t\t\t\t\t\t\t\t\t\t<\/div>\n\t\t\t\t<\/div>\n\t\t\t\t\t<\/div>\n\t\t<\/div>\n\t\t\t\t\t<\/div>\n\t\t<\/section>\n\t\t\t\t<section class=\"elementor-section elementor-top-section elementor-element elementor-element-4086e592 elementor-section-boxed elementor-section-height-default elementor-section-height-default\" data-id=\"4086e592\" data-element_type=\"section\">\n\t\t\t\t\t\t<div class=\"elementor-container elementor-column-gap-default\">\n\t\t\t\t\t<div class=\"elementor-column elementor-col-50 elementor-top-column elementor-element elementor-element-fffb678 animated-slow elementor-invisible\" data-id=\"fffb678\" data-element_type=\"column\" data-settings=\"{&quot;background_background&quot;:&quot;classic&quot;,&quot;animation&quot;:&quot;fadeIn&quot;}\">\n\t\t\t<div class=\"elementor-widget-wrap elementor-element-populated\">\n\t\t\t\t\t\t\t<\/div>\n\t\t<\/div>\n\t\t\t\t<div class=\"elementor-column elementor-col-50 elementor-top-column elementor-element elementor-element-47b9663a animated-slow elementor-invisible\" data-id=\"47b9663a\" data-element_type=\"column\" data-settings=\"{&quot;animation&quot;:&quot;fadeIn&quot;,&quot;background_background&quot;:&quot;classic&quot;}\">\n\t\t\t<div class=\"elementor-widget-wrap elementor-element-populated\">\n\t\t\t\t\t\t<div class=\"elementor-element elementor-element-caa6f16 elementor-widget elementor-widget-spacer\" data-id=\"caa6f16\" data-element_type=\"widget\" data-widget_type=\"spacer.default\">\n\t\t\t\t<div class=\"elementor-widget-container\">\n\t\t\t\t\t\t\t<div class=\"elementor-spacer\">\n\t\t\t<div class=\"elementor-spacer-inner\"><\/div>\n\t\t<\/div>\n\t\t\t\t\t\t<\/div>\n\t\t\t\t<\/div>\n\t\t\t\t\t<\/div>\n\t\t<\/div>\n\t\t\t\t\t<\/div>\n\t\t<\/section>\n\t\t\t\t<section class=\"elementor-section elementor-top-section elementor-element elementor-element-2dc7d30d elementor-hidden-desktop elementor-hidden-tablet elementor-hidden-mobile elementor-section-boxed elementor-section-height-default elementor-section-height-default elementor-invisible\" data-id=\"2dc7d30d\" data-element_type=\"section\" data-settings=\"{&quot;background_background&quot;:&quot;gradient&quot;,&quot;animation&quot;:&quot;fadeIn&quot;,&quot;animation_mobile&quot;:&quot;fadeIn&quot;}\">\n\t\t\t\t\t\t<div class=\"elementor-container elementor-column-gap-default\">\n\t\t\t\t\t<div class=\"elementor-column elementor-col-100 elementor-top-column elementor-element elementor-element-7b520d1a elementor-invisible\" data-id=\"7b520d1a\" data-element_type=\"column\" data-settings=\"{&quot;animation&quot;:&quot;fadeInUp&quot;}\">\n\t\t\t<div class=\"elementor-widget-wrap elementor-element-populated\">\n\t\t\t\t\t\t<div class=\"elementor-element elementor-element-4eda02d elementor-widget elementor-widget-heading\" data-id=\"4eda02d\" data-element_type=\"widget\" data-widget_type=\"heading.default\">\n\t\t\t\t<div class=\"elementor-widget-container\">\n\t\t\t\t\t<h2 class=\"elementor-heading-title elementor-size-default\">Sustainable Development<\/h2>\t\t\t\t<\/div>\n\t\t\t\t<\/div>\n\t\t\t\t\t<\/div>\n\t\t<\/div>\n\t\t\t\t\t<\/div>\n\t\t<\/section>\n\t\t\t\t<\/div>","protected":false},"excerpt":{"rendered":"<p>Rideaux recycl\u00e9s L\u2019upcycling est une forme de recyclage qui consiste \u00e0 augmenter le cycle de vie des mati\u00e8res premi\u00e8res en utilisant des chutes de production s\u00e9lectionn\u00e9es pour leur qualit\u00e9. Un proc\u00e9d\u00e9 qui permet d\u2019all\u00e9ger l\u2019empreinte carbone li\u00e9e \u00e0 une fabrication sp\u00e9cifique, moins d\u2019eau, moins d\u2019\u00e9nergie. D\u00e9couvrir Linder pr\u00e9curseur du rideau recycl\u00e9 ou plus pr\u00e9cis\u00e9ment upcycl\u00e9 [&hellip;]<\/p>\n","protected":false},"author":1,"featured_media":5039,"parent":66,"menu_order":0,"comment_status":"closed","ping_status":"closed","template":"elementor_header_footer","meta":{"_acf_changed":false,"footnotes":""},"class_list":["post-70","page","type-page","status-publish","has-post-thumbnail","hentry"],"acf":[],"yoast_head":"<!-- This site is optimized with the Yoast SEO plugin v27.2 - https:\/\/yoast.com\/product\/yoast-seo-wordpress\/ -->\n<title>Recycl\u00e9 &#060; Linder Tisseur Cr\u00e9ateur Fabricant de tissus, voilages, rideaux, literie, nappage, coussins<\/title>\n<meta name=\"robots\" content=\"index, follow, max-snippet:-1, max-image-preview:large, max-video-preview:-1\" \/>\n<link rel=\"canonical\" href=\"https:\/\/www.linder.fr\/en\/sustainable-development\/recycled-curtains\/\" \/>\n<meta property=\"og:locale\" content=\"en_GB\" \/>\n<meta property=\"og:type\" content=\"article\" \/>\n<meta property=\"og:title\" content=\"Recycl\u00e9 &#060; Linder Tisseur Cr\u00e9ateur Fabricant de tissus, voilages, rideaux, literie, nappage, coussins\" \/>\n<meta property=\"og:description\" content=\"Rideaux recycl\u00e9s L\u2019upcycling est une forme de recyclage qui consiste \u00e0 augmenter le cycle de vie des mati\u00e8res premi\u00e8res en utilisant des chutes de production s\u00e9lectionn\u00e9es pour leur qualit\u00e9. Un proc\u00e9d\u00e9 qui permet d\u2019all\u00e9ger l\u2019empreinte carbone li\u00e9e \u00e0 une fabrication sp\u00e9cifique, moins d\u2019eau, moins d\u2019\u00e9nergie. D\u00e9couvrir Linder pr\u00e9curseur du rideau recycl\u00e9 ou plus pr\u00e9cis\u00e9ment upcycl\u00e9 [&hellip;]\" \/>\n<meta property=\"og:url\" content=\"https:\/\/www.linder.fr\/en\/sustainable-development\/recycled-curtains\/\" \/>\n<meta property=\"og:site_name\" content=\"Linder Tisseur Cr\u00e9ateur Fabricant de tissus, voilages, rideaux, literie, nappage, coussins\" \/>\n<meta property=\"article:modified_time\" content=\"2025-09-23T11:23:28+00:00\" \/>\n<meta property=\"og:image\" content=\"http:\/\/www.linder.fr\/wp-content\/uploads\/2022_DEVELOPPEMENT-DURABLE_Mini.jpg\" \/>\n\t<meta property=\"og:image:width\" content=\"800\" \/>\n\t<meta property=\"og:image:height\" content=\"800\" \/>\n\t<meta property=\"og:image:type\" content=\"image\/jpeg\" \/>\n<meta name=\"twitter:card\" content=\"summary_large_image\" \/>\n<meta name=\"twitter:label1\" content=\"Estimated reading time\" \/>\n\t<meta name=\"twitter:data1\" content=\"2 minutes\" \/>\n<script type=\"application\/ld+json\" class=\"yoast-schema-graph\">{\"@context\":\"https:\/\/schema.org\",\"@graph\":[{\"@type\":\"WebPage\",\"@id\":\"https:\/\/www.linder.fr\/developpement-durable\/recycle\/\",\"url\":\"https:\/\/www.linder.fr\/developpement-durable\/recycle\/\",\"name\":\"Recycl\u00e9 &#060; Linder Tisseur Cr\u00e9ateur Fabricant de tissus, voilages, rideaux, literie, nappage, coussins\",\"isPartOf\":{\"@id\":\"https:\/\/www.linder.fr\/#website\"},\"primaryImageOfPage\":{\"@id\":\"https:\/\/www.linder.fr\/developpement-durable\/recycle\/#primaryimage\"},\"image\":{\"@id\":\"https:\/\/www.linder.fr\/developpement-durable\/recycle\/#primaryimage\"},\"thumbnailUrl\":\"https:\/\/www.linder.fr\/wp-content\/uploads\/2022_DEVELOPPEMENT-DURABLE_Mini.jpg\",\"datePublished\":\"2021-11-16T08:29:44+00:00\",\"dateModified\":\"2025-09-23T11:23:28+00:00\",\"breadcrumb\":{\"@id\":\"https:\/\/www.linder.fr\/developpement-durable\/recycle\/#breadcrumb\"},\"inLanguage\":\"en-GB\",\"potentialAction\":[{\"@type\":\"ReadAction\",\"target\":[\"https:\/\/www.linder.fr\/developpement-durable\/recycle\/\"]}]},{\"@type\":\"ImageObject\",\"inLanguage\":\"en-GB\",\"@id\":\"https:\/\/www.linder.fr\/developpement-durable\/recycle\/#primaryimage\",\"url\":\"https:\/\/www.linder.fr\/wp-content\/uploads\/2022_DEVELOPPEMENT-DURABLE_Mini.jpg\",\"contentUrl\":\"https:\/\/www.linder.fr\/wp-content\/uploads\/2022_DEVELOPPEMENT-DURABLE_Mini.jpg\",\"width\":800,\"height\":800,\"caption\":\"DEVELOPPEMENT DURABLE - LINDER\"},{\"@type\":\"BreadcrumbList\",\"@id\":\"https:\/\/www.linder.fr\/developpement-durable\/recycle\/#breadcrumb\",\"itemListElement\":[{\"@type\":\"ListItem\",\"position\":1,\"name\":\"Linder\",\"item\":\"https:\/\/www.linder.fr\/\"},{\"@type\":\"ListItem\",\"position\":2,\"name\":\"Eco-conception\",\"item\":\"https:\/\/www.linder.fr\/developpement-durable\/\"},{\"@type\":\"ListItem\",\"position\":3,\"name\":\"Recycl\u00e9\"}]},{\"@type\":\"WebSite\",\"@id\":\"https:\/\/www.linder.fr\/#website\",\"url\":\"https:\/\/www.linder.fr\/\",\"name\":\"Linder Tisseur Cr\u00e9ateur Fabricant de tissus, voilages, rideaux, literie, nappage, coussins\",\"description\":\"Linder est un Tisseur Cr\u00e9ateur Fran\u00e7ais Fabricant de tissus, voilages, rideaux, nappages, literie et housses de coussins install\u00e9 dans la Loire depuis 1904. Linder le textile &quot;Made in France&quot;\",\"publisher\":{\"@id\":\"https:\/\/www.linder.fr\/#organization\"},\"potentialAction\":[{\"@type\":\"SearchAction\",\"target\":{\"@type\":\"EntryPoint\",\"urlTemplate\":\"https:\/\/www.linder.fr\/?s={search_term_string}\"},\"query-input\":{\"@type\":\"PropertyValueSpecification\",\"valueRequired\":true,\"valueName\":\"search_term_string\"}}],\"inLanguage\":\"en-GB\"},{\"@type\":\"Organization\",\"@id\":\"https:\/\/www.linder.fr\/#organization\",\"name\":\"Linder\",\"url\":\"https:\/\/www.linder.fr\/\",\"logo\":{\"@type\":\"ImageObject\",\"inLanguage\":\"en-GB\",\"@id\":\"https:\/\/www.linder.fr\/#\/schema\/logo\/image\/\",\"url\":\"https:\/\/www.linder.fr\/wp-content\/uploads\/logo-linder.png\",\"contentUrl\":\"https:\/\/www.linder.fr\/wp-content\/uploads\/logo-linder.png\",\"width\":800,\"height\":347,\"caption\":\"Linder\"},\"image\":{\"@id\":\"https:\/\/www.linder.fr\/#\/schema\/logo\/image\/\"}}]}<\/script>\n<!-- \/ Yoast SEO plugin. -->","yoast_head_json":{"title":"Recycl\u00e9 &#060; Linder Tisseur Cr\u00e9ateur Fabricant de tissus, voilages, rideaux, literie, nappage, coussins","robots":{"index":"index","follow":"follow","max-snippet":"max-snippet:-1","max-image-preview":"max-image-preview:large","max-video-preview":"max-video-preview:-1"},"canonical":"https:\/\/www.linder.fr\/en\/sustainable-development\/recycled-curtains\/","og_locale":"en_GB","og_type":"article","og_title":"Recycl\u00e9 &#060; Linder Tisseur Cr\u00e9ateur Fabricant de tissus, voilages, rideaux, literie, nappage, coussins","og_description":"Rideaux recycl\u00e9s L\u2019upcycling est une forme de recyclage qui consiste \u00e0 augmenter le cycle de vie des mati\u00e8res premi\u00e8res en utilisant des chutes de production s\u00e9lectionn\u00e9es pour leur qualit\u00e9. Un proc\u00e9d\u00e9 qui permet d\u2019all\u00e9ger l\u2019empreinte carbone li\u00e9e \u00e0 une fabrication sp\u00e9cifique, moins d\u2019eau, moins d\u2019\u00e9nergie. D\u00e9couvrir Linder pr\u00e9curseur du rideau recycl\u00e9 ou plus pr\u00e9cis\u00e9ment upcycl\u00e9 [&hellip;]","og_url":"https:\/\/www.linder.fr\/en\/sustainable-development\/recycled-curtains\/","og_site_name":"Linder Tisseur Cr\u00e9ateur Fabricant de tissus, voilages, rideaux, literie, nappage, coussins","article_modified_time":"2025-09-23T11:23:28+00:00","og_image":[{"width":800,"height":800,"url":"http:\/\/www.linder.fr\/wp-content\/uploads\/2022_DEVELOPPEMENT-DURABLE_Mini.jpg","type":"image\/jpeg"}],"twitter_card":"summary_large_image","twitter_misc":{"Estimated reading time":"2 minutes"},"schema":{"@context":"https:\/\/schema.org","@graph":[{"@type":"WebPage","@id":"https:\/\/www.linder.fr\/developpement-durable\/recycle\/","url":"https:\/\/www.linder.fr\/developpement-durable\/recycle\/","name":"Recycl\u00e9 &#060; Linder Tisseur Cr\u00e9ateur Fabricant de tissus, voilages, rideaux, literie, nappage, coussins","isPartOf":{"@id":"https:\/\/www.linder.fr\/#website"},"primaryImageOfPage":{"@id":"https:\/\/www.linder.fr\/developpement-durable\/recycle\/#primaryimage"},"image":{"@id":"https:\/\/www.linder.fr\/developpement-durable\/recycle\/#primaryimage"},"thumbnailUrl":"https:\/\/www.linder.fr\/wp-content\/uploads\/2022_DEVELOPPEMENT-DURABLE_Mini.jpg","datePublished":"2021-11-16T08:29:44+00:00","dateModified":"2025-09-23T11:23:28+00:00","breadcrumb":{"@id":"https:\/\/www.linder.fr\/developpement-durable\/recycle\/#breadcrumb"},"inLanguage":"en-GB","potentialAction":[{"@type":"ReadAction","target":["https:\/\/www.linder.fr\/developpement-durable\/recycle\/"]}]},{"@type":"ImageObject","inLanguage":"en-GB","@id":"https:\/\/www.linder.fr\/developpement-durable\/recycle\/#primaryimage","url":"https:\/\/www.linder.fr\/wp-content\/uploads\/2022_DEVELOPPEMENT-DURABLE_Mini.jpg","contentUrl":"https:\/\/www.linder.fr\/wp-content\/uploads\/2022_DEVELOPPEMENT-DURABLE_Mini.jpg","width":800,"height":800,"caption":"DEVELOPPEMENT DURABLE - LINDER"},{"@type":"BreadcrumbList","@id":"https:\/\/www.linder.fr\/developpement-durable\/recycle\/#breadcrumb","itemListElement":[{"@type":"ListItem","position":1,"name":"Linder","item":"https:\/\/www.linder.fr\/"},{"@type":"ListItem","position":2,"name":"Eco-conception","item":"https:\/\/www.linder.fr\/developpement-durable\/"},{"@type":"ListItem","position":3,"name":"Recycl\u00e9"}]},{"@type":"WebSite","@id":"https:\/\/www.linder.fr\/#website","url":"https:\/\/www.linder.fr\/","name":"Linder Tisseur Cr\u00e9ateur Fabricant de tissus, voilages, rideaux, literie, nappage, coussins","description":"Linder est un Tisseur Cr\u00e9ateur Fran\u00e7ais Fabricant de tissus, voilages, rideaux, nappages, literie et housses de coussins install\u00e9 dans la Loire depuis 1904. Linder le textile &quot;Made in France&quot;","publisher":{"@id":"https:\/\/www.linder.fr\/#organization"},"potentialAction":[{"@type":"SearchAction","target":{"@type":"EntryPoint","urlTemplate":"https:\/\/www.linder.fr\/?s={search_term_string}"},"query-input":{"@type":"PropertyValueSpecification","valueRequired":true,"valueName":"search_term_string"}}],"inLanguage":"en-GB"},{"@type":"Organization","@id":"https:\/\/www.linder.fr\/#organization","name":"Linder","url":"https:\/\/www.linder.fr\/","logo":{"@type":"ImageObject","inLanguage":"en-GB","@id":"https:\/\/www.linder.fr\/#\/schema\/logo\/image\/","url":"https:\/\/www.linder.fr\/wp-content\/uploads\/logo-linder.png","contentUrl":"https:\/\/www.linder.fr\/wp-content\/uploads\/logo-linder.png","width":800,"height":347,"caption":"Linder"},"image":{"@id":"https:\/\/www.linder.fr\/#\/schema\/logo\/image\/"}}]}},"_links":{"self":[{"href":"https:\/\/www.linder.fr\/en\/wp-json\/wp\/v2\/pages\/70","targetHints":{"allow":["GET"]}}],"collection":[{"href":"https:\/\/www.linder.fr\/en\/wp-json\/wp\/v2\/pages"}],"about":[{"href":"https:\/\/www.linder.fr\/en\/wp-json\/wp\/v2\/types\/page"}],"author":[{"embeddable":true,"href":"https:\/\/www.linder.fr\/en\/wp-json\/wp\/v2\/users\/1"}],"replies":[{"embeddable":true,"href":"https:\/\/www.linder.fr\/en\/wp-json\/wp\/v2\/comments?post=70"}],"version-history":[{"count":72,"href":"https:\/\/www.linder.fr\/en\/wp-json\/wp\/v2\/pages\/70\/revisions"}],"predecessor-version":[{"id":10404,"href":"https:\/\/www.linder.fr\/en\/wp-json\/wp\/v2\/pages\/70\/revisions\/10404"}],"up":[{"embeddable":true,"href":"https:\/\/www.linder.fr\/en\/wp-json\/wp\/v2\/pages\/66"}],"wp:featuredmedia":[{"embeddable":true,"href":"https:\/\/www.linder.fr\/en\/wp-json\/wp\/v2\/media\/5039"}],"wp:attachment":[{"href":"https:\/\/www.linder.fr\/en\/wp-json\/wp\/v2\/media?parent=70"}],"curies":[{"name":"wp","href":"https:\/\/api.w.org\/{rel}","templated":true}]}}