{"id":5701,"date":"2023-08-29T09:18:39","date_gmt":"2023-08-29T07:18:39","guid":{"rendered":"https:\/\/www.linder.fr\/?page_id=5701"},"modified":"2025-09-02T14:09:29","modified_gmt":"2025-09-02T12:09:29","slug":"wool","status":"publish","type":"page","link":"https:\/\/www.linder.fr\/en\/matieres-naturelles\/laine\/","title":{"rendered":"Wool"},"content":{"rendered":"<div data-elementor-type=\"wp-page\" data-elementor-id=\"5701\" class=\"elementor elementor-5701\" data-elementor-post-type=\"page\">\n\t\t\t\t\t\t<section class=\"elementor-section elementor-top-section elementor-element elementor-element-436cd53f elementor-section-height-min-height elementor-section-items-stretch elementor-section-content-middle animated-slow page-intro bg-clair elementor-section-boxed elementor-section-height-default elementor-invisible\" data-id=\"436cd53f\" data-element_type=\"section\" data-settings=\"{&quot;background_background&quot;:&quot;classic&quot;,&quot;animation&quot;:&quot;fadeIn&quot;}\">\n\t\t\t\t\t\t<div class=\"elementor-container elementor-column-gap-default\">\n\t\t\t\t\t<div class=\"elementor-column elementor-col-100 elementor-top-column elementor-element elementor-element-75c114d3\" data-id=\"75c114d3\" data-element_type=\"column\" data-settings=\"{&quot;background_background&quot;:&quot;classic&quot;}\">\n\t\t\t<div class=\"elementor-widget-wrap elementor-element-populated\">\n\t\t\t\t\t<div class=\"elementor-background-overlay\"><\/div>\n\t\t\t\t\t\t<section class=\"elementor-section elementor-inner-section elementor-element elementor-element-5ccd9d8e elementor-section-full_width elementor-section-height-default elementor-section-height-default\" data-id=\"5ccd9d8e\" data-element_type=\"section\">\n\t\t\t\t\t\t<div class=\"elementor-container elementor-column-gap-default\">\n\t\t\t\t\t<div class=\"elementor-column elementor-col-100 elementor-inner-column elementor-element elementor-element-689b1b8d\" data-id=\"689b1b8d\" data-element_type=\"column\">\n\t\t\t<div class=\"elementor-widget-wrap elementor-element-populated\">\n\t\t\t\t\t\t<div class=\"elementor-element elementor-element-35f2410e animated-slow elementor-invisible elementor-widget elementor-widget-heading\" data-id=\"35f2410e\" data-element_type=\"widget\" data-settings=\"{&quot;_animation&quot;:&quot;fadeIn&quot;,&quot;_animation_delay&quot;:150}\" data-widget_type=\"heading.default\">\n\t\t\t\t<div class=\"elementor-widget-container\">\n\t\t\t\t\t<h1 class=\"elementor-heading-title elementor-size-default\">Wool Curtains<\/h1>\t\t\t\t<\/div>\n\t\t\t\t<\/div>\n\t\t\t\t<div class=\"elementor-element elementor-element-33332aaf animated-slow elementor-invisible elementor-widget elementor-widget-text-editor\" data-id=\"33332aaf\" data-element_type=\"widget\" data-settings=\"{&quot;_animation&quot;:&quot;fadeIn&quot;,&quot;_animation_delay&quot;:300}\" data-widget_type=\"text-editor.default\">\n\t\t\t\t<div class=\"elementor-widget-container\">\n\t\t\t\t\t\t\t\t\t<p>Long reserved for clothing, wool is a resistant, insulating and biodegradable natural material, ideal for making curtains for interior decoration.&nbsp;<\/p>\t\t\t\t\t\t\t\t<\/div>\n\t\t\t\t<\/div>\n\t\t\t\t<div class=\"elementor-element elementor-element-273768ad elementor-tablet-align-center animated-slow elementor-invisible elementor-widget elementor-widget-button\" data-id=\"273768ad\" data-element_type=\"widget\" data-settings=\"{&quot;_animation&quot;:&quot;fadeIn&quot;,&quot;_animation_delay&quot;:450}\" data-widget_type=\"button.default\">\n\t\t\t\t<div class=\"elementor-widget-container\">\n\t\t\t\t\t\t\t\t\t<div class=\"elementor-button-wrapper\">\n\t\t\t\t\t<a class=\"elementor-button elementor-button-link elementor-size-sm\" href=\"#intro\">\n\t\t\t\t\t\t<span class=\"elementor-button-content-wrapper\">\n\t\t\t\t\t\t\t\t\t<span class=\"elementor-button-text\">Discover<\/span>\n\t\t\t\t\t<\/span>\n\t\t\t\t\t<\/a>\n\t\t\t\t<\/div>\n\t\t\t\t\t\t\t\t<\/div>\n\t\t\t\t<\/div>\n\t\t\t\t\t<\/div>\n\t\t<\/div>\n\t\t\t\t\t<\/div>\n\t\t<\/section>\n\t\t\t\t\t<\/div>\n\t\t<\/div>\n\t\t\t\t\t<\/div>\n\t\t<\/section>\n\t\t\t\t<section class=\"elementor-section elementor-top-section elementor-element elementor-element-3b8be72e elementor-section-content-bottom elementor-section-boxed elementor-section-height-default elementor-section-height-default\" data-id=\"3b8be72e\" data-element_type=\"section\" id=\"intro\">\n\t\t\t\t\t\t<div class=\"elementor-container elementor-column-gap-default\">\n\t\t\t\t\t<div class=\"elementor-column elementor-col-50 elementor-top-column elementor-element elementor-element-2394fa61 animated-slow elementor-invisible\" data-id=\"2394fa61\" data-element_type=\"column\" data-settings=\"{&quot;animation&quot;:&quot;fadeIn&quot;}\">\n\t\t\t<div class=\"elementor-widget-wrap elementor-element-populated\">\n\t\t\t\t\t\t<div class=\"elementor-element elementor-element-5d931fc2 elementor-widget__width-initial elementor-widget elementor-widget-heading\" data-id=\"5d931fc2\" data-element_type=\"widget\" data-widget_type=\"heading.default\">\n\t\t\t\t<div class=\"elementor-widget-container\">\n\t\t\t\t\t<h2 class=\"elementor-heading-title elementor-size-default\">Sheep's wool curtains, natural<br><\/h2>\t\t\t\t<\/div>\n\t\t\t\t<\/div>\n\t\t\t\t<div class=\"elementor-element elementor-element-519850c4 gros elementor-widget elementor-widget-text-editor\" data-id=\"519850c4\" data-element_type=\"widget\" data-widget_type=\"text-editor.default\">\n\t\t\t\t<div class=\"elementor-widget-container\">\n\t\t\t\t\t\t\t\t\t<p>The soft feel of wool is inimitable. Not only does it regulate humidity, it also insulates your interior naturally. It's also highly resistant, making it ideal for textile decoration.<\/p>\t\t\t\t\t\t\t\t<\/div>\n\t\t\t\t<\/div>\n\t\t\t\t\t<\/div>\n\t\t<\/div>\n\t\t\t\t<div class=\"elementor-column elementor-col-50 elementor-top-column elementor-element elementor-element-f8ac1af animated-slow elementor-invisible\" data-id=\"f8ac1af\" data-element_type=\"column\" data-settings=\"{&quot;background_background&quot;:&quot;classic&quot;,&quot;animation&quot;:&quot;fadeIn&quot;}\">\n\t\t\t<div class=\"elementor-widget-wrap elementor-element-populated\">\n\t\t\t\t\t\t<div class=\"elementor-element elementor-element-17e237d4 animated-slow elementor-invisible elementor-widget elementor-widget-image\" data-id=\"17e237d4\" data-element_type=\"widget\" data-settings=\"{&quot;_animation&quot;:&quot;fadeIn&quot;,&quot;_animation_delay&quot;:500}\" data-widget_type=\"image.default\">\n\t\t\t\t<div class=\"elementor-widget-container\">\n\t\t\t\t\t\t\t\t\t\t\t\t\t\t\t<img fetchpriority=\"high\" decoding=\"async\" width=\"591\" height=\"800\" src=\"https:\/\/www.linder.fr\/wp-content\/uploads\/ldr_picto_laine_mouton.png\" class=\"attachment-full size-full wp-image-7896\" alt=\"\" srcset=\"https:\/\/www.linder.fr\/wp-content\/uploads\/ldr_picto_laine_mouton.png 591w, https:\/\/www.linder.fr\/wp-content\/uploads\/ldr_picto_laine_mouton-443x600.png 443w, https:\/\/www.linder.fr\/wp-content\/uploads\/ldr_picto_laine_mouton-9x12.png 9w\" sizes=\"(max-width: 591px) 100vw, 591px\" \/>\t\t\t\t\t\t\t\t\t\t\t\t\t\t\t<\/div>\n\t\t\t\t<\/div>\n\t\t\t\t<div class=\"elementor-element elementor-element-2c1a980e elementor-invisible elementor-widget elementor-widget-image\" data-id=\"2c1a980e\" data-element_type=\"widget\" data-settings=\"{&quot;_animation&quot;:&quot;fadeInUp&quot;}\" data-widget_type=\"image.default\">\n\t\t\t\t<div class=\"elementor-widget-container\">\n\t\t\t\t\t\t\t\t\t\t\t\t\t\t\t<img decoding=\"async\" width=\"800\" height=\"968\" src=\"https:\/\/www.linder.fr\/wp-content\/uploads\/packaging_rideau_laine_linder.png\" class=\"attachment-large size-large wp-image-5959\" alt=\"\" srcset=\"https:\/\/www.linder.fr\/wp-content\/uploads\/packaging_rideau_laine_linder.png 800w, https:\/\/www.linder.fr\/wp-content\/uploads\/packaging_rideau_laine_linder-496x600.png 496w, https:\/\/www.linder.fr\/wp-content\/uploads\/packaging_rideau_laine_linder-768x929.png 768w, https:\/\/www.linder.fr\/wp-content\/uploads\/packaging_rideau_laine_linder-10x12.png 10w\" sizes=\"(max-width: 800px) 100vw, 800px\" \/>\t\t\t\t\t\t\t\t\t\t\t\t\t\t\t<\/div>\n\t\t\t\t<\/div>\n\t\t\t\t\t<\/div>\n\t\t<\/div>\n\t\t\t\t\t<\/div>\n\t\t<\/section>\n\t\t\t\t<section class=\"elementor-section elementor-top-section elementor-element elementor-element-7866eb9d elementor-section-boxed elementor-section-height-default elementor-section-height-default\" data-id=\"7866eb9d\" data-element_type=\"section\">\n\t\t\t\t\t\t<div class=\"elementor-container elementor-column-gap-default\">\n\t\t\t\t\t<div class=\"elementor-column elementor-col-50 elementor-top-column elementor-element elementor-element-7481053e animated-slow elementor-invisible\" data-id=\"7481053e\" data-element_type=\"column\" data-settings=\"{&quot;background_background&quot;:&quot;classic&quot;,&quot;animation&quot;:&quot;fadeIn&quot;}\">\n\t\t\t<div class=\"elementor-widget-wrap elementor-element-populated\">\n\t\t\t\t\t\t<div class=\"elementor-element elementor-element-71d2923c elementor-widget elementor-widget-spacer\" data-id=\"71d2923c\" data-element_type=\"widget\" data-widget_type=\"spacer.default\">\n\t\t\t\t<div class=\"elementor-widget-container\">\n\t\t\t\t\t\t\t<div class=\"elementor-spacer\">\n\t\t\t<div class=\"elementor-spacer-inner\"><\/div>\n\t\t<\/div>\n\t\t\t\t\t\t<\/div>\n\t\t\t\t<\/div>\n\t\t\t\t\t<\/div>\n\t\t<\/div>\n\t\t\t\t<div class=\"elementor-column elementor-col-50 elementor-top-column elementor-element elementor-element-f29a243\" data-id=\"f29a243\" data-element_type=\"column\">\n\t\t\t<div class=\"elementor-widget-wrap elementor-element-populated\">\n\t\t\t\t\t\t<section class=\"elementor-section elementor-inner-section elementor-element elementor-element-4587076b elementor-section-full_width elementor-section-height-default elementor-section-height-default\" data-id=\"4587076b\" data-element_type=\"section\">\n\t\t\t\t\t\t<div class=\"elementor-container elementor-column-gap-default\">\n\t\t\t\t\t<div class=\"elementor-column elementor-col-100 elementor-inner-column elementor-element elementor-element-548d49cc animated-slow elementor-invisible\" data-id=\"548d49cc\" data-element_type=\"column\" data-settings=\"{&quot;background_background&quot;:&quot;classic&quot;,&quot;animation&quot;:&quot;fadeIn&quot;}\">\n\t\t\t<div class=\"elementor-widget-wrap elementor-element-populated\">\n\t\t\t\t\t\t<div class=\"elementor-element elementor-element-74971f88 elementor-widget elementor-widget-spacer\" data-id=\"74971f88\" data-element_type=\"widget\" data-widget_type=\"spacer.default\">\n\t\t\t\t<div class=\"elementor-widget-container\">\n\t\t\t\t\t\t\t<div class=\"elementor-spacer\">\n\t\t\t<div class=\"elementor-spacer-inner\"><\/div>\n\t\t<\/div>\n\t\t\t\t\t\t<\/div>\n\t\t\t\t<\/div>\n\t\t\t\t\t<\/div>\n\t\t<\/div>\n\t\t\t\t\t<\/div>\n\t\t<\/section>\n\t\t\t\t<section class=\"elementor-section elementor-inner-section elementor-element elementor-element-688f1bb4 elementor-section-full_width elementor-section-height-default elementor-section-height-default\" data-id=\"688f1bb4\" data-element_type=\"section\">\n\t\t\t\t\t\t<div class=\"elementor-container elementor-column-gap-default\">\n\t\t\t\t\t<div class=\"elementor-column elementor-col-100 elementor-inner-column elementor-element elementor-element-7fb8ae74 animated-slow elementor-invisible\" data-id=\"7fb8ae74\" data-element_type=\"column\" data-settings=\"{&quot;background_background&quot;:&quot;classic&quot;,&quot;animation&quot;:&quot;fadeIn&quot;,&quot;animation_delay&quot;:300}\">\n\t\t\t<div class=\"elementor-widget-wrap elementor-element-populated\">\n\t\t\t\t\t\t<div class=\"elementor-element elementor-element-e367d7a elementor-widget elementor-widget-spacer\" data-id=\"e367d7a\" data-element_type=\"widget\" data-widget_type=\"spacer.default\">\n\t\t\t\t<div class=\"elementor-widget-container\">\n\t\t\t\t\t\t\t<div class=\"elementor-spacer\">\n\t\t\t<div class=\"elementor-spacer-inner\"><\/div>\n\t\t<\/div>\n\t\t\t\t\t\t<\/div>\n\t\t\t\t<\/div>\n\t\t\t\t\t<\/div>\n\t\t<\/div>\n\t\t\t\t\t<\/div>\n\t\t<\/section>\n\t\t\t\t\t<\/div>\n\t\t<\/div>\n\t\t\t\t\t<\/div>\n\t\t<\/section>\n\t\t<div class=\"elementor-element elementor-element-1a340342 e-flex e-con-boxed e-con e-parent\" data-id=\"1a340342\" data-element_type=\"container\">\n\t\t\t\t\t<div class=\"e-con-inner\">\n\t\t\t\t<div class=\"elementor-element elementor-element-5aa5a841 elementor-widget elementor-widget-spacer\" data-id=\"5aa5a841\" data-element_type=\"widget\" data-widget_type=\"spacer.default\">\n\t\t\t\t<div class=\"elementor-widget-container\">\n\t\t\t\t\t\t\t<div class=\"elementor-spacer\">\n\t\t\t<div class=\"elementor-spacer-inner\"><\/div>\n\t\t<\/div>\n\t\t\t\t\t\t<\/div>\n\t\t\t\t<\/div>\n\t\t\t\t\t<\/div>\n\t\t\t\t<\/div>\n\t\t\t\t<\/div>","protected":false},"excerpt":{"rendered":"<p>Rideaux en laine Longtemps r\u00e9serv\u00e9e aux v\u00eatements, la laine est une mati\u00e8re naturelle r\u00e9sistante, isolante et biod\u00e9gradable id\u00e9ale pour la confection de voilage pour la d\u00e9coration int\u00e9rieure.&nbsp; D\u00e9couvrir Voilages en laine de mouton, naturelle La douceur du toucher de la laine est inimitable. Elle r\u00e9gule non seulement l\u2019humidit\u00e9 mais isole \u00e9galement naturellement votre int\u00e9rieur. Tr\u00e8s [&hellip;]<\/p>\n","protected":false},"author":1,"featured_media":5945,"parent":74,"menu_order":0,"comment_status":"closed","ping_status":"closed","template":"","meta":{"_acf_changed":false,"footnotes":""},"class_list":["post-5701","page","type-page","status-publish","has-post-thumbnail","hentry"],"acf":[],"yoast_head":"<!-- This site is optimized with the Yoast SEO plugin v27.2 - https:\/\/yoast.com\/product\/yoast-seo-wordpress\/ -->\n<title>Laine &#060; Linder Tisseur Cr\u00e9ateur Fabricant de tissus, voilages, rideaux, literie, nappage, coussins<\/title>\n<meta name=\"robots\" content=\"index, follow, max-snippet:-1, max-image-preview:large, max-video-preview:-1\" \/>\n<link rel=\"canonical\" href=\"https:\/\/www.linder.fr\/en\/natural-materials\/wool\/\" \/>\n<meta property=\"og:locale\" content=\"en_GB\" \/>\n<meta property=\"og:type\" content=\"article\" \/>\n<meta property=\"og:title\" content=\"Laine &#060; Linder Tisseur Cr\u00e9ateur Fabricant de tissus, voilages, rideaux, literie, nappage, coussins\" \/>\n<meta property=\"og:description\" content=\"Rideaux en laine Longtemps r\u00e9serv\u00e9e aux v\u00eatements, la laine est une mati\u00e8re naturelle r\u00e9sistante, isolante et biod\u00e9gradable id\u00e9ale pour la confection de voilage pour la d\u00e9coration int\u00e9rieure.&nbsp; D\u00e9couvrir Voilages en laine de mouton, naturelle La douceur du toucher de la laine est inimitable. Elle r\u00e9gule non seulement l\u2019humidit\u00e9 mais isole \u00e9galement naturellement votre int\u00e9rieur. Tr\u00e8s [&hellip;]\" \/>\n<meta property=\"og:url\" content=\"https:\/\/www.linder.fr\/en\/natural-materials\/wool\/\" \/>\n<meta property=\"og:site_name\" content=\"Linder Tisseur Cr\u00e9ateur Fabricant de tissus, voilages, rideaux, literie, nappage, coussins\" \/>\n<meta property=\"article:modified_time\" content=\"2025-09-02T12:09:29+00:00\" \/>\n<meta property=\"og:image\" content=\"http:\/\/www.linder.fr\/wp-content\/uploads\/laine-1.jpg\" \/>\n\t<meta property=\"og:image:width\" content=\"2200\" \/>\n\t<meta property=\"og:image:height\" content=\"1200\" \/>\n\t<meta property=\"og:image:type\" content=\"image\/jpeg\" \/>\n<meta name=\"twitter:card\" content=\"summary_large_image\" \/>\n<meta name=\"twitter:label1\" content=\"Estimated reading time\" \/>\n\t<meta name=\"twitter:data1\" content=\"1 minute\" \/>\n<script type=\"application\/ld+json\" class=\"yoast-schema-graph\">{\"@context\":\"https:\/\/schema.org\",\"@graph\":[{\"@type\":\"WebPage\",\"@id\":\"https:\/\/www.linder.fr\/matieres-naturelles\/laine\/\",\"url\":\"https:\/\/www.linder.fr\/matieres-naturelles\/laine\/\",\"name\":\"Laine &#060; Linder Tisseur Cr\u00e9ateur Fabricant de tissus, voilages, rideaux, literie, nappage, coussins\",\"isPartOf\":{\"@id\":\"https:\/\/www.linder.fr\/#website\"},\"primaryImageOfPage\":{\"@id\":\"https:\/\/www.linder.fr\/matieres-naturelles\/laine\/#primaryimage\"},\"image\":{\"@id\":\"https:\/\/www.linder.fr\/matieres-naturelles\/laine\/#primaryimage\"},\"thumbnailUrl\":\"https:\/\/www.linder.fr\/wp-content\/uploads\/laine-1.jpg\",\"datePublished\":\"2023-08-29T07:18:39+00:00\",\"dateModified\":\"2025-09-02T12:09:29+00:00\",\"breadcrumb\":{\"@id\":\"https:\/\/www.linder.fr\/matieres-naturelles\/laine\/#breadcrumb\"},\"inLanguage\":\"en-GB\",\"potentialAction\":[{\"@type\":\"ReadAction\",\"target\":[\"https:\/\/www.linder.fr\/matieres-naturelles\/laine\/\"]}]},{\"@type\":\"ImageObject\",\"inLanguage\":\"en-GB\",\"@id\":\"https:\/\/www.linder.fr\/matieres-naturelles\/laine\/#primaryimage\",\"url\":\"https:\/\/www.linder.fr\/wp-content\/uploads\/laine-1.jpg\",\"contentUrl\":\"https:\/\/www.linder.fr\/wp-content\/uploads\/laine-1.jpg\",\"width\":2200,\"height\":1200},{\"@type\":\"BreadcrumbList\",\"@id\":\"https:\/\/www.linder.fr\/matieres-naturelles\/laine\/#breadcrumb\",\"itemListElement\":[{\"@type\":\"ListItem\",\"position\":1,\"name\":\"Linder\",\"item\":\"https:\/\/www.linder.fr\/\"},{\"@type\":\"ListItem\",\"position\":2,\"name\":\"Mati\u00e8res naturelles\",\"item\":\"https:\/\/www.linder.fr\/matieres-naturelles\/\"},{\"@type\":\"ListItem\",\"position\":3,\"name\":\"Laine\"}]},{\"@type\":\"WebSite\",\"@id\":\"https:\/\/www.linder.fr\/#website\",\"url\":\"https:\/\/www.linder.fr\/\",\"name\":\"Linder Tisseur Cr\u00e9ateur Fabricant de tissus, voilages, rideaux, literie, nappage, coussins\",\"description\":\"Linder est un Tisseur Cr\u00e9ateur Fran\u00e7ais Fabricant de tissus, voilages, rideaux, nappages, literie et housses de coussins install\u00e9 dans la Loire depuis 1904. Linder le textile &quot;Made in France&quot;\",\"publisher\":{\"@id\":\"https:\/\/www.linder.fr\/#organization\"},\"potentialAction\":[{\"@type\":\"SearchAction\",\"target\":{\"@type\":\"EntryPoint\",\"urlTemplate\":\"https:\/\/www.linder.fr\/?s={search_term_string}\"},\"query-input\":{\"@type\":\"PropertyValueSpecification\",\"valueRequired\":true,\"valueName\":\"search_term_string\"}}],\"inLanguage\":\"en-GB\"},{\"@type\":\"Organization\",\"@id\":\"https:\/\/www.linder.fr\/#organization\",\"name\":\"Linder\",\"url\":\"https:\/\/www.linder.fr\/\",\"logo\":{\"@type\":\"ImageObject\",\"inLanguage\":\"en-GB\",\"@id\":\"https:\/\/www.linder.fr\/#\/schema\/logo\/image\/\",\"url\":\"https:\/\/www.linder.fr\/wp-content\/uploads\/logo-linder.png\",\"contentUrl\":\"https:\/\/www.linder.fr\/wp-content\/uploads\/logo-linder.png\",\"width\":800,\"height\":347,\"caption\":\"Linder\"},\"image\":{\"@id\":\"https:\/\/www.linder.fr\/#\/schema\/logo\/image\/\"}}]}<\/script>\n<!-- \/ Yoast SEO plugin. -->","yoast_head_json":{"title":"Laine &#060; Linder Tisseur Cr\u00e9ateur Fabricant de tissus, voilages, rideaux, literie, nappage, coussins","robots":{"index":"index","follow":"follow","max-snippet":"max-snippet:-1","max-image-preview":"max-image-preview:large","max-video-preview":"max-video-preview:-1"},"canonical":"https:\/\/www.linder.fr\/en\/natural-materials\/wool\/","og_locale":"en_GB","og_type":"article","og_title":"Laine &#060; Linder Tisseur Cr\u00e9ateur Fabricant de tissus, voilages, rideaux, literie, nappage, coussins","og_description":"Rideaux en laine Longtemps r\u00e9serv\u00e9e aux v\u00eatements, la laine est une mati\u00e8re naturelle r\u00e9sistante, isolante et biod\u00e9gradable id\u00e9ale pour la confection de voilage pour la d\u00e9coration int\u00e9rieure.&nbsp; D\u00e9couvrir Voilages en laine de mouton, naturelle La douceur du toucher de la laine est inimitable. Elle r\u00e9gule non seulement l\u2019humidit\u00e9 mais isole \u00e9galement naturellement votre int\u00e9rieur. Tr\u00e8s [&hellip;]","og_url":"https:\/\/www.linder.fr\/en\/natural-materials\/wool\/","og_site_name":"Linder Tisseur Cr\u00e9ateur Fabricant de tissus, voilages, rideaux, literie, nappage, coussins","article_modified_time":"2025-09-02T12:09:29+00:00","og_image":[{"width":2200,"height":1200,"url":"http:\/\/www.linder.fr\/wp-content\/uploads\/laine-1.jpg","type":"image\/jpeg"}],"twitter_card":"summary_large_image","twitter_misc":{"Estimated reading time":"1 minute"},"schema":{"@context":"https:\/\/schema.org","@graph":[{"@type":"WebPage","@id":"https:\/\/www.linder.fr\/matieres-naturelles\/laine\/","url":"https:\/\/www.linder.fr\/matieres-naturelles\/laine\/","name":"Laine &#060; Linder Tisseur Cr\u00e9ateur Fabricant de tissus, voilages, rideaux, literie, nappage, coussins","isPartOf":{"@id":"https:\/\/www.linder.fr\/#website"},"primaryImageOfPage":{"@id":"https:\/\/www.linder.fr\/matieres-naturelles\/laine\/#primaryimage"},"image":{"@id":"https:\/\/www.linder.fr\/matieres-naturelles\/laine\/#primaryimage"},"thumbnailUrl":"https:\/\/www.linder.fr\/wp-content\/uploads\/laine-1.jpg","datePublished":"2023-08-29T07:18:39+00:00","dateModified":"2025-09-02T12:09:29+00:00","breadcrumb":{"@id":"https:\/\/www.linder.fr\/matieres-naturelles\/laine\/#breadcrumb"},"inLanguage":"en-GB","potentialAction":[{"@type":"ReadAction","target":["https:\/\/www.linder.fr\/matieres-naturelles\/laine\/"]}]},{"@type":"ImageObject","inLanguage":"en-GB","@id":"https:\/\/www.linder.fr\/matieres-naturelles\/laine\/#primaryimage","url":"https:\/\/www.linder.fr\/wp-content\/uploads\/laine-1.jpg","contentUrl":"https:\/\/www.linder.fr\/wp-content\/uploads\/laine-1.jpg","width":2200,"height":1200},{"@type":"BreadcrumbList","@id":"https:\/\/www.linder.fr\/matieres-naturelles\/laine\/#breadcrumb","itemListElement":[{"@type":"ListItem","position":1,"name":"Linder","item":"https:\/\/www.linder.fr\/"},{"@type":"ListItem","position":2,"name":"Mati\u00e8res naturelles","item":"https:\/\/www.linder.fr\/matieres-naturelles\/"},{"@type":"ListItem","position":3,"name":"Laine"}]},{"@type":"WebSite","@id":"https:\/\/www.linder.fr\/#website","url":"https:\/\/www.linder.fr\/","name":"Linder Tisseur Cr\u00e9ateur Fabricant de tissus, voilages, rideaux, literie, nappage, coussins","description":"Linder est un Tisseur Cr\u00e9ateur Fran\u00e7ais Fabricant de tissus, voilages, rideaux, nappages, literie et housses de coussins install\u00e9 dans la Loire depuis 1904. Linder le textile &quot;Made in France&quot;","publisher":{"@id":"https:\/\/www.linder.fr\/#organization"},"potentialAction":[{"@type":"SearchAction","target":{"@type":"EntryPoint","urlTemplate":"https:\/\/www.linder.fr\/?s={search_term_string}"},"query-input":{"@type":"PropertyValueSpecification","valueRequired":true,"valueName":"search_term_string"}}],"inLanguage":"en-GB"},{"@type":"Organization","@id":"https:\/\/www.linder.fr\/#organization","name":"Linder","url":"https:\/\/www.linder.fr\/","logo":{"@type":"ImageObject","inLanguage":"en-GB","@id":"https:\/\/www.linder.fr\/#\/schema\/logo\/image\/","url":"https:\/\/www.linder.fr\/wp-content\/uploads\/logo-linder.png","contentUrl":"https:\/\/www.linder.fr\/wp-content\/uploads\/logo-linder.png","width":800,"height":347,"caption":"Linder"},"image":{"@id":"https:\/\/www.linder.fr\/#\/schema\/logo\/image\/"}}]}},"_links":{"self":[{"href":"https:\/\/www.linder.fr\/en\/wp-json\/wp\/v2\/pages\/5701","targetHints":{"allow":["GET"]}}],"collection":[{"href":"https:\/\/www.linder.fr\/en\/wp-json\/wp\/v2\/pages"}],"about":[{"href":"https:\/\/www.linder.fr\/en\/wp-json\/wp\/v2\/types\/page"}],"author":[{"embeddable":true,"href":"https:\/\/www.linder.fr\/en\/wp-json\/wp\/v2\/users\/1"}],"replies":[{"embeddable":true,"href":"https:\/\/www.linder.fr\/en\/wp-json\/wp\/v2\/comments?post=5701"}],"version-history":[{"count":46,"href":"https:\/\/www.linder.fr\/en\/wp-json\/wp\/v2\/pages\/5701\/revisions"}],"predecessor-version":[{"id":9808,"href":"https:\/\/www.linder.fr\/en\/wp-json\/wp\/v2\/pages\/5701\/revisions\/9808"}],"up":[{"embeddable":true,"href":"https:\/\/www.linder.fr\/en\/wp-json\/wp\/v2\/pages\/74"}],"wp:featuredmedia":[{"embeddable":true,"href":"https:\/\/www.linder.fr\/en\/wp-json\/wp\/v2\/media\/5945"}],"wp:attachment":[{"href":"https:\/\/www.linder.fr\/en\/wp-json\/wp\/v2\/media?parent=5701"}],"curies":[{"name":"wp","href":"https:\/\/api.w.org\/{rel}","templated":true}]}}