{"id":48,"date":"2021-11-16T09:26:46","date_gmt":"2021-11-16T08:26:46","guid":{"rendered":"http:\/\/www.linder.fr\/?page_id=48"},"modified":"2025-09-02T14:00:04","modified_gmt":"2025-09-02T12:00:04","slug":"blankets-and-throws","status":"publish","type":"page","link":"https:\/\/www.linder.fr\/en\/nos-collections\/plaids-boutis-jetes-de-lits\/","title":{"rendered":"Blankets, Quilts &amp; Throws"},"content":{"rendered":"<div data-elementor-type=\"wp-page\" data-elementor-id=\"48\" class=\"elementor elementor-48\" data-elementor-post-type=\"page\">\n\t\t\t\t\t\t<section class=\"elementor-section elementor-top-section elementor-element elementor-element-195e3b2b elementor-section-height-min-height elementor-section-items-stretch elementor-section-content-middle animated-slow page-intro elementor-section-boxed elementor-section-height-default elementor-invisible\" data-id=\"195e3b2b\" data-element_type=\"section\" data-settings=\"{&quot;background_background&quot;:&quot;classic&quot;,&quot;animation&quot;:&quot;fadeIn&quot;}\">\n\t\t\t\t\t\t<div class=\"elementor-container elementor-column-gap-default\">\n\t\t\t\t\t<div class=\"elementor-column elementor-col-100 elementor-top-column elementor-element elementor-element-be1061\" data-id=\"be1061\" data-element_type=\"column\" data-settings=\"{&quot;background_background&quot;:&quot;classic&quot;}\">\n\t\t\t<div class=\"elementor-widget-wrap elementor-element-populated\">\n\t\t\t\t\t<div class=\"elementor-background-overlay\"><\/div>\n\t\t\t\t\t\t<section class=\"elementor-section elementor-inner-section elementor-element elementor-element-6004ee42 elementor-section-full_width elementor-section-height-default elementor-section-height-default\" data-id=\"6004ee42\" data-element_type=\"section\">\n\t\t\t\t\t\t<div class=\"elementor-container elementor-column-gap-default\">\n\t\t\t\t\t<div class=\"elementor-column elementor-col-100 elementor-inner-column elementor-element elementor-element-513ba13e\" data-id=\"513ba13e\" data-element_type=\"column\">\n\t\t\t<div class=\"elementor-widget-wrap elementor-element-populated\">\n\t\t\t\t\t\t<div class=\"elementor-element elementor-element-76cb8652 animated-slow elementor-invisible elementor-widget elementor-widget-heading\" data-id=\"76cb8652\" data-element_type=\"widget\" data-settings=\"{&quot;_animation&quot;:&quot;fadeIn&quot;,&quot;_animation_delay&quot;:150}\" data-widget_type=\"heading.default\">\n\t\t\t\t<div class=\"elementor-widget-container\">\n\t\t\t\t\t<h1 class=\"elementor-heading-title elementor-size-default\">Blankets, quilts and throws<\/h1>\t\t\t\t<\/div>\n\t\t\t\t<\/div>\n\t\t\t\t<div class=\"elementor-element elementor-element-3572cebb animated-slow elementor-invisible elementor-widget elementor-widget-text-editor\" data-id=\"3572cebb\" data-element_type=\"widget\" data-settings=\"{&quot;_animation&quot;:&quot;fadeIn&quot;,&quot;_animation_delay&quot;:300}\" data-widget_type=\"text-editor.default\">\n\t\t\t\t<div class=\"elementor-widget-container\">\n\t\t\t\t\t\t\t\t\t<p>In addition to window d\u00e9cor, Linder Tisseur Cr\u00e9ateur creates a range of blankets, quilts and throws to complement the fabric and curtain collections perfectly, and with the same regard for quality of manufacture and outstanding looks.<\/p>\t\t\t\t\t\t\t\t<\/div>\n\t\t\t\t<\/div>\n\t\t\t\t<div class=\"elementor-element elementor-element-4813ead7 elementor-tablet-align-center btn-clair animated-slow elementor-invisible elementor-widget elementor-widget-button\" data-id=\"4813ead7\" data-element_type=\"widget\" data-settings=\"{&quot;_animation&quot;:&quot;fadeIn&quot;,&quot;_animation_delay&quot;:450}\" data-widget_type=\"button.default\">\n\t\t\t\t<div class=\"elementor-widget-container\">\n\t\t\t\t\t\t\t\t\t<div class=\"elementor-button-wrapper\">\n\t\t\t\t\t<a class=\"elementor-button elementor-button-link elementor-size-sm\" href=\"#intro\">\n\t\t\t\t\t\t<span class=\"elementor-button-content-wrapper\">\n\t\t\t\t\t\t\t\t\t<span class=\"elementor-button-text\">Discover<\/span>\n\t\t\t\t\t<\/span>\n\t\t\t\t\t<\/a>\n\t\t\t\t<\/div>\n\t\t\t\t\t\t\t\t<\/div>\n\t\t\t\t<\/div>\n\t\t\t\t\t<\/div>\n\t\t<\/div>\n\t\t\t\t\t<\/div>\n\t\t<\/section>\n\t\t\t\t\t<\/div>\n\t\t<\/div>\n\t\t\t\t\t<\/div>\n\t\t<\/section>\n\t\t\t\t<section class=\"elementor-section elementor-top-section elementor-element elementor-element-51ae0846 elementor-section-boxed elementor-section-height-default elementor-section-height-default\" data-id=\"51ae0846\" data-element_type=\"section\" id=\"intro\">\n\t\t\t\t\t\t<div class=\"elementor-container elementor-column-gap-default\">\n\t\t\t\t\t<div class=\"elementor-column elementor-col-50 elementor-top-column elementor-element elementor-element-5b4fdb67 animated-slow elementor-invisible\" data-id=\"5b4fdb67\" data-element_type=\"column\" data-settings=\"{&quot;background_background&quot;:&quot;classic&quot;,&quot;animation&quot;:&quot;fadeIn&quot;}\">\n\t\t\t<div class=\"elementor-widget-wrap elementor-element-populated\">\n\t\t\t\t\t\t<div class=\"elementor-element elementor-element-3cc0a08 elementor-widget elementor-widget-heading\" data-id=\"3cc0a08\" data-element_type=\"widget\" data-widget_type=\"heading.default\">\n\t\t\t\t<div class=\"elementor-widget-container\">\n\t\t\t\t\t<h2 class=\"elementor-heading-title elementor-size-default\">Linder Tisseur Cr\u00e9ateur bedding<\/h2>\t\t\t\t<\/div>\n\t\t\t\t<\/div>\n\t\t\t\t<div class=\"elementor-element elementor-element-58208adc elementor-widget elementor-widget-text-editor\" data-id=\"58208adc\" data-element_type=\"widget\" data-widget_type=\"text-editor.default\">\n\t\t\t\t<div class=\"elementor-widget-container\">\n\t\t\t\t\t\t\t\t\t<p>Discover a complete range of comfortable and elegant blankets, quilts and throws in plain, neutral colours or bright designs, or with understated or bolder patterns.&nbsp;<\/p>\n<p>Whether they come in cotton, linen or polyester, all our bedcovers, throws and blankets are available in a wide variety of colours and sizes.<\/p>\n<p class=\"translation-block\">Do not hesitate to ask for information on how to build up a collection of bed linen for your sales outlet. Some product references have been created to complement perfectly our collections of <a href=\"https:\/\/www.linder.fr\/en\/our-collections\/sheer-curtains\/\" target=\"_self\">sheer curtains<\/a> and <a href=\"https:\/\/www.linder.fr\/en\/our-collections\/curtains-and-fabrics\/\" target=\"_self\">fabrics<\/a> made in France.<\/p>\t\t\t\t\t\t\t\t<\/div>\n\t\t\t\t<\/div>\n\t\t\t\t<div class=\"elementor-element elementor-element-847c389 elementor-widget elementor-widget-button\" data-id=\"847c389\" data-element_type=\"widget\" data-widget_type=\"button.default\">\n\t\t\t\t<div class=\"elementor-widget-container\">\n\t\t\t\t\t\t\t\t\t<div class=\"elementor-button-wrapper\">\n\t\t\t\t\t<a class=\"elementor-button elementor-button-link elementor-size-sm\" href=\"https:\/\/www.linder.fr\/en\/contact\/\">\n\t\t\t\t\t\t<span class=\"elementor-button-content-wrapper\">\n\t\t\t\t\t\t\t\t\t<span class=\"elementor-button-text\">Contact Us<\/span>\n\t\t\t\t\t<\/span>\n\t\t\t\t\t<\/a>\n\t\t\t\t<\/div>\n\t\t\t\t\t\t\t\t<\/div>\n\t\t\t\t<\/div>\n\t\t\t\t\t<\/div>\n\t\t<\/div>\n\t\t\t\t<div class=\"elementor-column elementor-col-50 elementor-top-column elementor-element elementor-element-724ced3a animated-slow elementor-invisible\" data-id=\"724ced3a\" data-element_type=\"column\" data-settings=\"{&quot;background_background&quot;:&quot;classic&quot;,&quot;animation&quot;:&quot;fadeIn&quot;}\">\n\t\t\t<div class=\"elementor-widget-wrap elementor-element-populated\">\n\t\t\t\t\t\t<div class=\"elementor-element elementor-element-7cc98db elementor-widget elementor-widget-spacer\" data-id=\"7cc98db\" data-element_type=\"widget\" data-widget_type=\"spacer.default\">\n\t\t\t\t<div class=\"elementor-widget-container\">\n\t\t\t\t\t\t\t<div class=\"elementor-spacer\">\n\t\t\t<div class=\"elementor-spacer-inner\"><\/div>\n\t\t<\/div>\n\t\t\t\t\t\t<\/div>\n\t\t\t\t<\/div>\n\t\t\t\t\t<\/div>\n\t\t<\/div>\n\t\t\t\t\t<\/div>\n\t\t<\/section>\n\t\t\t\t<section class=\"elementor-section elementor-top-section elementor-element elementor-element-6a6f06e9 elementor-section-boxed elementor-section-height-default elementor-section-height-default\" data-id=\"6a6f06e9\" data-element_type=\"section\">\n\t\t\t\t\t\t<div class=\"elementor-container elementor-column-gap-default\">\n\t\t\t\t\t<div class=\"elementor-column elementor-col-50 elementor-top-column elementor-element elementor-element-78a837c6\" data-id=\"78a837c6\" data-element_type=\"column\" data-settings=\"{&quot;background_background&quot;:&quot;classic&quot;}\">\n\t\t\t<div class=\"elementor-widget-wrap elementor-element-populated\">\n\t\t\t\t\t\t<div class=\"elementor-element elementor-element-3535cbb elementor-widget elementor-widget-spacer\" data-id=\"3535cbb\" data-element_type=\"widget\" data-widget_type=\"spacer.default\">\n\t\t\t\t<div class=\"elementor-widget-container\">\n\t\t\t\t\t\t\t<div class=\"elementor-spacer\">\n\t\t\t<div class=\"elementor-spacer-inner\"><\/div>\n\t\t<\/div>\n\t\t\t\t\t\t<\/div>\n\t\t\t\t<\/div>\n\t\t\t\t\t<\/div>\n\t\t<\/div>\n\t\t\t\t<div class=\"elementor-column elementor-col-50 elementor-top-column elementor-element elementor-element-3e91b783\" data-id=\"3e91b783\" data-element_type=\"column\">\n\t\t\t<div class=\"elementor-widget-wrap elementor-element-populated\">\n\t\t\t\t\t\t<section class=\"elementor-section elementor-inner-section elementor-element elementor-element-5e238b4c elementor-section-full_width elementor-section-height-default elementor-section-height-default\" data-id=\"5e238b4c\" data-element_type=\"section\">\n\t\t\t\t\t\t<div class=\"elementor-container elementor-column-gap-default\">\n\t\t\t\t\t<div class=\"elementor-column elementor-col-100 elementor-inner-column elementor-element elementor-element-66fab218 animated-slow elementor-invisible\" data-id=\"66fab218\" data-element_type=\"column\" data-settings=\"{&quot;background_background&quot;:&quot;classic&quot;,&quot;animation&quot;:&quot;fadeIn&quot;}\">\n\t\t\t<div class=\"elementor-widget-wrap elementor-element-populated\">\n\t\t\t\t\t\t<div class=\"elementor-element elementor-element-1a10012e elementor-widget elementor-widget-spacer\" data-id=\"1a10012e\" data-element_type=\"widget\" data-widget_type=\"spacer.default\">\n\t\t\t\t<div class=\"elementor-widget-container\">\n\t\t\t\t\t\t\t<div class=\"elementor-spacer\">\n\t\t\t<div class=\"elementor-spacer-inner\"><\/div>\n\t\t<\/div>\n\t\t\t\t\t\t<\/div>\n\t\t\t\t<\/div>\n\t\t\t\t\t<\/div>\n\t\t<\/div>\n\t\t\t\t\t<\/div>\n\t\t<\/section>\n\t\t\t\t<section class=\"elementor-section elementor-inner-section elementor-element elementor-element-97528a7 elementor-section-full_width elementor-section-height-default elementor-section-height-default\" data-id=\"97528a7\" data-element_type=\"section\">\n\t\t\t\t\t\t<div class=\"elementor-container elementor-column-gap-default\">\n\t\t\t\t\t<div class=\"elementor-column elementor-col-100 elementor-inner-column elementor-element elementor-element-ff05a1f animated-slow elementor-hidden-desktop elementor-hidden-tablet elementor-hidden-mobile elementor-invisible\" data-id=\"ff05a1f\" data-element_type=\"column\" data-settings=\"{&quot;background_background&quot;:&quot;classic&quot;,&quot;animation&quot;:&quot;fadeIn&quot;}\">\n\t\t\t<div class=\"elementor-widget-wrap elementor-element-populated\">\n\t\t\t\t\t\t<div class=\"elementor-element elementor-element-1af678e elementor-widget elementor-widget-spacer\" data-id=\"1af678e\" data-element_type=\"widget\" data-widget_type=\"spacer.default\">\n\t\t\t\t<div class=\"elementor-widget-container\">\n\t\t\t\t\t\t\t<div class=\"elementor-spacer\">\n\t\t\t<div class=\"elementor-spacer-inner\"><\/div>\n\t\t<\/div>\n\t\t\t\t\t\t<\/div>\n\t\t\t\t<\/div>\n\t\t\t\t\t<\/div>\n\t\t<\/div>\n\t\t\t\t\t<\/div>\n\t\t<\/section>\n\t\t\t\t\t<\/div>\n\t\t<\/div>\n\t\t\t\t\t<\/div>\n\t\t<\/section>\n\t\t\t\t<section class=\"elementor-section elementor-top-section elementor-element elementor-element-e0e0e17 elementor-section-boxed elementor-section-height-default elementor-section-height-default\" data-id=\"e0e0e17\" data-element_type=\"section\">\n\t\t\t\t\t\t<div class=\"elementor-container elementor-column-gap-default\">\n\t\t\t\t\t<div class=\"elementor-column elementor-col-50 elementor-top-column elementor-element elementor-element-1746b3a6 animated-slow elementor-invisible\" data-id=\"1746b3a6\" data-element_type=\"column\" data-settings=\"{&quot;background_background&quot;:&quot;classic&quot;,&quot;animation&quot;:&quot;fadeIn&quot;}\">\n\t\t\t<div class=\"elementor-widget-wrap elementor-element-populated\">\n\t\t\t\t\t\t<div class=\"elementor-element elementor-element-3fa55726 elementor-widget elementor-widget-spacer\" data-id=\"3fa55726\" data-element_type=\"widget\" data-widget_type=\"spacer.default\">\n\t\t\t\t<div class=\"elementor-widget-container\">\n\t\t\t\t\t\t\t<div class=\"elementor-spacer\">\n\t\t\t<div class=\"elementor-spacer-inner\"><\/div>\n\t\t<\/div>\n\t\t\t\t\t\t<\/div>\n\t\t\t\t<\/div>\n\t\t\t\t\t<\/div>\n\t\t<\/div>\n\t\t\t\t<div class=\"elementor-column elementor-col-50 elementor-top-column elementor-element elementor-element-ab07bc1 animated-slow elementor-invisible\" data-id=\"ab07bc1\" data-element_type=\"column\" data-settings=\"{&quot;background_background&quot;:&quot;classic&quot;,&quot;animation&quot;:&quot;fadeIn&quot;}\">\n\t\t\t<div class=\"elementor-widget-wrap elementor-element-populated\">\n\t\t\t\t\t\t<div class=\"elementor-element elementor-element-10617709 elementor-widget elementor-widget-spacer\" data-id=\"10617709\" data-element_type=\"widget\" data-widget_type=\"spacer.default\">\n\t\t\t\t<div class=\"elementor-widget-container\">\n\t\t\t\t\t\t\t<div class=\"elementor-spacer\">\n\t\t\t<div class=\"elementor-spacer-inner\"><\/div>\n\t\t<\/div>\n\t\t\t\t\t\t<\/div>\n\t\t\t\t<\/div>\n\t\t\t\t\t<\/div>\n\t\t<\/div>\n\t\t\t\t\t<\/div>\n\t\t<\/section>\n\t\t<div class=\"elementor-element elementor-element-7a186f50 e-flex e-con-boxed e-con e-parent\" data-id=\"7a186f50\" data-element_type=\"container\">\n\t\t\t\t\t<div class=\"e-con-inner\">\n\t\t\t\t<div class=\"elementor-element elementor-element-3441ad9e elementor-widget elementor-widget-spacer\" data-id=\"3441ad9e\" data-element_type=\"widget\" data-widget_type=\"spacer.default\">\n\t\t\t\t<div class=\"elementor-widget-container\">\n\t\t\t\t\t\t\t<div class=\"elementor-spacer\">\n\t\t\t<div class=\"elementor-spacer-inner\"><\/div>\n\t\t<\/div>\n\t\t\t\t\t\t<\/div>\n\t\t\t\t<\/div>\n\t\t\t\t\t<\/div>\n\t\t\t\t<\/div>\n\t\t\t\t<\/div>","protected":false},"excerpt":{"rendered":"<p>Plaids, boutis &amp; jet\u00e9s de lits En compl\u00e9ment de la d\u00e9coration de la fen\u00eatre, Linder Tisseur Cr\u00e9ateur cr\u00e9e avec le m\u00eame soin apport\u00e9 \u00e0 la qualit\u00e9 de fabrication et d&rsquo;esth\u00e9tisme, une gamme de plaids, boutis, jet\u00e9s de lit en accord parfait avec les collections de tissus et de voilages. D\u00e9couvrir La literie Linder Tisseur Cr\u00e9ateur [&hellip;]<\/p>\n","protected":false},"author":1,"featured_media":9173,"parent":42,"menu_order":0,"comment_status":"closed","ping_status":"closed","template":"","meta":{"_acf_changed":false,"footnotes":""},"class_list":["post-48","page","type-page","status-publish","has-post-thumbnail","hentry"],"acf":[],"yoast_head":"<!-- This site is optimized with the Yoast SEO plugin v27.2 - https:\/\/yoast.com\/product\/yoast-seo-wordpress\/ -->\n<title>Plaids, boutis et jet\u00e9s de lits &#060; Linder Tisseur Cr\u00e9ateur Fabricant de tissus, voilages, rideaux, literie, nappage, coussins<\/title>\n<meta name=\"robots\" content=\"index, follow, max-snippet:-1, max-image-preview:large, max-video-preview:-1\" \/>\n<link rel=\"canonical\" href=\"https:\/\/www.linder.fr\/en\/our-collections\/blankets-and-throws\/\" \/>\n<meta property=\"og:locale\" content=\"en_GB\" \/>\n<meta property=\"og:type\" content=\"article\" \/>\n<meta property=\"og:title\" content=\"Plaids, boutis et jet\u00e9s de lits &#060; Linder Tisseur Cr\u00e9ateur Fabricant de tissus, voilages, rideaux, literie, nappage, coussins\" \/>\n<meta property=\"og:description\" content=\"Plaids, boutis &amp; jet\u00e9s de lits En compl\u00e9ment de la d\u00e9coration de la fen\u00eatre, Linder Tisseur Cr\u00e9ateur cr\u00e9e avec le m\u00eame soin apport\u00e9 \u00e0 la qualit\u00e9 de fabrication et d&rsquo;esth\u00e9tisme, une gamme de plaids, boutis, jet\u00e9s de lit en accord parfait avec les collections de tissus et de voilages. D\u00e9couvrir La literie Linder Tisseur Cr\u00e9ateur [&hellip;]\" \/>\n<meta property=\"og:url\" content=\"https:\/\/www.linder.fr\/en\/our-collections\/blankets-and-throws\/\" \/>\n<meta property=\"og:site_name\" content=\"Linder Tisseur Cr\u00e9ateur Fabricant de tissus, voilages, rideaux, literie, nappage, coussins\" \/>\n<meta property=\"article:modified_time\" content=\"2025-09-02T12:00:04+00:00\" \/>\n<meta property=\"og:image\" content=\"http:\/\/www.linder.fr\/wp-content\/uploads\/Plaid-hawai-Linder.jpg\" \/>\n\t<meta property=\"og:image:width\" content=\"1300\" \/>\n\t<meta property=\"og:image:height\" content=\"987\" \/>\n\t<meta property=\"og:image:type\" content=\"image\/jpeg\" \/>\n<meta name=\"twitter:card\" content=\"summary_large_image\" \/>\n<meta name=\"twitter:label1\" content=\"Estimated reading time\" \/>\n\t<meta name=\"twitter:data1\" content=\"1 minute\" \/>\n<script type=\"application\/ld+json\" class=\"yoast-schema-graph\">{\"@context\":\"https:\/\/schema.org\",\"@graph\":[{\"@type\":\"WebPage\",\"@id\":\"https:\/\/www.linder.fr\/nos-collections\/plaids-boutis-jetes-de-lits\/\",\"url\":\"https:\/\/www.linder.fr\/nos-collections\/plaids-boutis-jetes-de-lits\/\",\"name\":\"Plaids, boutis et jet\u00e9s de lits &#060; Linder Tisseur Cr\u00e9ateur Fabricant de tissus, voilages, rideaux, literie, nappage, coussins\",\"isPartOf\":{\"@id\":\"https:\/\/www.linder.fr\/#website\"},\"primaryImageOfPage\":{\"@id\":\"https:\/\/www.linder.fr\/nos-collections\/plaids-boutis-jetes-de-lits\/#primaryimage\"},\"image\":{\"@id\":\"https:\/\/www.linder.fr\/nos-collections\/plaids-boutis-jetes-de-lits\/#primaryimage\"},\"thumbnailUrl\":\"https:\/\/www.linder.fr\/wp-content\/uploads\/Plaid-hawai-Linder.jpg\",\"datePublished\":\"2021-11-16T08:26:46+00:00\",\"dateModified\":\"2025-09-02T12:00:04+00:00\",\"breadcrumb\":{\"@id\":\"https:\/\/www.linder.fr\/nos-collections\/plaids-boutis-jetes-de-lits\/#breadcrumb\"},\"inLanguage\":\"en-GB\",\"potentialAction\":[{\"@type\":\"ReadAction\",\"target\":[\"https:\/\/www.linder.fr\/nos-collections\/plaids-boutis-jetes-de-lits\/\"]}]},{\"@type\":\"ImageObject\",\"inLanguage\":\"en-GB\",\"@id\":\"https:\/\/www.linder.fr\/nos-collections\/plaids-boutis-jetes-de-lits\/#primaryimage\",\"url\":\"https:\/\/www.linder.fr\/wp-content\/uploads\/Plaid-hawai-Linder.jpg\",\"contentUrl\":\"https:\/\/www.linder.fr\/wp-content\/uploads\/Plaid-hawai-Linder.jpg\",\"width\":1300,\"height\":987},{\"@type\":\"BreadcrumbList\",\"@id\":\"https:\/\/www.linder.fr\/nos-collections\/plaids-boutis-jetes-de-lits\/#breadcrumb\",\"itemListElement\":[{\"@type\":\"ListItem\",\"position\":1,\"name\":\"Linder\",\"item\":\"https:\/\/www.linder.fr\/\"},{\"@type\":\"ListItem\",\"position\":2,\"name\":\"Nos collections\",\"item\":\"https:\/\/www.linder.fr\/nos-collections\/\"},{\"@type\":\"ListItem\",\"position\":3,\"name\":\"Plaids, boutis et jet\u00e9s de lits\"}]},{\"@type\":\"WebSite\",\"@id\":\"https:\/\/www.linder.fr\/#website\",\"url\":\"https:\/\/www.linder.fr\/\",\"name\":\"Linder Tisseur Cr\u00e9ateur Fabricant de tissus, voilages, rideaux, literie, nappage, coussins\",\"description\":\"Linder est un Tisseur Cr\u00e9ateur Fran\u00e7ais Fabricant de tissus, voilages, rideaux, nappages, literie et housses de coussins install\u00e9 dans la Loire depuis 1904. Linder le textile &quot;Made in France&quot;\",\"publisher\":{\"@id\":\"https:\/\/www.linder.fr\/#organization\"},\"potentialAction\":[{\"@type\":\"SearchAction\",\"target\":{\"@type\":\"EntryPoint\",\"urlTemplate\":\"https:\/\/www.linder.fr\/?s={search_term_string}\"},\"query-input\":{\"@type\":\"PropertyValueSpecification\",\"valueRequired\":true,\"valueName\":\"search_term_string\"}}],\"inLanguage\":\"en-GB\"},{\"@type\":\"Organization\",\"@id\":\"https:\/\/www.linder.fr\/#organization\",\"name\":\"Linder\",\"url\":\"https:\/\/www.linder.fr\/\",\"logo\":{\"@type\":\"ImageObject\",\"inLanguage\":\"en-GB\",\"@id\":\"https:\/\/www.linder.fr\/#\/schema\/logo\/image\/\",\"url\":\"https:\/\/www.linder.fr\/wp-content\/uploads\/logo-linder.png\",\"contentUrl\":\"https:\/\/www.linder.fr\/wp-content\/uploads\/logo-linder.png\",\"width\":800,\"height\":347,\"caption\":\"Linder\"},\"image\":{\"@id\":\"https:\/\/www.linder.fr\/#\/schema\/logo\/image\/\"}}]}<\/script>\n<!-- \/ Yoast SEO plugin. -->","yoast_head_json":{"title":"Plaids, boutis et jet\u00e9s de lits &#060; Linder Tisseur Cr\u00e9ateur Fabricant de tissus, voilages, rideaux, literie, nappage, coussins","robots":{"index":"index","follow":"follow","max-snippet":"max-snippet:-1","max-image-preview":"max-image-preview:large","max-video-preview":"max-video-preview:-1"},"canonical":"https:\/\/www.linder.fr\/en\/our-collections\/blankets-and-throws\/","og_locale":"en_GB","og_type":"article","og_title":"Plaids, boutis et jet\u00e9s de lits &#060; Linder Tisseur Cr\u00e9ateur Fabricant de tissus, voilages, rideaux, literie, nappage, coussins","og_description":"Plaids, boutis &amp; jet\u00e9s de lits En compl\u00e9ment de la d\u00e9coration de la fen\u00eatre, Linder Tisseur Cr\u00e9ateur cr\u00e9e avec le m\u00eame soin apport\u00e9 \u00e0 la qualit\u00e9 de fabrication et d&rsquo;esth\u00e9tisme, une gamme de plaids, boutis, jet\u00e9s de lit en accord parfait avec les collections de tissus et de voilages. D\u00e9couvrir La literie Linder Tisseur Cr\u00e9ateur [&hellip;]","og_url":"https:\/\/www.linder.fr\/en\/our-collections\/blankets-and-throws\/","og_site_name":"Linder Tisseur Cr\u00e9ateur Fabricant de tissus, voilages, rideaux, literie, nappage, coussins","article_modified_time":"2025-09-02T12:00:04+00:00","og_image":[{"width":1300,"height":987,"url":"http:\/\/www.linder.fr\/wp-content\/uploads\/Plaid-hawai-Linder.jpg","type":"image\/jpeg"}],"twitter_card":"summary_large_image","twitter_misc":{"Estimated reading time":"1 minute"},"schema":{"@context":"https:\/\/schema.org","@graph":[{"@type":"WebPage","@id":"https:\/\/www.linder.fr\/nos-collections\/plaids-boutis-jetes-de-lits\/","url":"https:\/\/www.linder.fr\/nos-collections\/plaids-boutis-jetes-de-lits\/","name":"Plaids, boutis et jet\u00e9s de lits &#060; Linder Tisseur Cr\u00e9ateur Fabricant de tissus, voilages, rideaux, literie, nappage, coussins","isPartOf":{"@id":"https:\/\/www.linder.fr\/#website"},"primaryImageOfPage":{"@id":"https:\/\/www.linder.fr\/nos-collections\/plaids-boutis-jetes-de-lits\/#primaryimage"},"image":{"@id":"https:\/\/www.linder.fr\/nos-collections\/plaids-boutis-jetes-de-lits\/#primaryimage"},"thumbnailUrl":"https:\/\/www.linder.fr\/wp-content\/uploads\/Plaid-hawai-Linder.jpg","datePublished":"2021-11-16T08:26:46+00:00","dateModified":"2025-09-02T12:00:04+00:00","breadcrumb":{"@id":"https:\/\/www.linder.fr\/nos-collections\/plaids-boutis-jetes-de-lits\/#breadcrumb"},"inLanguage":"en-GB","potentialAction":[{"@type":"ReadAction","target":["https:\/\/www.linder.fr\/nos-collections\/plaids-boutis-jetes-de-lits\/"]}]},{"@type":"ImageObject","inLanguage":"en-GB","@id":"https:\/\/www.linder.fr\/nos-collections\/plaids-boutis-jetes-de-lits\/#primaryimage","url":"https:\/\/www.linder.fr\/wp-content\/uploads\/Plaid-hawai-Linder.jpg","contentUrl":"https:\/\/www.linder.fr\/wp-content\/uploads\/Plaid-hawai-Linder.jpg","width":1300,"height":987},{"@type":"BreadcrumbList","@id":"https:\/\/www.linder.fr\/nos-collections\/plaids-boutis-jetes-de-lits\/#breadcrumb","itemListElement":[{"@type":"ListItem","position":1,"name":"Linder","item":"https:\/\/www.linder.fr\/"},{"@type":"ListItem","position":2,"name":"Nos collections","item":"https:\/\/www.linder.fr\/nos-collections\/"},{"@type":"ListItem","position":3,"name":"Plaids, boutis et jet\u00e9s de lits"}]},{"@type":"WebSite","@id":"https:\/\/www.linder.fr\/#website","url":"https:\/\/www.linder.fr\/","name":"Linder Tisseur Cr\u00e9ateur Fabricant de tissus, voilages, rideaux, literie, nappage, coussins","description":"Linder est un Tisseur Cr\u00e9ateur Fran\u00e7ais Fabricant de tissus, voilages, rideaux, nappages, literie et housses de coussins install\u00e9 dans la Loire depuis 1904. Linder le textile &quot;Made in France&quot;","publisher":{"@id":"https:\/\/www.linder.fr\/#organization"},"potentialAction":[{"@type":"SearchAction","target":{"@type":"EntryPoint","urlTemplate":"https:\/\/www.linder.fr\/?s={search_term_string}"},"query-input":{"@type":"PropertyValueSpecification","valueRequired":true,"valueName":"search_term_string"}}],"inLanguage":"en-GB"},{"@type":"Organization","@id":"https:\/\/www.linder.fr\/#organization","name":"Linder","url":"https:\/\/www.linder.fr\/","logo":{"@type":"ImageObject","inLanguage":"en-GB","@id":"https:\/\/www.linder.fr\/#\/schema\/logo\/image\/","url":"https:\/\/www.linder.fr\/wp-content\/uploads\/logo-linder.png","contentUrl":"https:\/\/www.linder.fr\/wp-content\/uploads\/logo-linder.png","width":800,"height":347,"caption":"Linder"},"image":{"@id":"https:\/\/www.linder.fr\/#\/schema\/logo\/image\/"}}]}},"_links":{"self":[{"href":"https:\/\/www.linder.fr\/en\/wp-json\/wp\/v2\/pages\/48","targetHints":{"allow":["GET"]}}],"collection":[{"href":"https:\/\/www.linder.fr\/en\/wp-json\/wp\/v2\/pages"}],"about":[{"href":"https:\/\/www.linder.fr\/en\/wp-json\/wp\/v2\/types\/page"}],"author":[{"embeddable":true,"href":"https:\/\/www.linder.fr\/en\/wp-json\/wp\/v2\/users\/1"}],"replies":[{"embeddable":true,"href":"https:\/\/www.linder.fr\/en\/wp-json\/wp\/v2\/comments?post=48"}],"version-history":[{"count":103,"href":"https:\/\/www.linder.fr\/en\/wp-json\/wp\/v2\/pages\/48\/revisions"}],"predecessor-version":[{"id":9768,"href":"https:\/\/www.linder.fr\/en\/wp-json\/wp\/v2\/pages\/48\/revisions\/9768"}],"up":[{"embeddable":true,"href":"https:\/\/www.linder.fr\/en\/wp-json\/wp\/v2\/pages\/42"}],"wp:featuredmedia":[{"embeddable":true,"href":"https:\/\/www.linder.fr\/en\/wp-json\/wp\/v2\/media\/9173"}],"wp:attachment":[{"href":"https:\/\/www.linder.fr\/en\/wp-json\/wp\/v2\/media?parent=48"}],"curies":[{"name":"wp","href":"https:\/\/api.w.org\/{rel}","templated":true}]}}