{"id":30,"date":"2021-11-16T09:23:50","date_gmt":"2021-11-16T08:23:50","guid":{"rendered":"http:\/\/www.linder.fr\/?page_id=30"},"modified":"2025-09-02T13:55:05","modified_gmt":"2025-09-02T11:55:05","slug":"warping","status":"publish","type":"page","link":"https:\/\/www.linder.fr\/en\/fabricant-tissus\/ourdissage\/","title":{"rendered":"Warping"},"content":{"rendered":"<div data-elementor-type=\"wp-page\" data-elementor-id=\"30\" class=\"elementor elementor-30\" data-elementor-post-type=\"page\">\n\t\t\t\t\t\t<section class=\"elementor-section elementor-top-section elementor-element elementor-element-78bd1eda elementor-section-height-min-height elementor-section-items-stretch elementor-section-content-middle animated-slow page-intro elementor-section-boxed elementor-section-height-default elementor-invisible\" data-id=\"78bd1eda\" data-element_type=\"section\" data-settings=\"{&quot;background_background&quot;:&quot;classic&quot;,&quot;animation&quot;:&quot;fadeIn&quot;}\">\n\t\t\t\t\t\t<div class=\"elementor-container elementor-column-gap-default\">\n\t\t\t\t\t<div class=\"elementor-column elementor-col-100 elementor-top-column elementor-element elementor-element-4377420d\" data-id=\"4377420d\" data-element_type=\"column\" data-settings=\"{&quot;background_background&quot;:&quot;classic&quot;}\">\n\t\t\t<div class=\"elementor-widget-wrap elementor-element-populated\">\n\t\t\t\t\t<div class=\"elementor-background-overlay\"><\/div>\n\t\t\t\t\t\t<section class=\"elementor-section elementor-inner-section elementor-element elementor-element-1177071a elementor-section-full_width elementor-section-height-default elementor-section-height-default\" data-id=\"1177071a\" data-element_type=\"section\">\n\t\t\t\t\t\t<div class=\"elementor-container elementor-column-gap-default\">\n\t\t\t\t\t<div class=\"elementor-column elementor-col-100 elementor-inner-column elementor-element elementor-element-77e49744\" data-id=\"77e49744\" data-element_type=\"column\">\n\t\t\t<div class=\"elementor-widget-wrap elementor-element-populated\">\n\t\t\t\t\t\t<div class=\"elementor-element elementor-element-185b9abd animated-slow elementor-invisible elementor-widget elementor-widget-heading\" data-id=\"185b9abd\" data-element_type=\"widget\" data-settings=\"{&quot;_animation&quot;:&quot;fadeIn&quot;,&quot;_animation_delay&quot;:150}\" data-widget_type=\"heading.default\">\n\t\t\t\t<div class=\"elementor-widget-container\">\n\t\t\t\t\t<h1 class=\"elementor-heading-title elementor-size-default\">Warping<\/h1>\t\t\t\t<\/div>\n\t\t\t\t<\/div>\n\t\t\t\t<div class=\"elementor-element elementor-element-531306d sous-titre elementor-widget elementor-widget-text-editor\" data-id=\"531306d\" data-element_type=\"widget\" data-widget_type=\"text-editor.default\">\n\t\t\t\t<div class=\"elementor-widget-container\">\n\t\t\t\t\t\t\t\t\t<p>SAINT-MARCEL DE F\u00c9LINES (LOIRE, France)<\/p>\t\t\t\t\t\t\t\t<\/div>\n\t\t\t\t<\/div>\n\t\t\t\t<div class=\"elementor-element elementor-element-071268a drapeau-fr elementor-widget__width-initial elementor-widget-mobile__width-initial elementor-widget elementor-widget-global elementor-global-2440 elementor-widget-spacer\" data-id=\"071268a\" data-element_type=\"widget\" data-widget_type=\"spacer.default\">\n\t\t\t\t<div class=\"elementor-widget-container\">\n\t\t\t\t\t\t\t<div class=\"elementor-spacer\">\n\t\t\t<div class=\"elementor-spacer-inner\"><\/div>\n\t\t<\/div>\n\t\t\t\t\t\t<\/div>\n\t\t\t\t<\/div>\n\t\t\t\t<div class=\"elementor-element elementor-element-de81a40 animated-slow elementor-invisible elementor-widget elementor-widget-text-editor\" data-id=\"de81a40\" data-element_type=\"widget\" data-settings=\"{&quot;_animation&quot;:&quot;fadeIn&quot;,&quot;_animation_delay&quot;:300}\" data-widget_type=\"text-editor.default\">\n\t\t\t\t<div class=\"elementor-widget-container\">\n\t\t\t\t\t\t\t\t\t<p>On the creel, hundreds of bobbins are unwound with minute precision so that the yarns are laid next to one another to create the warp that will be used for weaving.<\/p>\t\t\t\t\t\t\t\t<\/div>\n\t\t\t\t<\/div>\n\t\t\t\t<div class=\"elementor-element elementor-element-41a4b5b9 elementor-tablet-align-center btn-clair animated-slow elementor-invisible elementor-widget elementor-widget-button\" data-id=\"41a4b5b9\" data-element_type=\"widget\" data-settings=\"{&quot;_animation&quot;:&quot;fadeIn&quot;,&quot;_animation_delay&quot;:450}\" data-widget_type=\"button.default\">\n\t\t\t\t<div class=\"elementor-widget-container\">\n\t\t\t\t\t\t\t\t\t<div class=\"elementor-button-wrapper\">\n\t\t\t\t\t<a class=\"elementor-button elementor-button-link elementor-size-sm\" href=\"#intro\">\n\t\t\t\t\t\t<span class=\"elementor-button-content-wrapper\">\n\t\t\t\t\t\t\t\t\t<span class=\"elementor-button-text\">Discover<\/span>\n\t\t\t\t\t<\/span>\n\t\t\t\t\t<\/a>\n\t\t\t\t<\/div>\n\t\t\t\t\t\t\t\t<\/div>\n\t\t\t\t<\/div>\n\t\t\t\t\t<\/div>\n\t\t<\/div>\n\t\t\t\t\t<\/div>\n\t\t<\/section>\n\t\t\t\t\t<\/div>\n\t\t<\/div>\n\t\t\t\t\t<\/div>\n\t\t<\/section>\n\t\t\t\t<section class=\"elementor-section elementor-top-section elementor-element elementor-element-6d91ff41 elementor-section-boxed elementor-section-height-default elementor-section-height-default elementor-invisible\" data-id=\"6d91ff41\" data-element_type=\"section\" id=\"intro\" data-settings=\"{&quot;background_background&quot;:&quot;classic&quot;,&quot;animation&quot;:&quot;fadeIn&quot;}\">\n\t\t\t\t\t\t\t<div class=\"elementor-background-overlay\"><\/div>\n\t\t\t\t\t\t\t<div class=\"elementor-container elementor-column-gap-default\">\n\t\t\t\t\t<div class=\"elementor-column elementor-col-100 elementor-top-column elementor-element elementor-element-ef10303\" data-id=\"ef10303\" data-element_type=\"column\">\n\t\t\t<div class=\"elementor-widget-wrap elementor-element-populated\">\n\t\t\t\t\t\t<section class=\"elementor-section elementor-inner-section elementor-element elementor-element-674c90bc elementor-section-full_width elementor-reverse-mobile elementor-section-height-default elementor-section-height-default\" data-id=\"674c90bc\" data-element_type=\"section\">\n\t\t\t\t\t\t<div class=\"elementor-container elementor-column-gap-default\">\n\t\t\t\t\t<div class=\"elementor-column elementor-col-50 elementor-inner-column elementor-element elementor-element-743de527 elementor-invisible\" data-id=\"743de527\" data-element_type=\"column\" data-settings=\"{&quot;background_background&quot;:&quot;classic&quot;,&quot;animation&quot;:&quot;fadeInLeft&quot;,&quot;animation_mobile&quot;:&quot;fadeIn&quot;}\">\n\t\t\t<div class=\"elementor-widget-wrap elementor-element-populated\">\n\t\t\t\t\t\t<div class=\"elementor-element elementor-element-624d5561 elementor-widget elementor-widget-spacer\" data-id=\"624d5561\" data-element_type=\"widget\" data-widget_type=\"spacer.default\">\n\t\t\t\t<div class=\"elementor-widget-container\">\n\t\t\t\t\t\t\t<div class=\"elementor-spacer\">\n\t\t\t<div class=\"elementor-spacer-inner\"><\/div>\n\t\t<\/div>\n\t\t\t\t\t\t<\/div>\n\t\t\t\t<\/div>\n\t\t\t\t\t<\/div>\n\t\t<\/div>\n\t\t\t\t<div class=\"elementor-column elementor-col-50 elementor-inner-column elementor-element elementor-element-68ad6a47 elementor-invisible\" data-id=\"68ad6a47\" data-element_type=\"column\" data-settings=\"{&quot;animation&quot;:&quot;fadeInRight&quot;,&quot;animation_mobile&quot;:&quot;fadeIn&quot;}\">\n\t\t\t<div class=\"elementor-widget-wrap elementor-element-populated\">\n\t\t\t\t\t\t<div class=\"elementor-element elementor-element-5065812b elementor-widget elementor-widget-heading\" data-id=\"5065812b\" data-element_type=\"widget\" data-widget_type=\"heading.default\">\n\t\t\t\t<div class=\"elementor-widget-container\">\n\t\t\t\t\t<h2 class=\"elementor-heading-title elementor-size-default\">Warping, the first step before weaving<\/h2>\t\t\t\t<\/div>\n\t\t\t\t<\/div>\n\t\t\t\t<div class=\"elementor-element elementor-element-8dea784 elementor-widget elementor-widget-text-editor\" data-id=\"8dea784\" data-element_type=\"widget\" data-widget_type=\"text-editor.default\">\n\t\t\t\t<div class=\"elementor-widget-container\">\n\t\t\t\t\t\t\t\t\t<p>This process consists of winding the yarns that will make up the warp, which will be placed at the back of the loom.<\/p>\n<p>Our ultra-modern warping machines stand alongside their illustrious historical predecessors, which are still in operation and are used for more rustic or traditional yarns (flax, hemp, etc.).<\/p>\n<p class=\"translation-block\">Warping takes place on the same site as <a href=\"https:\/\/www.linder.fr\/en\/made-in-france\/weaving\/\" target=\"_self\">weaving<\/a>, making it possible to switch from warping to weaving without any transport issues or interruption of the production process.<\/p>\t\t\t\t\t\t\t\t<\/div>\n\t\t\t\t<\/div>\n\t\t\t\t<div class=\"elementor-element elementor-element-724ca85 elementor-widget elementor-widget-spacer\" data-id=\"724ca85\" data-element_type=\"widget\" data-widget_type=\"spacer.default\">\n\t\t\t\t<div class=\"elementor-widget-container\">\n\t\t\t\t\t\t\t<div class=\"elementor-spacer\">\n\t\t\t<div class=\"elementor-spacer-inner\"><\/div>\n\t\t<\/div>\n\t\t\t\t\t\t<\/div>\n\t\t\t\t<\/div>\n\t\t\t\t\t<\/div>\n\t\t<\/div>\n\t\t\t\t\t<\/div>\n\t\t<\/section>\n\t\t\t\t<section class=\"elementor-section elementor-inner-section elementor-element elementor-element-4cdf77e0 elementor-section-full_width elementor-section-height-default elementor-section-height-default\" data-id=\"4cdf77e0\" data-element_type=\"section\">\n\t\t\t\t\t\t<div class=\"elementor-container elementor-column-gap-default\">\n\t\t\t\t\t<div class=\"elementor-column elementor-col-50 elementor-inner-column elementor-element elementor-element-7f95df51 elementor-invisible\" data-id=\"7f95df51\" data-element_type=\"column\" data-settings=\"{&quot;animation&quot;:&quot;fadeInLeft&quot;,&quot;animation_mobile&quot;:&quot;fadeIn&quot;}\">\n\t\t\t<div class=\"elementor-widget-wrap elementor-element-populated\">\n\t\t\t\t\t\t<div class=\"elementor-element elementor-element-312050f0 elementor-widget elementor-widget-heading\" data-id=\"312050f0\" data-element_type=\"widget\" data-widget_type=\"heading.default\">\n\t\t\t\t<div class=\"elementor-widget-container\">\n\t\t\t\t\t<h3 class=\"elementor-heading-title elementor-size-default\">Warping, a skill from the world of Haute Couture<\/h3>\t\t\t\t<\/div>\n\t\t\t\t<\/div>\n\t\t\t\t<div class=\"elementor-element elementor-element-3ae7a84b elementor-widget elementor-widget-text-editor\" data-id=\"3ae7a84b\" data-element_type=\"widget\" data-widget_type=\"text-editor.default\">\n\t\t\t\t<div class=\"elementor-widget-container\">\n\t\t\t\t\t\t\t\t\t<p>Warping requires great expertise, with each movement requiring precision, so that hundreds of yarns can be arranged next to one another.\u00a0<\/p><p class=\"translation-block\">A long period of training is required to obtain a perfect warp. These warp yarns will then encounter the weft yarn on our <a href=\"https:\/\/www.linder.fr\/en\/made-in-france\/weaving\/\" target=\"_self\">weaving looms<\/a> in our Saint-Marcel de F\u00e9lines factory. A perfect set-up for creating high quality fabrics.<\/p>\t\t\t\t\t\t\t\t<\/div>\n\t\t\t\t<\/div>\n\t\t\t\t\t<\/div>\n\t\t<\/div>\n\t\t\t\t<div class=\"elementor-column elementor-col-50 elementor-inner-column elementor-element elementor-element-51c23ea6 elementor-invisible\" data-id=\"51c23ea6\" data-element_type=\"column\" data-settings=\"{&quot;background_background&quot;:&quot;classic&quot;,&quot;animation&quot;:&quot;fadeInRight&quot;,&quot;animation_mobile&quot;:&quot;fadeIn&quot;}\">\n\t\t\t<div class=\"elementor-widget-wrap elementor-element-populated\">\n\t\t\t\t\t\t<div class=\"elementor-element elementor-element-2d3362eb elementor-widget elementor-widget-spacer\" data-id=\"2d3362eb\" data-element_type=\"widget\" data-widget_type=\"spacer.default\">\n\t\t\t\t<div class=\"elementor-widget-container\">\n\t\t\t\t\t\t\t<div class=\"elementor-spacer\">\n\t\t\t<div class=\"elementor-spacer-inner\"><\/div>\n\t\t<\/div>\n\t\t\t\t\t\t<\/div>\n\t\t\t\t<\/div>\n\t\t\t\t\t<\/div>\n\t\t<\/div>\n\t\t\t\t\t<\/div>\n\t\t<\/section>\n\t\t\t\t<section class=\"elementor-section elementor-inner-section elementor-element elementor-element-45034975 elementor-section-full_width elementor-section-height-default elementor-section-height-default\" data-id=\"45034975\" data-element_type=\"section\">\n\t\t\t\t\t\t<div class=\"elementor-container elementor-column-gap-default\">\n\t\t\t\t\t<div class=\"elementor-column elementor-col-50 elementor-inner-column elementor-element elementor-element-77188cac elementor-invisible\" data-id=\"77188cac\" data-element_type=\"column\" data-settings=\"{&quot;background_background&quot;:&quot;classic&quot;,&quot;animation&quot;:&quot;fadeInUp&quot;,&quot;animation_mobile&quot;:&quot;fadeIn&quot;}\">\n\t\t\t<div class=\"elementor-widget-wrap elementor-element-populated\">\n\t\t\t\t\t\t<div class=\"elementor-element elementor-element-2f21af12 elementor-widget elementor-widget-spacer\" data-id=\"2f21af12\" data-element_type=\"widget\" data-widget_type=\"spacer.default\">\n\t\t\t\t<div class=\"elementor-widget-container\">\n\t\t\t\t\t\t\t<div class=\"elementor-spacer\">\n\t\t\t<div class=\"elementor-spacer-inner\"><\/div>\n\t\t<\/div>\n\t\t\t\t\t\t<\/div>\n\t\t\t\t<\/div>\n\t\t\t\t\t<\/div>\n\t\t<\/div>\n\t\t\t\t<div class=\"elementor-column elementor-col-50 elementor-inner-column elementor-element elementor-element-b4fecbc\" data-id=\"b4fecbc\" data-element_type=\"column\">\n\t\t\t<div class=\"elementor-widget-wrap\">\n\t\t\t\t\t\t\t<\/div>\n\t\t<\/div>\n\t\t\t\t\t<\/div>\n\t\t<\/section>\n\t\t\t\t\t<\/div>\n\t\t<\/div>\n\t\t\t\t\t<\/div>\n\t\t<\/section>\n\t\t<div class=\"elementor-element elementor-element-c1d9b21 e-flex e-con-boxed e-con e-parent\" data-id=\"c1d9b21\" data-element_type=\"container\">\n\t\t\t\t\t<div class=\"e-con-inner\">\n\t\t\t\t<div class=\"elementor-element elementor-element-0748a16 elementor-widget elementor-widget-spacer\" data-id=\"0748a16\" data-element_type=\"widget\" data-widget_type=\"spacer.default\">\n\t\t\t\t<div class=\"elementor-widget-container\">\n\t\t\t\t\t\t\t<div class=\"elementor-spacer\">\n\t\t\t<div class=\"elementor-spacer-inner\"><\/div>\n\t\t<\/div>\n\t\t\t\t\t\t<\/div>\n\t\t\t\t<\/div>\n\t\t\t\t\t<\/div>\n\t\t\t\t<\/div>\n\t\t\t\t<\/div>","protected":false},"excerpt":{"rendered":"<p>Ourdissage SAINT-MARCEL DE F\u00c9LINES (LOIRE) Sur la cantre, des centaines de bobines se d\u00e9roulent avec une pr\u00e9cision d\u2019orf\u00e8vre pour venir d\u00e9poser les fils les uns \u00e0 c\u00f4t\u00e9 des autres et cr\u00e9er la cha\u00eene qui servira au tissage. D\u00e9couvrir L&rsquo;ourdissage, la premi\u00e8re \u00e9tape avant le tissage Cette op\u00e9ration consiste \u00e0 enrouler les fils qui vont composer [&hellip;]<\/p>\n","protected":false},"author":1,"featured_media":187,"parent":26,"menu_order":0,"comment_status":"closed","ping_status":"closed","template":"elementor_header_footer","meta":{"_acf_changed":false,"footnotes":""},"class_list":["post-30","page","type-page","status-publish","has-post-thumbnail","hentry"],"acf":[],"yoast_head":"<!-- This site is optimized with the Yoast SEO plugin v27.2 - https:\/\/yoast.com\/product\/yoast-seo-wordpress\/ -->\n<title>Ourdissage &#060; Linder Tisseur Cr\u00e9ateur Fabricant de tissus, voilages, rideaux, literie, nappage, coussins<\/title>\n<meta name=\"robots\" content=\"index, follow, max-snippet:-1, max-image-preview:large, max-video-preview:-1\" \/>\n<link rel=\"canonical\" href=\"https:\/\/www.linder.fr\/en\/manufacturers-fabrics\/warping\/\" \/>\n<meta property=\"og:locale\" content=\"en_GB\" \/>\n<meta property=\"og:type\" content=\"article\" \/>\n<meta property=\"og:title\" content=\"Ourdissage &#060; Linder Tisseur Cr\u00e9ateur Fabricant de tissus, voilages, rideaux, literie, nappage, coussins\" \/>\n<meta property=\"og:description\" content=\"Ourdissage SAINT-MARCEL DE F\u00c9LINES (LOIRE) Sur la cantre, des centaines de bobines se d\u00e9roulent avec une pr\u00e9cision d\u2019orf\u00e8vre pour venir d\u00e9poser les fils les uns \u00e0 c\u00f4t\u00e9 des autres et cr\u00e9er la cha\u00eene qui servira au tissage. D\u00e9couvrir L&rsquo;ourdissage, la premi\u00e8re \u00e9tape avant le tissage Cette op\u00e9ration consiste \u00e0 enrouler les fils qui vont composer [&hellip;]\" \/>\n<meta property=\"og:url\" content=\"https:\/\/www.linder.fr\/en\/manufacturers-fabrics\/warping\/\" \/>\n<meta property=\"og:site_name\" content=\"Linder Tisseur Cr\u00e9ateur Fabricant de tissus, voilages, rideaux, literie, nappage, coussins\" \/>\n<meta property=\"article:modified_time\" content=\"2025-09-02T11:55:05+00:00\" \/>\n<meta property=\"og:image\" content=\"http:\/\/www.linder.fr\/wp-content\/uploads\/thumbnail-ourdissage.jpg\" \/>\n\t<meta property=\"og:image:width\" content=\"800\" \/>\n\t<meta property=\"og:image:height\" content=\"800\" \/>\n\t<meta property=\"og:image:type\" content=\"image\/jpeg\" \/>\n<meta name=\"twitter:card\" content=\"summary_large_image\" \/>\n<meta name=\"twitter:label1\" content=\"Estimated reading time\" \/>\n\t<meta name=\"twitter:data1\" content=\"1 minute\" \/>\n<script type=\"application\/ld+json\" class=\"yoast-schema-graph\">{\"@context\":\"https:\/\/schema.org\",\"@graph\":[{\"@type\":\"WebPage\",\"@id\":\"https:\/\/www.linder.fr\/fabricant-tissus\/ourdissage\/\",\"url\":\"https:\/\/www.linder.fr\/fabricant-tissus\/ourdissage\/\",\"name\":\"Ourdissage &#060; Linder Tisseur Cr\u00e9ateur Fabricant de tissus, voilages, rideaux, literie, nappage, coussins\",\"isPartOf\":{\"@id\":\"https:\/\/www.linder.fr\/#website\"},\"primaryImageOfPage\":{\"@id\":\"https:\/\/www.linder.fr\/fabricant-tissus\/ourdissage\/#primaryimage\"},\"image\":{\"@id\":\"https:\/\/www.linder.fr\/fabricant-tissus\/ourdissage\/#primaryimage\"},\"thumbnailUrl\":\"https:\/\/www.linder.fr\/wp-content\/uploads\/thumbnail-ourdissage.jpg\",\"datePublished\":\"2021-11-16T08:23:50+00:00\",\"dateModified\":\"2025-09-02T11:55:05+00:00\",\"breadcrumb\":{\"@id\":\"https:\/\/www.linder.fr\/fabricant-tissus\/ourdissage\/#breadcrumb\"},\"inLanguage\":\"en-GB\",\"potentialAction\":[{\"@type\":\"ReadAction\",\"target\":[\"https:\/\/www.linder.fr\/fabricant-tissus\/ourdissage\/\"]}]},{\"@type\":\"ImageObject\",\"inLanguage\":\"en-GB\",\"@id\":\"https:\/\/www.linder.fr\/fabricant-tissus\/ourdissage\/#primaryimage\",\"url\":\"https:\/\/www.linder.fr\/wp-content\/uploads\/thumbnail-ourdissage.jpg\",\"contentUrl\":\"https:\/\/www.linder.fr\/wp-content\/uploads\/thumbnail-ourdissage.jpg\",\"width\":800,\"height\":800,\"caption\":\"Linder, tisseur cr\u00e9ateur - Fabrication fran\u00e7aise - Ourdissage\"},{\"@type\":\"BreadcrumbList\",\"@id\":\"https:\/\/www.linder.fr\/fabricant-tissus\/ourdissage\/#breadcrumb\",\"itemListElement\":[{\"@type\":\"ListItem\",\"position\":1,\"name\":\"Linder\",\"item\":\"https:\/\/www.linder.fr\/\"},{\"@type\":\"ListItem\",\"position\":2,\"name\":\"Fabricant de tissus\",\"item\":\"https:\/\/www.linder.fr\/fabricant-tissus\/\"},{\"@type\":\"ListItem\",\"position\":3,\"name\":\"Ourdissage\"}]},{\"@type\":\"WebSite\",\"@id\":\"https:\/\/www.linder.fr\/#website\",\"url\":\"https:\/\/www.linder.fr\/\",\"name\":\"Linder Tisseur Cr\u00e9ateur Fabricant de tissus, voilages, rideaux, literie, nappage, coussins\",\"description\":\"Linder est un Tisseur Cr\u00e9ateur Fran\u00e7ais Fabricant de tissus, voilages, rideaux, nappages, literie et housses de coussins install\u00e9 dans la Loire depuis 1904. Linder le textile &quot;Made in France&quot;\",\"publisher\":{\"@id\":\"https:\/\/www.linder.fr\/#organization\"},\"potentialAction\":[{\"@type\":\"SearchAction\",\"target\":{\"@type\":\"EntryPoint\",\"urlTemplate\":\"https:\/\/www.linder.fr\/?s={search_term_string}\"},\"query-input\":{\"@type\":\"PropertyValueSpecification\",\"valueRequired\":true,\"valueName\":\"search_term_string\"}}],\"inLanguage\":\"en-GB\"},{\"@type\":\"Organization\",\"@id\":\"https:\/\/www.linder.fr\/#organization\",\"name\":\"Linder\",\"url\":\"https:\/\/www.linder.fr\/\",\"logo\":{\"@type\":\"ImageObject\",\"inLanguage\":\"en-GB\",\"@id\":\"https:\/\/www.linder.fr\/#\/schema\/logo\/image\/\",\"url\":\"https:\/\/www.linder.fr\/wp-content\/uploads\/logo-linder.png\",\"contentUrl\":\"https:\/\/www.linder.fr\/wp-content\/uploads\/logo-linder.png\",\"width\":800,\"height\":347,\"caption\":\"Linder\"},\"image\":{\"@id\":\"https:\/\/www.linder.fr\/#\/schema\/logo\/image\/\"}}]}<\/script>\n<!-- \/ Yoast SEO plugin. -->","yoast_head_json":{"title":"Ourdissage &#060; Linder Tisseur Cr\u00e9ateur Fabricant de tissus, voilages, rideaux, literie, nappage, coussins","robots":{"index":"index","follow":"follow","max-snippet":"max-snippet:-1","max-image-preview":"max-image-preview:large","max-video-preview":"max-video-preview:-1"},"canonical":"https:\/\/www.linder.fr\/en\/manufacturers-fabrics\/warping\/","og_locale":"en_GB","og_type":"article","og_title":"Ourdissage &#060; Linder Tisseur Cr\u00e9ateur Fabricant de tissus, voilages, rideaux, literie, nappage, coussins","og_description":"Ourdissage SAINT-MARCEL DE F\u00c9LINES (LOIRE) Sur la cantre, des centaines de bobines se d\u00e9roulent avec une pr\u00e9cision d\u2019orf\u00e8vre pour venir d\u00e9poser les fils les uns \u00e0 c\u00f4t\u00e9 des autres et cr\u00e9er la cha\u00eene qui servira au tissage. D\u00e9couvrir L&rsquo;ourdissage, la premi\u00e8re \u00e9tape avant le tissage Cette op\u00e9ration consiste \u00e0 enrouler les fils qui vont composer [&hellip;]","og_url":"https:\/\/www.linder.fr\/en\/manufacturers-fabrics\/warping\/","og_site_name":"Linder Tisseur Cr\u00e9ateur Fabricant de tissus, voilages, rideaux, literie, nappage, coussins","article_modified_time":"2025-09-02T11:55:05+00:00","og_image":[{"width":800,"height":800,"url":"http:\/\/www.linder.fr\/wp-content\/uploads\/thumbnail-ourdissage.jpg","type":"image\/jpeg"}],"twitter_card":"summary_large_image","twitter_misc":{"Estimated reading time":"1 minute"},"schema":{"@context":"https:\/\/schema.org","@graph":[{"@type":"WebPage","@id":"https:\/\/www.linder.fr\/fabricant-tissus\/ourdissage\/","url":"https:\/\/www.linder.fr\/fabricant-tissus\/ourdissage\/","name":"Ourdissage &#060; Linder Tisseur Cr\u00e9ateur Fabricant de tissus, voilages, rideaux, literie, nappage, coussins","isPartOf":{"@id":"https:\/\/www.linder.fr\/#website"},"primaryImageOfPage":{"@id":"https:\/\/www.linder.fr\/fabricant-tissus\/ourdissage\/#primaryimage"},"image":{"@id":"https:\/\/www.linder.fr\/fabricant-tissus\/ourdissage\/#primaryimage"},"thumbnailUrl":"https:\/\/www.linder.fr\/wp-content\/uploads\/thumbnail-ourdissage.jpg","datePublished":"2021-11-16T08:23:50+00:00","dateModified":"2025-09-02T11:55:05+00:00","breadcrumb":{"@id":"https:\/\/www.linder.fr\/fabricant-tissus\/ourdissage\/#breadcrumb"},"inLanguage":"en-GB","potentialAction":[{"@type":"ReadAction","target":["https:\/\/www.linder.fr\/fabricant-tissus\/ourdissage\/"]}]},{"@type":"ImageObject","inLanguage":"en-GB","@id":"https:\/\/www.linder.fr\/fabricant-tissus\/ourdissage\/#primaryimage","url":"https:\/\/www.linder.fr\/wp-content\/uploads\/thumbnail-ourdissage.jpg","contentUrl":"https:\/\/www.linder.fr\/wp-content\/uploads\/thumbnail-ourdissage.jpg","width":800,"height":800,"caption":"Linder, tisseur cr\u00e9ateur - Fabrication fran\u00e7aise - Ourdissage"},{"@type":"BreadcrumbList","@id":"https:\/\/www.linder.fr\/fabricant-tissus\/ourdissage\/#breadcrumb","itemListElement":[{"@type":"ListItem","position":1,"name":"Linder","item":"https:\/\/www.linder.fr\/"},{"@type":"ListItem","position":2,"name":"Fabricant de tissus","item":"https:\/\/www.linder.fr\/fabricant-tissus\/"},{"@type":"ListItem","position":3,"name":"Ourdissage"}]},{"@type":"WebSite","@id":"https:\/\/www.linder.fr\/#website","url":"https:\/\/www.linder.fr\/","name":"Linder Tisseur Cr\u00e9ateur Fabricant de tissus, voilages, rideaux, literie, nappage, coussins","description":"Linder est un Tisseur Cr\u00e9ateur Fran\u00e7ais Fabricant de tissus, voilages, rideaux, nappages, literie et housses de coussins install\u00e9 dans la Loire depuis 1904. Linder le textile &quot;Made in France&quot;","publisher":{"@id":"https:\/\/www.linder.fr\/#organization"},"potentialAction":[{"@type":"SearchAction","target":{"@type":"EntryPoint","urlTemplate":"https:\/\/www.linder.fr\/?s={search_term_string}"},"query-input":{"@type":"PropertyValueSpecification","valueRequired":true,"valueName":"search_term_string"}}],"inLanguage":"en-GB"},{"@type":"Organization","@id":"https:\/\/www.linder.fr\/#organization","name":"Linder","url":"https:\/\/www.linder.fr\/","logo":{"@type":"ImageObject","inLanguage":"en-GB","@id":"https:\/\/www.linder.fr\/#\/schema\/logo\/image\/","url":"https:\/\/www.linder.fr\/wp-content\/uploads\/logo-linder.png","contentUrl":"https:\/\/www.linder.fr\/wp-content\/uploads\/logo-linder.png","width":800,"height":347,"caption":"Linder"},"image":{"@id":"https:\/\/www.linder.fr\/#\/schema\/logo\/image\/"}}]}},"_links":{"self":[{"href":"https:\/\/www.linder.fr\/en\/wp-json\/wp\/v2\/pages\/30","targetHints":{"allow":["GET"]}}],"collection":[{"href":"https:\/\/www.linder.fr\/en\/wp-json\/wp\/v2\/pages"}],"about":[{"href":"https:\/\/www.linder.fr\/en\/wp-json\/wp\/v2\/types\/page"}],"author":[{"embeddable":true,"href":"https:\/\/www.linder.fr\/en\/wp-json\/wp\/v2\/users\/1"}],"replies":[{"embeddable":true,"href":"https:\/\/www.linder.fr\/en\/wp-json\/wp\/v2\/comments?post=30"}],"version-history":[{"count":67,"href":"https:\/\/www.linder.fr\/en\/wp-json\/wp\/v2\/pages\/30\/revisions"}],"predecessor-version":[{"id":9738,"href":"https:\/\/www.linder.fr\/en\/wp-json\/wp\/v2\/pages\/30\/revisions\/9738"}],"up":[{"embeddable":true,"href":"https:\/\/www.linder.fr\/en\/wp-json\/wp\/v2\/pages\/26"}],"wp:featuredmedia":[{"embeddable":true,"href":"https:\/\/www.linder.fr\/en\/wp-json\/wp\/v2\/media\/187"}],"wp:attachment":[{"href":"https:\/\/www.linder.fr\/en\/wp-json\/wp\/v2\/media?parent=30"}],"curies":[{"name":"wp","href":"https:\/\/api.w.org\/{rel}","templated":true}]}}