{"id":2957,"date":"2021-11-30T17:27:17","date_gmt":"2021-11-30T16:27:17","guid":{"rendered":"http:\/\/www.linder.fr\/?page_id=2957"},"modified":"2021-11-30T17:35:31","modified_gmt":"2021-11-30T16:35:31","slug":"terms-and-conditions","status":"publish","type":"page","link":"https:\/\/www.linder.fr\/en\/conditions-generales-de-vente\/","title":{"rendered":"Conditions g\u00e9n\u00e9rales de vente"},"content":{"rendered":"<div data-elementor-type=\"wp-page\" data-elementor-id=\"2957\" class=\"elementor elementor-2957\" data-elementor-post-type=\"page\">\n\t\t\t\t\t\t<section class=\"elementor-section elementor-top-section elementor-element elementor-element-c9865d7 elementor-section-boxed elementor-section-height-default elementor-section-height-default\" data-id=\"c9865d7\" data-element_type=\"section\">\n\t\t\t\t\t\t<div class=\"elementor-container elementor-column-gap-default\">\n\t\t\t\t\t<div class=\"elementor-column elementor-col-100 elementor-top-column elementor-element elementor-element-b8b75e1\" data-id=\"b8b75e1\" data-element_type=\"column\">\n\t\t\t<div class=\"elementor-widget-wrap elementor-element-populated\">\n\t\t\t\t\t\t<div class=\"elementor-element elementor-element-7c9bf57 elementor-widget elementor-widget-spacer\" data-id=\"7c9bf57\" data-element_type=\"widget\" data-widget_type=\"spacer.default\">\n\t\t\t\t<div class=\"elementor-widget-container\">\n\t\t\t\t\t\t\t<div class=\"elementor-spacer\">\n\t\t\t<div class=\"elementor-spacer-inner\"><\/div>\n\t\t<\/div>\n\t\t\t\t\t\t<\/div>\n\t\t\t\t<\/div>\n\t\t\t\t<div class=\"elementor-element elementor-element-ea1c671 elementor-widget elementor-widget-heading\" data-id=\"ea1c671\" data-element_type=\"widget\" data-widget_type=\"heading.default\">\n\t\t\t\t<div class=\"elementor-widget-container\">\n\t\t\t\t\t<h2 class=\"elementor-heading-title elementor-size-default\">Conditions de vente<\/h2>\t\t\t\t<\/div>\n\t\t\t\t<\/div>\n\t\t\t\t<div class=\"elementor-element elementor-element-7e23de4 elementor-widget elementor-widget-text-editor\" data-id=\"7e23de4\" data-element_type=\"widget\" data-widget_type=\"text-editor.default\">\n\t\t\t\t<div class=\"elementor-widget-container\">\n\t\t\t\t\t\t\t\t\t<p>Les marchandises voyagent aux risques et p\u00e9rils du destinataire. Toute r\u00e9clamation, pour \u00eatre valable, devra \u00eatre faite dans les dix jours de la facture. Nos traites ou acceptations ne sont pas une d\u00e9rogation au lieu de paiement qui est VIOLAY. En cas de diff\u00e9rent, le tribunal de Roanne est le seul comp\u00e9tent. De convention expresse et sauf report accord\u00e9 par nous, le d\u00e9faut de paiement de nos fournitures \u00e0 l\u2019\u00e9ch\u00e9ance fixe entrainera, quelque soit le mode de r\u00e8glement pr\u00e9vu, une intervention contentieuse et l\u2019application \u00e0 titre de dommages-int\u00e9r\u00eats d\u2019une indemnit\u00e9 \u00e9gale \u00e0 15% de la somme impay\u00e9e, outre les frais judiciaires et int\u00e9r\u00eats l\u00e9gaux.<\/p>\t\t\t\t\t\t\t\t<\/div>\n\t\t\t\t<\/div>\n\t\t\t\t<div class=\"elementor-element elementor-element-c29677c elementor-widget elementor-widget-heading\" data-id=\"c29677c\" data-element_type=\"widget\" data-widget_type=\"heading.default\">\n\t\t\t\t<div class=\"elementor-widget-container\">\n\t\t\t\t\t<h2 class=\"elementor-heading-title elementor-size-default\">Conditions g\u00e9n\u00e9rales de r\u00e8glement<\/h2>\t\t\t\t<\/div>\n\t\t\t\t<\/div>\n\t\t\t\t<div class=\"elementor-element elementor-element-0e012bf elementor-widget elementor-widget-text-editor\" data-id=\"0e012bf\" data-element_type=\"widget\" data-widget_type=\"text-editor.default\">\n\t\t\t\t<div class=\"elementor-widget-container\">\n\t\t\t\t\t\t\t\t\t<p>En application de la loi n\u00b092-1442 du 31 d\u00e9cembre 1992 relative aux d\u00e9lais de paiement entre les entreprises, il est pr\u00e9cis\u00e9 que les modalit\u00e9s suivantes seront applicables \u00e0 compter du 1er Juillet 1993.<\/p><p>Le montant \u00e0 r\u00e9gler et la date de paiement sont indiqu\u00e9s sur le recto de chaque facture.<\/p><p>Pas d\u2019escompte pour paiement anticip\u00e9. Nos factures sont payables au comptant, sauf d\u00e9rogation, et sans escompte. Le taux des p\u00e9nalit\u00e9s de retard exigibles le jour suivant la date limite de r\u00e8glement est \u00e9gal au taux d\u2019int\u00e9r\u00eat appliqu\u00e9 par la BCE \u00e0 son op\u00e9ration de refinancement la plus r\u00e9cente, major\u00e9 de 10 points de %. Tout client en retard de paiement est redevable d\u2019une indemnit\u00e9 forfaitaire pour frais de recouvrement de 40 euros.Port : loco usine (port non compris dans les prix)<\/p>\t\t\t\t\t\t\t\t<\/div>\n\t\t\t\t<\/div>\n\t\t\t\t<div class=\"elementor-element elementor-element-01e6395 elementor-widget elementor-widget-heading\" data-id=\"01e6395\" data-element_type=\"widget\" data-widget_type=\"heading.default\">\n\t\t\t\t<div class=\"elementor-widget-container\">\n\t\t\t\t\t<h2 class=\"elementor-heading-title elementor-size-default\">R\u00e9serves de propri\u00e9t\u00e9<\/h2>\t\t\t\t<\/div>\n\t\t\t\t<\/div>\n\t\t\t\t<div class=\"elementor-element elementor-element-d9537d4 elementor-widget elementor-widget-text-editor\" data-id=\"d9537d4\" data-element_type=\"widget\" data-widget_type=\"text-editor.default\">\n\t\t\t\t<div class=\"elementor-widget-container\">\n\t\t\t\t\t\t\t\t\t<p>La marchandise reste notre propri\u00e9t\u00e9 jusqu\u2019au paiement int\u00e9gral du prix.<br \/>Toute commande est assortie de la clause \u00ab R\u00e9serve de propri\u00e9t\u00e9 \u00bb (loi du 12 mai 1980) qui s\u2019exercera quelles que soient les conditions de l\u2019acheteur. Ce dernier s\u2019interdit de supprimer les marques distinctives sur les marchandises en nature dans les stocks et non encore pay\u00e9es.<br \/>LINDER SA. Propri\u00e9taire de marques LINDER, CADIERE D\u2019AZUR, fabriqu\u00e9 SUR TERRE, PLEIN JOUR.<\/p>\t\t\t\t\t\t\t\t<\/div>\n\t\t\t\t<\/div>\n\t\t\t\t\t<\/div>\n\t\t<\/div>\n\t\t\t\t\t<\/div>\n\t\t<\/section>\n\t\t\t\t<\/div>","protected":false},"excerpt":{"rendered":"<p>Conditions de vente Les marchandises voyagent aux risques et p\u00e9rils du destinataire. Toute r\u00e9clamation, pour \u00eatre valable, devra \u00eatre faite dans les dix jours de la facture. Nos traites ou acceptations ne sont pas une d\u00e9rogation au lieu de paiement qui est VIOLAY. En cas de diff\u00e9rent, le tribunal de Roanne est le seul comp\u00e9tent. [&hellip;]<\/p>\n","protected":false},"author":1,"featured_media":167,"parent":0,"menu_order":0,"comment_status":"closed","ping_status":"closed","template":"elementor_header_footer","meta":{"_acf_changed":false,"footnotes":""},"class_list":["post-2957","page","type-page","status-publish","has-post-thumbnail","hentry"],"acf":[],"yoast_head":"<!-- This site is optimized with the Yoast SEO plugin v27.2 - https:\/\/yoast.com\/product\/yoast-seo-wordpress\/ -->\n<title>Conditions g\u00e9n\u00e9rales de vente &#060; Linder Tisseur Cr\u00e9ateur Fabricant de tissus, voilages, rideaux, literie, nappage, coussins<\/title>\n<meta name=\"robots\" content=\"index, follow, max-snippet:-1, max-image-preview:large, max-video-preview:-1\" \/>\n<link rel=\"canonical\" href=\"https:\/\/www.linder.fr\/en\/terms-and-conditions\/\" \/>\n<meta property=\"og:locale\" content=\"en_GB\" \/>\n<meta property=\"og:type\" content=\"article\" \/>\n<meta property=\"og:title\" content=\"Conditions g\u00e9n\u00e9rales de vente &#060; Linder Tisseur Cr\u00e9ateur Fabricant de tissus, voilages, rideaux, literie, nappage, coussins\" \/>\n<meta property=\"og:description\" content=\"Conditions de vente Les marchandises voyagent aux risques et p\u00e9rils du destinataire. Toute r\u00e9clamation, pour \u00eatre valable, devra \u00eatre faite dans les dix jours de la facture. Nos traites ou acceptations ne sont pas une d\u00e9rogation au lieu de paiement qui est VIOLAY. En cas de diff\u00e9rent, le tribunal de Roanne est le seul comp\u00e9tent. [&hellip;]\" \/>\n<meta property=\"og:url\" content=\"https:\/\/www.linder.fr\/en\/terms-and-conditions\/\" \/>\n<meta property=\"og:site_name\" content=\"Linder Tisseur Cr\u00e9ateur Fabricant de tissus, voilages, rideaux, literie, nappage, coussins\" \/>\n<meta property=\"article:modified_time\" content=\"2021-11-30T16:35:31+00:00\" \/>\n<meta property=\"og:image\" content=\"https:\/\/www.linder.fr\/wp-content\/uploads\/thumbnail-accueil.jpg\" \/>\n\t<meta property=\"og:image:width\" content=\"800\" \/>\n\t<meta property=\"og:image:height\" content=\"800\" \/>\n\t<meta property=\"og:image:type\" content=\"image\/jpeg\" \/>\n<meta name=\"twitter:card\" content=\"summary_large_image\" \/>\n<meta name=\"twitter:label1\" content=\"Estimated reading time\" \/>\n\t<meta name=\"twitter:data1\" content=\"2 minutes\" \/>\n<script type=\"application\/ld+json\" class=\"yoast-schema-graph\">{\"@context\":\"https:\/\/schema.org\",\"@graph\":[{\"@type\":\"WebPage\",\"@id\":\"https:\/\/www.linder.fr\/conditions-generales-de-vente\/\",\"url\":\"https:\/\/www.linder.fr\/conditions-generales-de-vente\/\",\"name\":\"Conditions g\u00e9n\u00e9rales de vente &#060; Linder Tisseur Cr\u00e9ateur Fabricant de tissus, voilages, rideaux, literie, nappage, coussins\",\"isPartOf\":{\"@id\":\"https:\/\/www.linder.fr\/#website\"},\"primaryImageOfPage\":{\"@id\":\"https:\/\/www.linder.fr\/conditions-generales-de-vente\/#primaryimage\"},\"image\":{\"@id\":\"https:\/\/www.linder.fr\/conditions-generales-de-vente\/#primaryimage\"},\"thumbnailUrl\":\"https:\/\/www.linder.fr\/wp-content\/uploads\/thumbnail-accueil.jpg\",\"datePublished\":\"2021-11-30T16:27:17+00:00\",\"dateModified\":\"2021-11-30T16:35:31+00:00\",\"breadcrumb\":{\"@id\":\"https:\/\/www.linder.fr\/conditions-generales-de-vente\/#breadcrumb\"},\"inLanguage\":\"en-GB\",\"potentialAction\":[{\"@type\":\"ReadAction\",\"target\":[\"https:\/\/www.linder.fr\/conditions-generales-de-vente\/\"]}]},{\"@type\":\"ImageObject\",\"inLanguage\":\"en-GB\",\"@id\":\"https:\/\/www.linder.fr\/conditions-generales-de-vente\/#primaryimage\",\"url\":\"https:\/\/www.linder.fr\/wp-content\/uploads\/thumbnail-accueil.jpg\",\"contentUrl\":\"https:\/\/www.linder.fr\/wp-content\/uploads\/thumbnail-accueil.jpg\",\"width\":800,\"height\":800,\"caption\":\"Linder - Tisseur Cr\u00e9ateur - Voilages, rideaux, literie, nappage, coussins\"},{\"@type\":\"BreadcrumbList\",\"@id\":\"https:\/\/www.linder.fr\/conditions-generales-de-vente\/#breadcrumb\",\"itemListElement\":[{\"@type\":\"ListItem\",\"position\":1,\"name\":\"Linder\",\"item\":\"https:\/\/www.linder.fr\/\"},{\"@type\":\"ListItem\",\"position\":2,\"name\":\"Conditions g\u00e9n\u00e9rales de vente\"}]},{\"@type\":\"WebSite\",\"@id\":\"https:\/\/www.linder.fr\/#website\",\"url\":\"https:\/\/www.linder.fr\/\",\"name\":\"Linder Tisseur Cr\u00e9ateur Fabricant de tissus, voilages, rideaux, literie, nappage, coussins\",\"description\":\"Linder est un Tisseur Cr\u00e9ateur Fran\u00e7ais Fabricant de tissus, voilages, rideaux, nappages, literie et housses de coussins install\u00e9 dans la Loire depuis 1904. Linder le textile &quot;Made in France&quot;\",\"publisher\":{\"@id\":\"https:\/\/www.linder.fr\/#organization\"},\"potentialAction\":[{\"@type\":\"SearchAction\",\"target\":{\"@type\":\"EntryPoint\",\"urlTemplate\":\"https:\/\/www.linder.fr\/?s={search_term_string}\"},\"query-input\":{\"@type\":\"PropertyValueSpecification\",\"valueRequired\":true,\"valueName\":\"search_term_string\"}}],\"inLanguage\":\"en-GB\"},{\"@type\":\"Organization\",\"@id\":\"https:\/\/www.linder.fr\/#organization\",\"name\":\"Linder\",\"url\":\"https:\/\/www.linder.fr\/\",\"logo\":{\"@type\":\"ImageObject\",\"inLanguage\":\"en-GB\",\"@id\":\"https:\/\/www.linder.fr\/#\/schema\/logo\/image\/\",\"url\":\"https:\/\/www.linder.fr\/wp-content\/uploads\/logo-linder.png\",\"contentUrl\":\"https:\/\/www.linder.fr\/wp-content\/uploads\/logo-linder.png\",\"width\":800,\"height\":347,\"caption\":\"Linder\"},\"image\":{\"@id\":\"https:\/\/www.linder.fr\/#\/schema\/logo\/image\/\"}}]}<\/script>\n<!-- \/ Yoast SEO plugin. -->","yoast_head_json":{"title":"Conditions g\u00e9n\u00e9rales de vente &#060; Linder Tisseur Cr\u00e9ateur Fabricant de tissus, voilages, rideaux, literie, nappage, coussins","robots":{"index":"index","follow":"follow","max-snippet":"max-snippet:-1","max-image-preview":"max-image-preview:large","max-video-preview":"max-video-preview:-1"},"canonical":"https:\/\/www.linder.fr\/en\/terms-and-conditions\/","og_locale":"en_GB","og_type":"article","og_title":"Conditions g\u00e9n\u00e9rales de vente &#060; Linder Tisseur Cr\u00e9ateur Fabricant de tissus, voilages, rideaux, literie, nappage, coussins","og_description":"Conditions de vente Les marchandises voyagent aux risques et p\u00e9rils du destinataire. Toute r\u00e9clamation, pour \u00eatre valable, devra \u00eatre faite dans les dix jours de la facture. Nos traites ou acceptations ne sont pas une d\u00e9rogation au lieu de paiement qui est VIOLAY. En cas de diff\u00e9rent, le tribunal de Roanne est le seul comp\u00e9tent. [&hellip;]","og_url":"https:\/\/www.linder.fr\/en\/terms-and-conditions\/","og_site_name":"Linder Tisseur Cr\u00e9ateur Fabricant de tissus, voilages, rideaux, literie, nappage, coussins","article_modified_time":"2021-11-30T16:35:31+00:00","og_image":[{"width":800,"height":800,"url":"https:\/\/www.linder.fr\/wp-content\/uploads\/thumbnail-accueil.jpg","type":"image\/jpeg"}],"twitter_card":"summary_large_image","twitter_misc":{"Estimated reading time":"2 minutes"},"schema":{"@context":"https:\/\/schema.org","@graph":[{"@type":"WebPage","@id":"https:\/\/www.linder.fr\/conditions-generales-de-vente\/","url":"https:\/\/www.linder.fr\/conditions-generales-de-vente\/","name":"Conditions g\u00e9n\u00e9rales de vente &#060; Linder Tisseur Cr\u00e9ateur Fabricant de tissus, voilages, rideaux, literie, nappage, coussins","isPartOf":{"@id":"https:\/\/www.linder.fr\/#website"},"primaryImageOfPage":{"@id":"https:\/\/www.linder.fr\/conditions-generales-de-vente\/#primaryimage"},"image":{"@id":"https:\/\/www.linder.fr\/conditions-generales-de-vente\/#primaryimage"},"thumbnailUrl":"https:\/\/www.linder.fr\/wp-content\/uploads\/thumbnail-accueil.jpg","datePublished":"2021-11-30T16:27:17+00:00","dateModified":"2021-11-30T16:35:31+00:00","breadcrumb":{"@id":"https:\/\/www.linder.fr\/conditions-generales-de-vente\/#breadcrumb"},"inLanguage":"en-GB","potentialAction":[{"@type":"ReadAction","target":["https:\/\/www.linder.fr\/conditions-generales-de-vente\/"]}]},{"@type":"ImageObject","inLanguage":"en-GB","@id":"https:\/\/www.linder.fr\/conditions-generales-de-vente\/#primaryimage","url":"https:\/\/www.linder.fr\/wp-content\/uploads\/thumbnail-accueil.jpg","contentUrl":"https:\/\/www.linder.fr\/wp-content\/uploads\/thumbnail-accueil.jpg","width":800,"height":800,"caption":"Linder - Tisseur Cr\u00e9ateur - Voilages, rideaux, literie, nappage, coussins"},{"@type":"BreadcrumbList","@id":"https:\/\/www.linder.fr\/conditions-generales-de-vente\/#breadcrumb","itemListElement":[{"@type":"ListItem","position":1,"name":"Linder","item":"https:\/\/www.linder.fr\/"},{"@type":"ListItem","position":2,"name":"Conditions g\u00e9n\u00e9rales de vente"}]},{"@type":"WebSite","@id":"https:\/\/www.linder.fr\/#website","url":"https:\/\/www.linder.fr\/","name":"Linder Tisseur Cr\u00e9ateur Fabricant de tissus, voilages, rideaux, literie, nappage, coussins","description":"Linder est un Tisseur Cr\u00e9ateur Fran\u00e7ais Fabricant de tissus, voilages, rideaux, nappages, literie et housses de coussins install\u00e9 dans la Loire depuis 1904. Linder le textile &quot;Made in France&quot;","publisher":{"@id":"https:\/\/www.linder.fr\/#organization"},"potentialAction":[{"@type":"SearchAction","target":{"@type":"EntryPoint","urlTemplate":"https:\/\/www.linder.fr\/?s={search_term_string}"},"query-input":{"@type":"PropertyValueSpecification","valueRequired":true,"valueName":"search_term_string"}}],"inLanguage":"en-GB"},{"@type":"Organization","@id":"https:\/\/www.linder.fr\/#organization","name":"Linder","url":"https:\/\/www.linder.fr\/","logo":{"@type":"ImageObject","inLanguage":"en-GB","@id":"https:\/\/www.linder.fr\/#\/schema\/logo\/image\/","url":"https:\/\/www.linder.fr\/wp-content\/uploads\/logo-linder.png","contentUrl":"https:\/\/www.linder.fr\/wp-content\/uploads\/logo-linder.png","width":800,"height":347,"caption":"Linder"},"image":{"@id":"https:\/\/www.linder.fr\/#\/schema\/logo\/image\/"}}]}},"_links":{"self":[{"href":"https:\/\/www.linder.fr\/en\/wp-json\/wp\/v2\/pages\/2957","targetHints":{"allow":["GET"]}}],"collection":[{"href":"https:\/\/www.linder.fr\/en\/wp-json\/wp\/v2\/pages"}],"about":[{"href":"https:\/\/www.linder.fr\/en\/wp-json\/wp\/v2\/types\/page"}],"author":[{"embeddable":true,"href":"https:\/\/www.linder.fr\/en\/wp-json\/wp\/v2\/users\/1"}],"replies":[{"embeddable":true,"href":"https:\/\/www.linder.fr\/en\/wp-json\/wp\/v2\/comments?post=2957"}],"version-history":[{"count":10,"href":"https:\/\/www.linder.fr\/en\/wp-json\/wp\/v2\/pages\/2957\/revisions"}],"predecessor-version":[{"id":2977,"href":"https:\/\/www.linder.fr\/en\/wp-json\/wp\/v2\/pages\/2957\/revisions\/2977"}],"wp:featuredmedia":[{"embeddable":true,"href":"https:\/\/www.linder.fr\/en\/wp-json\/wp\/v2\/media\/167"}],"wp:attachment":[{"href":"https:\/\/www.linder.fr\/en\/wp-json\/wp\/v2\/media?parent=2957"}],"curies":[{"name":"wp","href":"https:\/\/api.w.org\/{rel}","templated":true}]}}